{"id":1318,"date":"2014-02-21T09:20:12","date_gmt":"2014-02-21T09:20:12","guid":{"rendered":"http:\/\/www.wertholz.com\/de\/?page_id=1318"},"modified":"2021-08-11T06:43:41","modified_gmt":"2021-08-11T05:43:41","slug":"impressum","status":"publish","type":"page","link":"https:\/\/www.wertholz.com\/de\/impressum\/","title":{"rendered":"Impressum"},"content":{"rendered":"<p>[et_pb_section fb_built=&#8220;1&#8243; fullwidth=&#8220;on&#8220; _builder_version=&#8220;4.9.10&#8243; _module_preset=&#8220;default&#8220;][et_pb_fullwidth_header title=&#8220;IMPRESSUM&#8220; subhead=&#8220;Information gem\u00e4\u00df \u00a75 E-Commerce Gesetz&#8220; admin_label=&#8220;Fullwidth Header&#8220; _builder_version=&#8220;4.9.10&#8243; subhead_font_size=&#8220;20px&#8220; background_color=&#8220;#ffffff&#8220; background_layout=&#8220;light&#8220; max_width_tablet=&#8220;50px&#8220; custom_margin=&#8220;||0px|&#8220; custom_padding=&#8220;||0px|&#8220; hover_enabled=&#8220;0&#8243; button_one_text_size__hover_enabled=&#8220;off&#8220; button_two_text_size__hover_enabled=&#8220;off&#8220; button_one_text_color__hover_enabled=&#8220;off&#8220; button_two_text_color__hover_enabled=&#8220;off&#8220; button_one_border_width__hover_enabled=&#8220;off&#8220; button_two_border_width__hover_enabled=&#8220;off&#8220; button_one_border_color__hover_enabled=&#8220;off&#8220; button_two_border_color__hover_enabled=&#8220;off&#8220; button_one_border_radius__hover_enabled=&#8220;off&#8220; button_two_border_radius__hover_enabled=&#8220;off&#8220; button_one_letter_spacing__hover_enabled=&#8220;off&#8220; button_two_letter_spacing__hover_enabled=&#8220;off&#8220; button_one_bg_color__hover_enabled=&#8220;off&#8220; button_two_bg_color__hover_enabled=&#8220;off&#8220; animation_style=&#8220;zoom&#8220; sticky_enabled=&#8220;0&#8243;][\/et_pb_fullwidth_header][\/et_pb_section][et_pb_section fb_built=&#8220;1&#8243; admin_label=&#8220;section&#8220; _builder_version=&#8220;3.22&#8243;][et_pb_row column_structure=&#8220;3_4,1_4&#8243; admin_label=&#8220;row&#8220; _builder_version=&#8220;4.9.10&#8243; background_size=&#8220;initial&#8220; background_position=&#8220;top_left&#8220; background_repeat=&#8220;repeat&#8220; hover_enabled=&#8220;0&#8243; animation_style=&#8220;zoom&#8220; sticky_enabled=&#8220;0&#8243;][et_pb_column type=&#8220;3_4&#8243; _builder_version=&#8220;3.25&#8243; custom_padding=&#8220;|||&#8220; custom_padding__hover=&#8220;|||&#8220;][et_pb_text _builder_version=&#8220;3.27.4&#8243; background_size=&#8220;initial&#8220; background_position=&#8220;top_left&#8220; background_repeat=&#8220;repeat&#8220; text_orientation=&#8220;justified&#8220; use_border_color=&#8220;off&#8220;]Die Website wertholz.com wird Ihnen zur Verf\u00fcgung gestellt von:<\/p>\n<p><strong>WERTHOLZ Holding GmbH<\/strong><br \/>\nKreuzweg 15<br \/>\n9300 St. Veit an der Glan<br \/>\n\u00d6sterreich<\/p>\n<p><strong>E-Mail:<\/strong> <a title=\"office@wertholz.com\" href=\"mailto:office@wertholz.com\">office@wertholz.com<\/a><br \/>\n<strong>Telefon:<\/strong> +43 4257 4530<br \/>\n<a title=\"www.wertholz.com\" href=\"http:\/\/www.wertholz.com\">www.wertholz.com<\/a><\/p>\n<p><strong>Gesch\u00e4ftsf\u00fchrer:<\/strong> Werner Welz, Michael Welz<br \/>\n<strong>Firmenbuch Nummer:<\/strong> FN 177924 d<br \/>\n<strong>Firmenbuchgericht:<\/strong> Landesgericht Klagenfurt<br \/>\n<strong>UID:<\/strong> ATU60722436<br \/>\n<strong>Kammerzugeh\u00f6rigkeit:<\/strong> Wirtschaftskammer<\/p>\n<p><strong>Web Development:<\/strong> dotparc IT GmbH, <a href=\"http:\/\/www.dotparc.com\">www.dotparc.com<\/a><br \/>\n[\/et_pb_text][\/et_pb_column][et_pb_column type=&#8220;1_4&#8243; _builder_version=&#8220;3.25&#8243; custom_padding=&#8220;|||&#8220; custom_padding__hover=&#8220;|||&#8220;][et_pb_sidebar orientation=&#8220;right&#8220; area=&#8220;et_pb_widget_area_1&#8243; admin_label=&#8220;Sidebar&#8220; _builder_version=&#8220;3.0.74&#8243;][\/et_pb_sidebar][\/et_pb_column][\/et_pb_row][\/et_pb_section]<\/p>\n","protected":false},"excerpt":{"rendered":"<p>Die Website wertholz.com wird Ihnen zur Verf\u00fcgung gestellt von: WERTHOLZ Holding GmbH Kreuzweg 15 9300 St. Veit an der Glan \u00d6sterreich E-Mail: office@wertholz.com Telefon: +43 4257 4530 www.wertholz.com Gesch\u00e4ftsf\u00fchrer: Werner Welz, Michael Welz Firmenbuch Nummer: FN 177924 d Firmenbuchgericht: Landesgericht Klagenfurt UID: ATU60722436 Kammerzugeh\u00f6rigkeit: Wirtschaftskammer Web Development: dotparc IT GmbH, www.dotparc.com<\/p>\n","protected":false},"author":1,"featured_media":0,"parent":0,"menu_order":0,"comment_status":"open","ping_status":"open","template":"","meta":{"_et_pb_use_builder":"on","_et_pb_old_content":"","_et_gb_content_width":"","footnotes":""},"class_list":["post-1318","page","type-page","status-publish","hentry"],"_links":{"self":[{"href":"https:\/\/www.wertholz.com\/de\/wp-json\/wp\/v2\/pages\/1318","targetHints":{"allow":["GET"]}}],"collection":[{"href":"https:\/\/www.wertholz.com\/de\/wp-json\/wp\/v2\/pages"}],"about":[{"href":"https:\/\/www.wertholz.com\/de\/wp-json\/wp\/v2\/types\/page"}],"author":[{"embeddable":true,"href":"https:\/\/www.wertholz.com\/de\/wp-json\/wp\/v2\/users\/1"}],"replies":[{"embeddable":true,"href":"https:\/\/www.wertholz.com\/de\/wp-json\/wp\/v2\/comments?post=1318"}],"version-history":[{"count":16,"href":"https:\/\/www.wertholz.com\/de\/wp-json\/wp\/v2\/pages\/1318\/revisions"}],"predecessor-version":[{"id":3002,"href":"https:\/\/www.wertholz.com\/de\/wp-json\/wp\/v2\/pages\/1318\/revisions\/3002"}],"wp:attachment":[{"href":"https:\/\/www.wertholz.com\/de\/wp-json\/wp\/v2\/media?parent=1318"}],"curies":[{"name":"wp","href":"https:\/\/api.w.org\/{rel}","templated":true}]}}