{"id":1350,"date":"2014-02-24T11:44:53","date_gmt":"2014-02-24T11:44:53","guid":{"rendered":"http:\/\/www.wertholz.com\/de\/?page_id=1350"},"modified":"2021-08-09T13:11:26","modified_gmt":"2021-08-09T12:11:26","slug":"forstbetriebe","status":"publish","type":"page","link":"https:\/\/www.wertholz.com\/de\/forstbetriebe\/","title":{"rendered":"Forstbetriebe"},"content":{"rendered":"<p>[et_pb_section fb_built=&#8220;1&#8243; fullwidth=&#8220;on&#8220; _builder_version=&#8220;3.22&#8243;][et_pb_fullwidth_header title=&#8220;FORSTBETRIEBE&#8220; subhead=&#8220;WH DANUBIUS &#8211; Forstbetriebe in der Slowakei&#8220; text_orientation=&#8220;center&#8220; background_overlay_color=&#8220;rgba(0,0,0,0.2)&#8220; _builder_version=&#8220;4.9.10&#8243; title_font_size=&#8220;48px&#8220; title_line_height=&#8220;1.3em&#8220; subhead_font_size=&#8220;24px&#8220; subhead_line_height=&#8220;1.3em&#8220; background_image=&#8220;https:\/\/www.wertholz.com\/wp-content\/uploads\/2018\/09\/autumn_1600x533.jpg&#8220; background_position=&#8220;bottom_center&#8220; custom_padding=&#8220;150px||150px|&#8220; animation_style=&#8220;zoom&#8220; title_font_size_tablet=&#8220;30px&#8220; title_font_size_phone=&#8220;&#8220; title_font_size_last_edited=&#8220;on|phone&#8220; content_font_size_last_edited=&#8220;off|phone&#8220; subhead_font_size_tablet=&#8220;18px&#8220; subhead_font_size_phone=&#8220;&#8220; subhead_font_size_last_edited=&#8220;on|tablet&#8220; button_one_text_size__hover_enabled=&#8220;off&#8220; button_two_text_size__hover_enabled=&#8220;off&#8220; button_one_text_color__hover_enabled=&#8220;off&#8220; button_two_text_color__hover_enabled=&#8220;off&#8220; button_one_border_width__hover_enabled=&#8220;off&#8220; button_two_border_width__hover_enabled=&#8220;off&#8220; button_one_border_color__hover_enabled=&#8220;off&#8220; button_two_border_color__hover_enabled=&#8220;off&#8220; button_one_border_radius__hover_enabled=&#8220;off&#8220; button_two_border_radius__hover_enabled=&#8220;off&#8220; button_one_letter_spacing__hover_enabled=&#8220;off&#8220; button_two_letter_spacing__hover_enabled=&#8220;off&#8220; button_one_bg_color__hover_enabled=&#8220;off&#8220; button_two_bg_color__hover_enabled=&#8220;off&#8220;][\/et_pb_fullwidth_header][\/et_pb_section][et_pb_section fb_built=&#8220;1&#8243; admin_label=&#8220;section&#8220; _builder_version=&#8220;3.22&#8243;][et_pb_row column_structure=&#8220;1_2,1_2&#8243; admin_label=&#8220;row&#8220; _builder_version=&#8220;4.9.10&#8243; background_size=&#8220;initial&#8220; background_position=&#8220;top_left&#8220; background_repeat=&#8220;repeat&#8220; animation_style=&#8220;zoom&#8220;][et_pb_column type=&#8220;1_2&#8243; _builder_version=&#8220;3.25&#8243; custom_padding=&#8220;|||&#8220; custom_padding__hover=&#8220;|||&#8220;][et_pb_text _builder_version=&#8220;3.27.4&#8243; background_size=&#8220;initial&#8220; background_position=&#8220;top_left&#8220; background_repeat=&#8220;repeat&#8220; module_alignment=&#8220;left&#8220; use_border_color=&#8220;off&#8220; border_color=&#8220;#ffffff&#8220; border_style=&#8220;solid&#8220;]<\/p>\n<h2>WH Danubius &#8211; Forstbetriebe in der Slowakei<\/h2>\n<p>[\/et_pb_text][et_pb_text _builder_version=&#8220;3.27.4&#8243; background_size=&#8220;initial&#8220; background_position=&#8220;top_left&#8220; background_repeat=&#8220;repeat&#8220; text_orientation=&#8220;justified&#8220; module_alignment=&#8220;left&#8220; use_border_color=&#8220;off&#8220;]Die slowakische Tochterfirma der WERTHOLZ Gruppe, die WH DANUBIUS, s.r.o., mit dem Firmensitz in Kl\u00e1\u0161tor pod Znievom, bewirtschaftet in der Slowakei rd. 1.800 ha Eigenforst, aufgeteilt auf 3 Betriebe. Mit einem Jahreseinschlag von rd. 15.000 Festmeter, in allen drei Betrieben, werden Abnehmer sowohl in der Slowakei als auch in \u00d6sterreich und Deutschland beliefert. <\/p>\n<p>Mit dem Ziel einer nachhaltigen Forstwirtschaft wurde in den letzten Jahren in allen Betrieben vor allem in den Ausbau der Infrastruktur investiert. Insgesamt wurden dabei rd. 60 km Forstwege und einige Waldlagerpl\u00e4tze zur Holzmanipulation errichtet. Dies erm\u00f6glicht eine effiziente und moderne Bewirtschaftung zur langfristigen Sicherung der Forstbetriebe sowohl \u00f6kologisch als auch \u00f6konomisch.<br \/>\n[\/et_pb_text][\/et_pb_column][et_pb_column type=&#8220;1_2&#8243; _builder_version=&#8220;3.25&#8243; custom_padding=&#8220;|||&#8220; custom_padding__hover=&#8220;|||&#8220;][et_pb_image src=&#8220;https:\/\/www.wertholz.com\/wp-content\/uploads\/2018\/09\/wh_danubius_logo_1024x484.jpg&#8220; align=&#8220;center&#8220; align_tablet=&#8220;center&#8220; align_phone=&#8220;&#8220; align_last_edited=&#8220;on|desktop&#8220; _builder_version=&#8220;4.9.10&#8243; max_width=&#8220;66%&#8220; module_alignment=&#8220;center&#8220; custom_margin=&#8220;100px|||&#8220; animation_style=&#8220;zoom&#8220;][\/et_pb_image][\/et_pb_column][\/et_pb_row][\/et_pb_section][et_pb_section fb_built=&#8220;1&#8243; _builder_version=&#8220;3.22&#8243; custom_margin=&#8220;0px|0px|0px|0px&#8220; custom_padding=&#8220;0px|0px|0px|0px&#8220;][et_pb_row use_custom_gutter=&#8220;on&#8220; gutter_width=&#8220;1&#8243; admin_label=&#8220;row&#8220; module_class=&#8220; et_pb_row_fullwidth&#8220; _builder_version=&#8220;4.9.10&#8243; background_size=&#8220;initial&#8220; background_position=&#8220;top_left&#8220; background_repeat=&#8220;repeat&#8220; width=&#8220;100%&#8220; width_tablet=&#8220;100%&#8220; width_phone=&#8220;&#8220; width_last_edited=&#8220;on|desktop&#8220; max_width=&#8220;100%&#8220; max_width_tablet=&#8220;100%&#8220; max_width_phone=&#8220;&#8220; max_width_last_edited=&#8220;on|desktop&#8220; custom_margin=&#8220;0px|0px|0px|0px&#8220; custom_padding=&#8220;0px|0px|0px|0px&#8220; animation_style=&#8220;zoom&#8220; make_fullwidth=&#8220;on&#8220;][et_pb_column type=&#8220;4_4&#8243; _builder_version=&#8220;3.25&#8243; custom_padding=&#8220;0px|0px|0px|0px&#8220; custom_padding__hover=&#8220;|||&#8220;][et_pb_map address=&#8220;Kl\u00e1\u0161tor pod Znievom, Slovakia&#8220; zoom_level=&#8220;5&#8243; address_lat=&#8220;48.97278689999999&#8243; address_lng=&#8220;18.804906699999947&#8243; mouse_wheel=&#8220;off&#8220; admin_label=&#8220;Map&#8220; _builder_version=&#8220;3.13.1&#8243; child_filter_saturate=&#8220;0%&#8220;][et_pb_map_pin title=&#8220;Leles&#8220; pin_address=&#8220;076 84 Leles, Slowakei&#8220; pin_address_lat=&#8220;48.46713339999999&#8243; pin_address_lng=&#8220;22.025438200000053&#8243; _builder_version=&#8220;3.0.47&#8243;]Der Forstbetrieb Leles liegt nahe der ukrainischen und ungarischen Grenze bei Kr\u00e1\u013eovsk\u00fd Chlmec auf einer Seeh\u00f6he von ca. 100 m. Die rd. 800 ha Waldfl\u00e4chen befinden sich teils in der Au der Latorica, teils auf sandigen D\u00fcnen, teils auf flachen H\u00fcgeln auf lehmigem Sand. Der Wald ist ein Auwald mit unterschiedlichen Baumarten, vor allem Eiche, Akazie, Esche, Buche und Pappel.<br \/>\n[\/et_pb_map_pin][et_pb_map_pin title=&#8220;Gemersk\u00e1 Ves&#8220; pin_address=&#8220;982 62 Gemersk\u00e1 Ves, Slowakei&#8220; pin_address_lat=&#8220;48.47756400000001&#8243; pin_address_lng=&#8220;20.272793699999966&#8243; _builder_version=&#8220;3.0.47&#8243;]In Gemersk\u00e1 Ves ist ein Forstbetrieb mit rd. 550 ha. Zum Betrieb geh\u00f6ren auch weitere rd. 250 ha landwirtschaftliche Fl\u00e4chen. Gemersk\u00e1 Ves liegt zwischen Rimavsk\u00e1 Sobota und Ro\u017e\u0148ava auf flachen H\u00fcgeln mit Lehmboden und einer Seeh\u00f6he von 197 m bis 303 m. Der rd. 550 ha gro\u00dfe Forstbetrieb hat Eiche als nat\u00fcrliche Hauptbaumart.<br \/>\n[\/et_pb_map_pin][et_pb_map_pin title=&#8220;Kr\u00e1\u013eova Lehota&#8220; pin_address=&#8220;Kr\u00e1\u013eova Lehota, Slowakei&#8220; pin_address_lat=&#8220;49.0214866&#8243; pin_address_lng=&#8220;19.793980799999986&#8243; _builder_version=&#8220;3.0.47&#8243;]Der Betrieb Kr\u00e1\u013eova Lehota liegt rd. 45 km \u00f6stlich von Ru\u017eomberok in der Niederen Tatra auf einer Seeh\u00f6he von 720 m bis 1.150 m. Hauptbaumarten sind Fichte und Kiefer. Mit einer Fl\u00e4che von 99 ha ist er der kleinste Betrieb der WH Danubius in der Slowakei.<br \/>\n[\/et_pb_map_pin][\/et_pb_map][\/et_pb_column][\/et_pb_row][\/et_pb_section][et_pb_section fb_built=&#8220;1&#8243; _builder_version=&#8220;3.22&#8243;][et_pb_row column_structure=&#8220;1_2,1_2&#8243; admin_label=&#8220;row&#8220; _builder_version=&#8220;4.9.10&#8243; background_size=&#8220;initial&#8220; background_position=&#8220;top_left&#8220; background_repeat=&#8220;repeat&#8220; hover_enabled=&#8220;0&#8243; sticky_enabled=&#8220;0&#8243;][et_pb_column type=&#8220;1_2&#8243; _builder_version=&#8220;3.25&#8243; custom_padding=&#8220;|||&#8220; custom_padding__hover=&#8220;|||&#8220;][et_pb_text _builder_version=&#8220;4.9.10&#8243; background_size=&#8220;initial&#8220; background_position=&#8220;top_left&#8220; background_repeat=&#8220;repeat&#8220; text_orientation=&#8220;justified&#8220; module_alignment=&#8220;justified&#8220; hover_enabled=&#8220;0&#8243; use_border_color=&#8220;off&#8220; border_color=&#8220;#ffffff&#8220; border_style=&#8220;solid&#8220; animation_style=&#8220;zoom&#8220; sticky_enabled=&#8220;0&#8243;]<\/p>\n<h3>Leles<\/h3>\n<p>Der Forstbetrieb Leles liegt nahe der ukrainischen und ungarischen Grenze bei Kr\u00e1\u013eovsk\u00fd Chlmec auf einer Seeh\u00f6he von ca. 100 m. Die rd. 800 ha Waldfl\u00e4chen befinden sich teils in der Au der Latorica, teils auf sandigen D\u00fcnen, teils auf flachen H\u00fcgeln auf lehmigem Sand. Der Wald ist ein Auwald mit unterschiedlichen Baumarten, vor allem Eiche, Akazie, Esche, Buche und Pappel. Zum Betrieb geh\u00f6ren auch weitere rd. 1.300 ha landwirtschaftliche Fl\u00e4chen, die mit eigenem Personal bewirtschaftet werden.<br \/>\n[\/et_pb_text][\/et_pb_column][et_pb_column type=&#8220;1_2&#8243; _builder_version=&#8220;3.25&#8243; custom_padding=&#8220;|||&#8220; custom_padding__hover=&#8220;|||&#8220;][et_pb_counters bar_bg_color=&#8220;#45ba01&#8243; admin_label=&#8220;Animated Counters&#8220; _builder_version=&#8220;3.0.87&#8243; background_color=&#8220;#dddddd&#8220; custom_padding=&#8220;|||&#8220; custom_padding_tablet=&#8220;|||&#8220; custom_padding_phone=&#8220;|||&#8220; custom_padding_last_edited=&#8220;off|desktop&#8220;][et_pb_counter percent=&#8220;47&#8243; _builder_version=&#8220;3.0.47&#8243; background_color_default=&#8220;#dddddd&#8220; background_enable_color_default=&#8220;on&#8220; parallax_default=&#8220;off&#8220; parallax_method_default=&#8220;on&#8220; bar_background_color_default=&#8220;#45ba01&#8243; use_percentages=&#8220;on&#8220; allow_player_pause_default=&#8220;off&#8220;]Eiche[\/et_pb_counter][et_pb_counter percent=&#8220;35&#8243; _builder_version=&#8220;3.0.47&#8243; background_color_default=&#8220;#dddddd&#8220; background_enable_color_default=&#8220;on&#8220; parallax_default=&#8220;off&#8220; parallax_method_default=&#8220;on&#8220; bar_background_color_default=&#8220;#45ba01&#8243; use_percentages=&#8220;on&#8220; allow_player_pause_default=&#8220;off&#8220;]Esche[\/et_pb_counter][et_pb_counter percent=&#8220;10&#8243; _builder_version=&#8220;3.0.47&#8243; background_color_default=&#8220;#dddddd&#8220; background_enable_color_default=&#8220;on&#8220; parallax_default=&#8220;off&#8220; parallax_method_default=&#8220;on&#8220; bar_background_color_default=&#8220;#45ba01&#8243; use_percentages=&#8220;on&#8220; allow_player_pause_default=&#8220;off&#8220;]Akazie[\/et_pb_counter][et_pb_counter percent=&#8220;5&#8243; _builder_version=&#8220;3.0.47&#8243; background_color_default=&#8220;#dddddd&#8220; background_enable_color_default=&#8220;on&#8220; parallax_default=&#8220;off&#8220; parallax_method_default=&#8220;on&#8220; bar_background_color_default=&#8220;#45ba01&#8243; use_percentages=&#8220;on&#8220; allow_player_pause_default=&#8220;off&#8220;]Buche[\/et_pb_counter][et_pb_counter percent=&#8220;3&#8243; _builder_version=&#8220;3.0.47&#8243; background_color_default=&#8220;#dddddd&#8220; background_enable_color_default=&#8220;on&#8220; parallax_default=&#8220;off&#8220; parallax_method_default=&#8220;on&#8220; bar_background_color_default=&#8220;#45ba01&#8243; use_percentages=&#8220;on&#8220; allow_player_pause_default=&#8220;off&#8220;]Pappel[\/et_pb_counter][\/et_pb_counters][\/et_pb_column][\/et_pb_row][et_pb_row column_structure=&#8220;1_2,1_2&#8243; admin_label=&#8220;row&#8220; _builder_version=&#8220;4.9.10&#8243; background_size=&#8220;initial&#8220; background_position=&#8220;top_left&#8220; background_repeat=&#8220;repeat&#8220; hover_enabled=&#8220;0&#8243; sticky_enabled=&#8220;0&#8243;][et_pb_column type=&#8220;1_2&#8243; _builder_version=&#8220;3.25&#8243; custom_padding=&#8220;|||&#8220; custom_padding__hover=&#8220;|||&#8220;][et_pb_text _builder_version=&#8220;4.9.10&#8243; background_size=&#8220;initial&#8220; background_position=&#8220;top_left&#8220; background_repeat=&#8220;repeat&#8220; text_orientation=&#8220;justified&#8220; module_alignment=&#8220;justified&#8220; hover_enabled=&#8220;0&#8243; use_border_color=&#8220;off&#8220; border_color=&#8220;#ffffff&#8220; border_style=&#8220;solid&#8220; animation_style=&#8220;zoom&#8220; sticky_enabled=&#8220;0&#8243;]<\/p>\n<h3>Gemersk\u00e1 Ves<\/h3>\n<p>In Gemersk\u00e1 Ves ist ein Forstbetrieb mit rd. 550 ha. Zum Betrieb geh\u00f6ren auch weitere rd. 250 ha landwirtschaftliche Fl\u00e4chen. Gemersk\u00e1 Ves liegt zwischen Rimavsk\u00e1 Sobota und Ro\u017e\u0148ava auf flachen H\u00fcgeln mit Lehmboden und einer Seeh\u00f6he von 197 m bis 303 m. Der rd. 550 ha gro\u00dfe Forstbetrieb hat Eiche als nat\u00fcrliche Hauptbaumart. Im Jahr 2013 wurde der Forststra\u00dfenbau abgeschlossen und damit wurde auch dieser Betrieb mit Forstwegen erschlossen.<br \/>\n[\/et_pb_text][\/et_pb_column][et_pb_column type=&#8220;1_2&#8243; _builder_version=&#8220;3.25&#8243; custom_padding=&#8220;|||&#8220; custom_padding__hover=&#8220;|||&#8220;][et_pb_counters bar_bg_color=&#8220;#45ba01&#8243; admin_label=&#8220;Animated Counters&#8220; _builder_version=&#8220;3.0.87&#8243; background_color=&#8220;#dddddd&#8220; custom_padding=&#8220;|||&#8220; custom_padding_tablet=&#8220;|||&#8220; custom_padding_phone=&#8220;|||&#8220; custom_padding_last_edited=&#8220;off|desktop&#8220;][et_pb_counter percent=&#8220;67&#8243; _builder_version=&#8220;3.0.47&#8243; background_color_default=&#8220;#dddddd&#8220; background_enable_color_default=&#8220;on&#8220; parallax_default=&#8220;off&#8220; parallax_method_default=&#8220;on&#8220; bar_background_color_default=&#8220;#45ba01&#8243; use_percentages=&#8220;on&#8220; allow_player_pause_default=&#8220;off&#8220;]Eiche[\/et_pb_counter][et_pb_counter percent=&#8220;24&#8243; _builder_version=&#8220;3.0.47&#8243; background_color_default=&#8220;#dddddd&#8220; background_enable_color_default=&#8220;on&#8220; parallax_default=&#8220;off&#8220; parallax_method_default=&#8220;on&#8220; bar_background_color_default=&#8220;#45ba01&#8243; use_percentages=&#8220;on&#8220; allow_player_pause_default=&#8220;off&#8220;]Buche[\/et_pb_counter][et_pb_counter percent=&#8220;9&#8243; _builder_version=&#8220;3.0.47&#8243; background_color_default=&#8220;#dddddd&#8220; background_enable_color_default=&#8220;on&#8220; parallax_default=&#8220;off&#8220; parallax_method_default=&#8220;on&#8220; bar_background_color_default=&#8220;#45ba01&#8243; use_percentages=&#8220;on&#8220; allow_player_pause_default=&#8220;off&#8220;]Kiefer[\/et_pb_counter][\/et_pb_counters][\/et_pb_column][\/et_pb_row][et_pb_row column_structure=&#8220;1_2,1_2&#8243; admin_label=&#8220;row&#8220; _builder_version=&#8220;4.9.10&#8243; background_size=&#8220;initial&#8220; background_position=&#8220;top_left&#8220; background_repeat=&#8220;repeat&#8220; hover_enabled=&#8220;0&#8243; sticky_enabled=&#8220;0&#8243;][et_pb_column type=&#8220;1_2&#8243; _builder_version=&#8220;3.25&#8243; custom_padding=&#8220;|||&#8220; custom_padding__hover=&#8220;|||&#8220;][et_pb_text _builder_version=&#8220;4.9.10&#8243; background_size=&#8220;initial&#8220; background_position=&#8220;top_left&#8220; background_repeat=&#8220;repeat&#8220; text_orientation=&#8220;justified&#8220; module_alignment=&#8220;justified&#8220; hover_enabled=&#8220;0&#8243; use_border_color=&#8220;off&#8220; border_color=&#8220;#ffffff&#8220; border_style=&#8220;solid&#8220; animation_style=&#8220;zoom&#8220; sticky_enabled=&#8220;0&#8243;]<\/p>\n<h3>Kr\u00e1\u013eova Lehota<\/h3>\n<p>Der Betrieb Kr\u00e1\u013eova Lehota liegt rd. 45 km \u00f6stlich von Ru\u017eomberok in der Niederen Tatra auf einer Seeh\u00f6he von 720 m bis 1.150 m. Hauptbaumarten sind Fichte und Kiefer. Mit einer Fl\u00e4che von 99 ha ist er der kleinste Betrieb der WH Danubius in der Slowakei. Trotzdem wurde im Zuge der Neuinvestitionen der gesamte Betrieb mit Forststra\u00dfen aufgeschlossen.<br \/>\n[\/et_pb_text][\/et_pb_column][et_pb_column type=&#8220;1_2&#8243; _builder_version=&#8220;3.25&#8243; custom_padding=&#8220;|||&#8220; custom_padding__hover=&#8220;|||&#8220;][et_pb_counters bar_bg_color=&#8220;#45ba01&#8243; admin_label=&#8220;Animated Counters&#8220; _builder_version=&#8220;3.0.87&#8243; background_color=&#8220;#dddddd&#8220; custom_padding=&#8220;|||&#8220; custom_padding_tablet=&#8220;|||&#8220; custom_padding_phone=&#8220;|||&#8220; custom_padding_last_edited=&#8220;off|desktop&#8220;][et_pb_counter percent=&#8220;63&#8243; _builder_version=&#8220;3.0.47&#8243; background_color_default=&#8220;#dddddd&#8220; background_enable_color_default=&#8220;on&#8220; parallax_default=&#8220;off&#8220; parallax_method_default=&#8220;on&#8220; bar_background_color_default=&#8220;#45ba01&#8243; use_percentages=&#8220;on&#8220; allow_player_pause_default=&#8220;off&#8220;]Fichte[\/et_pb_counter][et_pb_counter percent=&#8220;31&#8243; _builder_version=&#8220;3.0.47&#8243; background_color_default=&#8220;#dddddd&#8220; background_enable_color_default=&#8220;on&#8220; parallax_default=&#8220;off&#8220; parallax_method_default=&#8220;on&#8220; bar_background_color_default=&#8220;#45ba01&#8243; use_percentages=&#8220;on&#8220; allow_player_pause_default=&#8220;off&#8220;]Kiefer[\/et_pb_counter][et_pb_counter percent=&#8220;6&#8243; _builder_version=&#8220;3.0.47&#8243; background_color_default=&#8220;#dddddd&#8220; background_enable_color_default=&#8220;on&#8220; parallax_default=&#8220;off&#8220; parallax_method_default=&#8220;on&#8220; bar_background_color_default=&#8220;#45ba01&#8243; use_percentages=&#8220;on&#8220; allow_player_pause_default=&#8220;off&#8220;]Buche[\/et_pb_counter][\/et_pb_counters][\/et_pb_column][\/et_pb_row][et_pb_row column_structure=&#8220;1_2,1_2&#8243; admin_label=&#8220;row&#8220; _builder_version=&#8220;4.9.10&#8243; background_size=&#8220;initial&#8220; background_position=&#8220;top_left&#8220; background_repeat=&#8220;repeat&#8220; animation_style=&#8220;zoom&#8220;][et_pb_column type=&#8220;1_2&#8243; _builder_version=&#8220;3.25&#8243; custom_padding=&#8220;|||&#8220; custom_padding__hover=&#8220;|||&#8220;][et_pb_image src=&#8220;https:\/\/www.wertholz.com\/wp-content\/uploads\/2014\/02\/maximilianwagner1.jpg&#8220; align_tablet=&#8220;center&#8220; align_phone=&#8220;&#8220; align_last_edited=&#8220;on|desktop&#8220; admin_label=&#8220;Image&#8220; _builder_version=&#8220;4.9.10&#8243; animation_style=&#8220;zoom&#8220;][\/et_pb_image][\/et_pb_column][et_pb_column type=&#8220;1_2&#8243; _builder_version=&#8220;3.25&#8243; custom_padding=&#8220;|||&#8220; custom_padding__hover=&#8220;|||&#8220;][et_pb_image src=&#8220;https:\/\/www.wertholz.com\/wp-content\/uploads\/2014\/02\/Mitarbeiter.jpg&#8220; align_tablet=&#8220;center&#8220; align_phone=&#8220;&#8220; align_last_edited=&#8220;on|desktop&#8220; _builder_version=&#8220;4.9.10&#8243; animation_style=&#8220;zoom&#8220;][\/et_pb_image][et_pb_testimonial author=&#8220;Maximilian Wagner &#8211; Betriebsleiter Leles&#8220; _builder_version=&#8220;3.2&#8243; background_size=&#8220;initial&#8220; background_position=&#8220;top_left&#8220; background_repeat=&#8220;repeat&#8220; text_orientation=&#8220;justified&#8220; border_style=&#8220;solid&#8220;]\u201cMotivierte und gut ausgebildete Mitarbeiter, sowie die Sicherung und Ausbildung der zuk\u00fcnftigen jungen Generation, ist unser Fundament in den forst- und landwirtschaftlichen Betrieben. Mit unserem modernen Maschinenpark erhalten wir gute Einsatzsicherheit in allen Arbeitsma\u00dfnahmen und hohe Schlagkraft, was eine termingerechte Bewirtschaftung erreicht.\u201d<br \/>\n[\/et_pb_testimonial][\/et_pb_column][\/et_pb_row][\/et_pb_section]<\/p>\n","protected":false},"excerpt":{"rendered":"<p>WH Danubius &#8211; Forstbetriebe in der Slowakei Die slowakische Tochterfirma der WERTHOLZ Gruppe, die WH DANUBIUS, s.r.o., mit dem Firmensitz in Kl\u00e1\u0161tor pod Znievom, bewirtschaftet in der Slowakei rd. 1.800 ha Eigenforst, aufgeteilt auf 3 Betriebe. Mit einem Jahreseinschlag von rd. 15.000 Festmeter, in allen drei Betrieben, werden Abnehmer sowohl in der Slowakei als auch [&hellip;]<\/p>\n","protected":false},"author":1,"featured_media":0,"parent":0,"menu_order":0,"comment_status":"open","ping_status":"open","template":"","meta":{"_et_pb_use_builder":"on","_et_pb_old_content":"","_et_gb_content_width":"","footnotes":""},"class_list":["post-1350","page","type-page","status-publish","hentry"],"_links":{"self":[{"href":"https:\/\/www.wertholz.com\/de\/wp-json\/wp\/v2\/pages\/1350","targetHints":{"allow":["GET"]}}],"collection":[{"href":"https:\/\/www.wertholz.com\/de\/wp-json\/wp\/v2\/pages"}],"about":[{"href":"https:\/\/www.wertholz.com\/de\/wp-json\/wp\/v2\/types\/page"}],"author":[{"embeddable":true,"href":"https:\/\/www.wertholz.com\/de\/wp-json\/wp\/v2\/users\/1"}],"replies":[{"embeddable":true,"href":"https:\/\/www.wertholz.com\/de\/wp-json\/wp\/v2\/comments?post=1350"}],"version-history":[{"count":49,"href":"https:\/\/www.wertholz.com\/de\/wp-json\/wp\/v2\/pages\/1350\/revisions"}],"predecessor-version":[{"id":2940,"href":"https:\/\/www.wertholz.com\/de\/wp-json\/wp\/v2\/pages\/1350\/revisions\/2940"}],"wp:attachment":[{"href":"https:\/\/www.wertholz.com\/de\/wp-json\/wp\/v2\/media?parent=1350"}],"curies":[{"name":"wp","href":"https:\/\/api.w.org\/{rel}","templated":true}]}}