{"id":1352,"date":"2014-02-24T11:45:29","date_gmt":"2014-02-24T11:45:29","guid":{"rendered":"http:\/\/www.wertholz.com\/de\/?page_id=1352"},"modified":"2023-07-29T15:21:09","modified_gmt":"2023-07-29T14:21:09","slug":"landwirtschaften","status":"publish","type":"page","link":"https:\/\/www.wertholz.com\/de\/landwirtschaften\/","title":{"rendered":"Landwirtschaften"},"content":{"rendered":"<p>[et_pb_section fb_built=&#8220;1&#8243; fullwidth=&#8220;on&#8220; _builder_version=&#8220;4.15&#8243; global_colors_info=&#8220;{}&#8220;][et_pb_fullwidth_header title=&#8220;LAND\u00adWIRTSCHAFTEN&#8220; subhead=&#8220;WH DANUBIUS &#8211; Landwirtschaften in der Slowakei&#8220; text_orientation=&#8220;center&#8220; background_overlay_color=&#8220;rgba(0,0,0,0.2)&#8220; _builder_version=&#8220;4.15&#8243; title_font_size=&#8220;48px&#8220; title_line_height=&#8220;1.3em&#8220; subhead_font_size=&#8220;24px&#8220; subhead_line_height=&#8220;1.3em&#8220; background_image=&#8220;https:\/\/www.wertholz.com\/wp-content\/uploads\/2018\/09\/agriculture_1600x1067.jpg&#8220; custom_padding=&#8220;150px||150px|&#8220; animation_style=&#8220;zoom&#8220; title_font_size_tablet=&#8220;30px&#8220; title_font_size_phone=&#8220;&#8220; title_font_size_last_edited=&#8220;on|phone&#8220; content_font_size_last_edited=&#8220;off|phone&#8220; subhead_font_size_tablet=&#8220;18px&#8220; subhead_font_size_phone=&#8220;&#8220; subhead_font_size_last_edited=&#8220;on|tablet&#8220; global_colors_info=&#8220;{}&#8220; button_one_text_size__hover_enabled=&#8220;off&#8220; button_two_text_size__hover_enabled=&#8220;off&#8220; button_one_text_color__hover_enabled=&#8220;off&#8220; button_two_text_color__hover_enabled=&#8220;off&#8220; button_one_border_width__hover_enabled=&#8220;off&#8220; button_two_border_width__hover_enabled=&#8220;off&#8220; button_one_border_color__hover_enabled=&#8220;off&#8220; button_two_border_color__hover_enabled=&#8220;off&#8220; button_one_border_radius__hover_enabled=&#8220;off&#8220; button_two_border_radius__hover_enabled=&#8220;off&#8220; button_one_letter_spacing__hover_enabled=&#8220;off&#8220; button_two_letter_spacing__hover_enabled=&#8220;off&#8220; button_one_bg_color__hover_enabled=&#8220;off&#8220; button_two_bg_color__hover_enabled=&#8220;off&#8220;][\/et_pb_fullwidth_header][\/et_pb_section][et_pb_section fb_built=&#8220;1&#8243; admin_label=&#8220;section&#8220; _builder_version=&#8220;4.15&#8243; global_colors_info=&#8220;{}&#8220;][et_pb_row column_structure=&#8220;1_2,1_2&#8243; admin_label=&#8220;row&#8220; _builder_version=&#8220;4.15&#8243; background_size=&#8220;initial&#8220; background_position=&#8220;top_left&#8220; background_repeat=&#8220;repeat&#8220; animation_style=&#8220;zoom&#8220; global_colors_info=&#8220;{}&#8220;][et_pb_column type=&#8220;1_2&#8243; _builder_version=&#8220;4.15&#8243; custom_padding=&#8220;|||&#8220; global_colors_info=&#8220;{}&#8220; custom_padding__hover=&#8220;|||&#8220;][et_pb_text _builder_version=&#8220;4.15&#8243; background_size=&#8220;initial&#8220; background_position=&#8220;top_left&#8220; background_repeat=&#8220;repeat&#8220; module_alignment=&#8220;left&#8220; use_border_color=&#8220;off&#8220; border_color=&#8220;#ffffff&#8220; border_style=&#8220;solid&#8220; global_colors_info=&#8220;{}&#8220;]<\/p>\n<h2>WH Danubius &#8211; Landwirtschaften in der Slowakei<\/h2>\n<p>[\/et_pb_text][et_pb_text _builder_version=&#8220;4.15&#8243; background_size=&#8220;initial&#8220; background_position=&#8220;top_left&#8220; background_repeat=&#8220;repeat&#8220; text_orientation=&#8220;justified&#8220; module_alignment=&#8220;left&#8220; use_border_color=&#8220;off&#8220; global_colors_info=&#8220;{}&#8220;]Die slowakische Tochterfirma der WERTHOLZ Gruppe, die WH DANUBIUS, s.r.o., mit dem Firmensitz in Kl\u00e1\u0161tor pod Znievom, bewirtschaftet in der Slowakei rd. 1.300 ha landwirtschaftliche Fl\u00e4chen. Seit dem Jahr 2006 werden die Fl\u00e4chen im Eigenbesitz selbst angebaut und in dieser Zeit ist es auch gelungen, sich mit \u00e4u\u00dferst leistungsf\u00e4higer Technik f\u00fcr die Bodenbearbeitung und das S\u00e4en auszur\u00fcsten. Die Firma WH DANUBIUS besch\u00e4ftigt sich ausschlie\u00dflich mit pflanzlicher Produktion nach den Kriterien der guten fachlichen Praxis.[\/et_pb_text][et_pb_image src=&#8220;https:\/\/www.wertholz.com\/wp-content\/uploads\/2018\/09\/wh_danubius_logo_1024x484.jpg&#8220; align=&#8220;center&#8220; align_tablet=&#8220;center&#8220; align_phone=&#8220;&#8220; align_last_edited=&#8220;on|desktop&#8220; _builder_version=&#8220;4.15&#8243; max_width=&#8220;50%&#8220; module_alignment=&#8220;center&#8220; animation_style=&#8220;zoom&#8220; global_colors_info=&#8220;{}&#8220;][\/et_pb_image][et_pb_text _builder_version=&#8220;4.15&#8243; background_size=&#8220;initial&#8220; background_position=&#8220;top_left&#8220; background_repeat=&#8220;repeat&#8220; text_orientation=&#8220;justified&#8220; module_alignment=&#8220;left&#8220; use_border_color=&#8220;off&#8220; global_colors_info=&#8220;{}&#8220;]Ziel der landwirtschaftlichen Produktion sind qualitativ hochwertige Marktfr\u00fcchte, der Weizen und der Roggen besitzen bereits Lebensmittelqualit\u00e4t. Der gr\u00f6\u00dfte Teil der Ernte wird an slowakische M\u00fchlen geliefert, welche WH DANUBIUS als einen langfristigen und zuverl\u00e4ssigen Partner sch\u00e4tzen.<br \/>\n[\/et_pb_text][\/et_pb_column][et_pb_column type=&#8220;1_2&#8243; _builder_version=&#8220;4.15&#8243; custom_padding=&#8220;|||&#8220; global_colors_info=&#8220;{}&#8220; custom_padding__hover=&#8220;|||&#8220;][et_pb_divider show_divider=&#8220;off&#8220; disabled_on=&#8220;on|on|off&#8220; _builder_version=&#8220;4.15&#8243; height=&#8220;50px&#8220; global_colors_info=&#8220;{}&#8220;][\/et_pb_divider][et_pb_image src=&#8220;https:\/\/www.wertholz.com\/wp-content\/uploads\/2021\/03\/Professionelle_Landwirtschaft.png&#8220; title_text=&#8220;Professionelle_Landwirtschaft&#8220; align_tablet=&#8220;center&#8220; align_phone=&#8220;&#8220; align_last_edited=&#8220;on|desktop&#8220; admin_label=&#8220;Image&#8220; _builder_version=&#8220;4.15&#8243; animation_style=&#8220;zoom&#8220; animation_direction=&#8220;left&#8220; animation_duration=&#8220;500ms&#8220; global_colors_info=&#8220;{}&#8220;][\/et_pb_image][\/et_pb_column][\/et_pb_row][et_pb_row _builder_version=&#8220;4.15&#8243; _module_preset=&#8220;default&#8220; custom_margin=&#8220;50px||50px||false|false&#8220; global_colors_info=&#8220;{}&#8220;][et_pb_column type=&#8220;4_4&#8243; _builder_version=&#8220;4.15&#8243; _module_preset=&#8220;default&#8220; global_colors_info=&#8220;{}&#8220;][et_pb_video src=&#8220;https:\/\/youtu.be\/mtAJu2aF6W4&#8243; _builder_version=&#8220;4.15.1&#8243; _module_preset=&#8220;default&#8220; hover_enabled=&#8220;0&#8243; global_colors_info=&#8220;{}&#8220; sticky_enabled=&#8220;0&#8243;][\/et_pb_video][\/et_pb_column][\/et_pb_row][\/et_pb_section][et_pb_section fb_built=&#8220;1&#8243; _builder_version=&#8220;4.15&#8243; custom_margin=&#8220;0px|0px|0px|0px&#8220; custom_padding=&#8220;0px|0px|0px|0px&#8220; global_colors_info=&#8220;{}&#8220;][et_pb_row use_custom_gutter=&#8220;on&#8220; gutter_width=&#8220;1&#8243; admin_label=&#8220;row&#8220; module_class=&#8220; et_pb_row_fullwidth&#8220; _builder_version=&#8220;4.15&#8243; background_size=&#8220;initial&#8220; background_position=&#8220;top_left&#8220; background_repeat=&#8220;repeat&#8220; width=&#8220;100%&#8220; width_tablet=&#8220;100%&#8220; width_phone=&#8220;&#8220; width_last_edited=&#8220;on|desktop&#8220; max_width=&#8220;100%&#8220; max_width_tablet=&#8220;100%&#8220; max_width_phone=&#8220;&#8220; max_width_last_edited=&#8220;on|desktop&#8220; custom_margin=&#8220;0px|0px|0px|0px&#8220; custom_padding=&#8220;0px|0px|0px|0px&#8220; animation_style=&#8220;zoom&#8220; make_fullwidth=&#8220;on&#8220; global_colors_info=&#8220;{}&#8220;][et_pb_column type=&#8220;4_4&#8243; _builder_version=&#8220;4.15&#8243; custom_padding=&#8220;0px|0px|0px|0px&#8220; global_colors_info=&#8220;{}&#8220; custom_padding__hover=&#8220;|||&#8220;][et_pb_map address=&#8220;076 84 Leles, Slowakei&#8220; zoom_level=&#8220;7&#8243; address_lat=&#8220;48.52319288003046&#8243; address_lng=&#8220;19.10856808281255&#8243; mouse_wheel=&#8220;off&#8220; admin_label=&#8220;Map&#8220; _builder_version=&#8220;4.15&#8243; child_filter_saturate=&#8220;0%&#8220; global_colors_info=&#8220;{}&#8220;][et_pb_map_pin title=&#8220;Leles&#8220; pin_address=&#8220;076 84 Leles, Slowakei&#8220; pin_address_lat=&#8220;48.46713339999999&#8243; pin_address_lng=&#8220;22.025438200000053&#8243; _builder_version=&#8220;3.0.47&#8243; global_colors_info=&#8220;{}&#8220;]Der landwirtschaftliche Betrieb in Leles hat eine bewirtschaftete Fl\u00e4che von rd. 1.000 ha und ist angeschlossen an den rd. 800 ha gro\u00dfen Forstbetrieb. Zus\u00e4tzlich z\u00e4hlen rd. 300 ha Wiesen und Aufl\u00e4chen zum Betrieb welche auch zum Jagdbetrieb geh\u00f6ren. Die Ackerfl\u00e4chen befinden sich im s\u00fcd\u00f6stlichen Teil des Ostslowakischen Tieflands, in der N\u00e4he des Flusses Latorica. Sie umfassen haupts\u00e4chlich ebene Grundst\u00fccke in einer Seeh\u00f6he von 100 Metern sowie sandige, mittelschwere und stellenweise auch schwere B\u00f6den.<br \/>\n[\/et_pb_map_pin][et_pb_map_pin title=&#8220;Gemersk\u00e1 Ves&#8220; pin_address=&#8220;982 62 Gemersk\u00e1 Ves, Slowakei&#8220; pin_address_lat=&#8220;48.47756400000001&#8243; pin_address_lng=&#8220;20.272793699999966&#8243; _builder_version=&#8220;3.0.47&#8243; global_colors_info=&#8220;{}&#8220;]In der N\u00e4he von Tornala, zwischen Rimavsk\u00e1 Sobota und Ro\u017e\u0148ava, liegt der Betrieb Gemersk\u00e1 Ves. In Gemersk\u00e1 Ves gibt es rd. 250 ha landwirtschaftliche Fl\u00e4chen und rd. 550 ha Forstfl\u00e4chen. Die Fl\u00e4chen liegen auf flachen H\u00fcgeln mit Lehmboden in 197 bis 303 m Seeh\u00f6he. In der Tallage mittelschwere bis schwere B\u00f6den. Die Bodenart ist ein mittel toniger Lehm (Lt 2) respektive Gley-Standort. Der Bodentyp ist ein Parabraunerde-Pseudogley. In den Hanglagen mittelschwere B\u00f6den. Die Bodenart ist ein toniger Lehm.<br \/>\n[\/et_pb_map_pin][\/et_pb_map][\/et_pb_column][\/et_pb_row][\/et_pb_section][et_pb_section fb_built=&#8220;1&#8243; _builder_version=&#8220;4.15&#8243; global_colors_info=&#8220;{}&#8220;][et_pb_row column_structure=&#8220;1_2,1_2&#8243; admin_label=&#8220;row&#8220; _builder_version=&#8220;4.15&#8243; background_size=&#8220;initial&#8220; background_position=&#8220;top_left&#8220; background_repeat=&#8220;repeat&#8220; global_colors_info=&#8220;{}&#8220;][et_pb_column type=&#8220;1_2&#8243; _builder_version=&#8220;4.15&#8243; custom_padding=&#8220;|||&#8220; global_colors_info=&#8220;{}&#8220; custom_padding__hover=&#8220;|||&#8220;][et_pb_text _builder_version=&#8220;4.15&#8243; background_size=&#8220;initial&#8220; background_position=&#8220;top_left&#8220; background_repeat=&#8220;repeat&#8220; text_orientation=&#8220;justified&#8220; module_alignment=&#8220;justified&#8220; animation_style=&#8220;zoom&#8220; use_border_color=&#8220;off&#8220; border_color=&#8220;#ffffff&#8220; border_style=&#8220;solid&#8220; global_colors_info=&#8220;{}&#8220;]<\/p>\n<h3>Leles<\/h3>\n<p>Der landwirtschaftliche Betrieb in Leles hat eine bewirtschaftete Fl\u00e4che von rd. 1.050 ha und ist angeschlossen an den rd. 800 ha gro\u00dfen Forstbetrieb. Zus\u00e4tzlich z\u00e4hlen rd. 300 ha Wiesen und Aufl\u00e4chen zum Betrieb welche auch zum Jagdbetrieb geh\u00f6ren. Die Ackerfl\u00e4chen befinden sich im s\u00fcd\u00f6stlichen Teil des Ostslowakischen Tieflands, in der N\u00e4he des Flusses Latorica. Sie umfassen haupts\u00e4chlich ebene Grundst\u00fccke in einer Seeh\u00f6he von 100 Metern sowie sandige, mittelschwere und stellenweise auch schwere B\u00f6den.[\/et_pb_text][\/et_pb_column][et_pb_column type=&#8220;1_2&#8243; _builder_version=&#8220;4.15&#8243; custom_padding=&#8220;|||&#8220; global_colors_info=&#8220;{}&#8220; custom_padding__hover=&#8220;|||&#8220;][et_pb_text _builder_version=&#8220;4.15&#8243; background_size=&#8220;initial&#8220; background_position=&#8220;top_left&#8220; background_repeat=&#8220;repeat&#8220; module_alignment=&#8220;left&#8220; global_colors_info=&#8220;{}&#8220;]<\/p>\n<h4>Anbau Leles Ernte 2021<\/h4>\n<p>[\/et_pb_text][et_pb_counters bar_bg_color=&#8220;#45ba01&#8243; admin_label=&#8220;Animated Counters&#8220; _builder_version=&#8220;4.15&#8243; background_color=&#8220;#dddddd&#8220; custom_padding=&#8220;|||&#8220; custom_padding_tablet=&#8220;|||&#8220; custom_padding_phone=&#8220;|||&#8220; custom_padding_last_edited=&#8220;off|desktop&#8220; global_colors_info=&#8220;{}&#8220;][et_pb_counter percent=&#8220;34&#8243; _builder_version=&#8220;4.15&#8243; background_enable_video_mp4=&#8220;on&#8220; background_enable_video_webm=&#8220;on&#8220; global_colors_info=&#8220;{}&#8220;]Winterweizen[\/et_pb_counter][et_pb_counter percent=&#8220;29&#8243; _builder_version=&#8220;4.15&#8243; background_enable_video_mp4=&#8220;on&#8220; background_enable_video_webm=&#8220;on&#8220; global_colors_info=&#8220;{}&#8220;]Soja[\/et_pb_counter][et_pb_counter percent=&#8220;15&#8243; _builder_version=&#8220;4.15&#8243; background_enable_video_mp4=&#8220;on&#8220; background_enable_video_webm=&#8220;on&#8220; global_colors_info=&#8220;{}&#8220;]Winterraps[\/et_pb_counter][et_pb_counter percent=&#8220;3&#8243; _builder_version=&#8220;4.15&#8243; background_enable_video_mp4=&#8220;on&#8220; background_enable_video_webm=&#8220;on&#8220; global_colors_info=&#8220;{}&#8220;]Dinkel[\/et_pb_counter][et_pb_counter percent=&#8220;7&#8243; _builder_version=&#8220;4.15&#8243; background_enable_video_mp4=&#8220;on&#8220; background_enable_video_webm=&#8220;on&#8220; global_colors_info=&#8220;{}&#8220;]Winterhartweizen[\/et_pb_counter][et_pb_counter percent=&#8220;12&#8243; _builder_version=&#8220;4.15&#8243; _module_preset=&#8220;default&#8220; background_enable_video_mp4=&#8220;on&#8220; background_enable_video_webm=&#8220;on&#8220; global_colors_info=&#8220;{}&#8220;]Winterroggen[\/et_pb_counter][\/et_pb_counters][\/et_pb_column][\/et_pb_row][et_pb_row column_structure=&#8220;1_2,1_2&#8243; admin_label=&#8220;row&#8220; _builder_version=&#8220;4.15&#8243; background_size=&#8220;initial&#8220; background_position=&#8220;top_left&#8220; background_repeat=&#8220;repeat&#8220; global_colors_info=&#8220;{}&#8220;][et_pb_column type=&#8220;1_2&#8243; _builder_version=&#8220;4.15&#8243; custom_padding=&#8220;|||&#8220; global_colors_info=&#8220;{}&#8220; custom_padding__hover=&#8220;|||&#8220;][et_pb_text _builder_version=&#8220;4.15&#8243; background_size=&#8220;initial&#8220; background_position=&#8220;top_left&#8220; background_repeat=&#8220;repeat&#8220; text_orientation=&#8220;justified&#8220; module_alignment=&#8220;justified&#8220; animation_style=&#8220;zoom&#8220; use_border_color=&#8220;off&#8220; border_color=&#8220;#ffffff&#8220; border_style=&#8220;solid&#8220; global_colors_info=&#8220;{}&#8220;]<\/p>\n<h3>Gemersk\u00e1 Ves<\/h3>\n<p>In der N\u00e4he von Tornala, zwischen Rimavsk\u00e1 Sobota und Ro\u017e\u0148ava, liegt der Betrieb Gemersk\u00e1 Ves. In Gemersk\u00e1 Ves gibt es rd. 250 ha landwirtschaftliche Fl\u00e4chen und rd. 550 ha Forstfl\u00e4chen. Die Fl\u00e4chen liegen auf flachen H\u00fcgeln mit Lehmboden in 197 bis 303 m Seeh\u00f6he. In der Tallage mittelschwere bis schwere B\u00f6den. Die Bodenart ist ein mittel toniger Lehm (Lt 2) respektive Gley-Standort. Der Bodentyp ist ein Parabraunerde-Pseudogley. In den Hanglagen mittelschwere B\u00f6den. Die Bodenart ist ein toniger Lehm.<br \/>\n[\/et_pb_text][\/et_pb_column][et_pb_column type=&#8220;1_2&#8243; _builder_version=&#8220;4.15&#8243; custom_padding=&#8220;|||&#8220; global_colors_info=&#8220;{}&#8220; custom_padding__hover=&#8220;|||&#8220;][et_pb_text _builder_version=&#8220;4.15&#8243; background_size=&#8220;initial&#8220; background_position=&#8220;top_left&#8220; background_repeat=&#8220;repeat&#8220; module_alignment=&#8220;left&#8220; global_colors_info=&#8220;{}&#8220;]<\/p>\n<h4>Anbau Gemer Ernte 2021<\/h4>\n<p>[\/et_pb_text][et_pb_counters bar_bg_color=&#8220;#45ba01&#8243; admin_label=&#8220;Animated Counters&#8220; _builder_version=&#8220;4.15&#8243; background_color=&#8220;#dddddd&#8220; custom_padding=&#8220;|||&#8220; custom_padding_tablet=&#8220;|||&#8220; custom_padding_phone=&#8220;|||&#8220; custom_padding_last_edited=&#8220;off|desktop&#8220; global_colors_info=&#8220;{}&#8220;][et_pb_counter percent=&#8220;54&#8243; _builder_version=&#8220;4.15&#8243; background_enable_video_mp4=&#8220;on&#8220; background_enable_video_webm=&#8220;on&#8220; global_colors_info=&#8220;{}&#8220;]Winterweizen[\/et_pb_counter][et_pb_counter percent=&#8220;46&#8243; _builder_version=&#8220;4.15&#8243; background_enable_video_mp4=&#8220;on&#8220; background_enable_video_webm=&#8220;on&#8220; global_colors_info=&#8220;{}&#8220;]Soja[\/et_pb_counter][\/et_pb_counters][\/et_pb_column][\/et_pb_row][\/et_pb_section][et_pb_section fb_built=&#8220;1&#8243; fullwidth=&#8220;on&#8220; _builder_version=&#8220;4.15&#8243; global_colors_info=&#8220;{}&#8220;][et_pb_fullwidth_header title=&#8220;Die richtige Motivation entscheidet&#8220; text_orientation=&#8220;center&#8220; background_overlay_color=&#8220;rgba(0,0,0,0.2)&#8220; _builder_version=&#8220;4.15&#8243; title_font_size=&#8220;48px&#8220; title_line_height=&#8220;1.3em&#8220; background_image=&#8220;https:\/\/www.wertholz.com\/wp-content\/uploads\/2018\/09\/39953585_1822654687771676_2201170670480523264_o-1.jpg&#8220; parallax=&#8220;on&#8220; custom_padding=&#8220;200px||200px|&#8220; animation_style=&#8220;zoom&#8220; title_font_size_tablet=&#8220;30px&#8220; title_font_size_phone=&#8220;&#8220; title_font_size_last_edited=&#8220;on|tablet&#8220; global_colors_info=&#8220;{}&#8220; button_one_text_size__hover_enabled=&#8220;off&#8220; button_two_text_size__hover_enabled=&#8220;off&#8220; button_one_text_color__hover_enabled=&#8220;off&#8220; button_two_text_color__hover_enabled=&#8220;off&#8220; button_one_border_width__hover_enabled=&#8220;off&#8220; button_two_border_width__hover_enabled=&#8220;off&#8220; button_one_border_color__hover_enabled=&#8220;off&#8220; button_two_border_color__hover_enabled=&#8220;off&#8220; button_one_border_radius__hover_enabled=&#8220;off&#8220; button_two_border_radius__hover_enabled=&#8220;off&#8220; button_one_letter_spacing__hover_enabled=&#8220;off&#8220; button_two_letter_spacing__hover_enabled=&#8220;off&#8220; button_one_bg_color__hover_enabled=&#8220;off&#8220; button_two_bg_color__hover_enabled=&#8220;off&#8220;][\/et_pb_fullwidth_header][\/et_pb_section][et_pb_section fb_built=&#8220;1&#8243; _builder_version=&#8220;4.15&#8243; global_colors_info=&#8220;{}&#8220;][et_pb_row column_structure=&#8220;1_2,1_2&#8243; admin_label=&#8220;row&#8220; _builder_version=&#8220;4.15&#8243; background_size=&#8220;initial&#8220; background_position=&#8220;top_left&#8220; background_repeat=&#8220;repeat&#8220; animation_style=&#8220;zoom&#8220; global_colors_info=&#8220;{}&#8220;][et_pb_column type=&#8220;1_2&#8243; _builder_version=&#8220;4.15&#8243; custom_padding=&#8220;|||&#8220; global_colors_info=&#8220;{}&#8220; custom_padding__hover=&#8220;|||&#8220;][et_pb_image src=&#8220;https:\/\/www.wertholz.com\/wp-content\/uploads\/2018\/09\/tractor2_1545x854.jpg&#8220; align_tablet=&#8220;center&#8220; align_phone=&#8220;&#8220; align_last_edited=&#8220;on|desktop&#8220; admin_label=&#8220;Image&#8220; _builder_version=&#8220;4.15&#8243; animation_style=&#8220;zoom&#8220; global_colors_info=&#8220;{}&#8220;][\/et_pb_image][et_pb_text _builder_version=&#8220;4.15&#8243; background_size=&#8220;initial&#8220; background_position=&#8220;top_left&#8220; background_repeat=&#8220;repeat&#8220; text_orientation=&#8220;justified&#8220; module_alignment=&#8220;left&#8220; use_border_color=&#8220;off&#8220; global_colors_info=&#8220;{}&#8220;]Zum Schluss noch ein paar interessante Zahlen: Bei WH DANUBIUS betr\u00e4gt der durchschnittliche Hektarertrag bei Winterweizen 7,5 Tonnen, bei Winterraps 4,2 Tonnen, bei Sojabohnen 3,5 und bei Roggen auf den sandigen B\u00f6den 5,6 Tonnen. Ganzj\u00e4hrig arbeiten auf 1.000 Hektar Ackerland in Leles 1,5 Mitarbeiter, was einer Produktion von 4.000 Tonnen pro 1,5 Besch\u00e4ftigten entspricht. Der Gesamtdieselverbrauch liegt bei durchschnittlich 65 Litern pro Hektar. Neben der Effizienz ist auch die richtige Motivation entscheidend, die zu den entsprechenden Ergebnissen f\u00fchrt.<br \/>\n[\/et_pb_text][\/et_pb_column][et_pb_column type=&#8220;1_2&#8243; _builder_version=&#8220;4.15&#8243; custom_padding=&#8220;|||&#8220; global_colors_info=&#8220;{}&#8220; custom_padding__hover=&#8220;|||&#8220;][et_pb_image src=&#8220;https:\/\/www.wertholz.com\/wp-content\/uploads\/2014\/03\/landwirtschaft3.jpg&#8220; align_tablet=&#8220;center&#8220; align_phone=&#8220;&#8220; align_last_edited=&#8220;on|desktop&#8220; admin_label=&#8220;Image&#8220; _builder_version=&#8220;4.15&#8243; animation_style=&#8220;zoom&#8220; global_colors_info=&#8220;{}&#8220;][\/et_pb_image][et_pb_text _builder_version=&#8220;4.15&#8243; background_size=&#8220;initial&#8220; background_position=&#8220;top_left&#8220; background_repeat=&#8220;repeat&#8220; text_orientation=&#8220;justified&#8220; module_alignment=&#8220;left&#8220; use_border_color=&#8220;off&#8220; global_colors_info=&#8220;{}&#8220;]Die Firma WH DANUBIUS, s.r.o. bew\u00e4ltigt ihre gesamte agrarische Nutzfl\u00e4che mit Hilfe von vier Leuten &#8211; von links Otto Szab\u00f3, der f\u00fcr die Vorbereitung des Bodens und das S\u00e4en zust\u00e4ndig ist, weiters Norbert Fazekas, der mit der Feldspritze arbeitet und s\u00e4mtliche Maschinen auf dem Ackerland bedienen kann, Manager Ing. Maximilian Wagner und Jozef Kiss, der sich mit der Bodenvorbereitung besch\u00e4ftigt. Otto Szab\u00f3 und Jozef Kiss arbeiten w\u00e4hrend der Saison je nach Bedarf auf den Ackerfl\u00e4chen, ansonsten im Wald.<br \/>\n[\/et_pb_text][\/et_pb_column][\/et_pb_row][\/et_pb_section]<\/p>\n","protected":false},"excerpt":{"rendered":"<p>WH Danubius &#8211; Landwirtschaften in der Slowakei Die slowakische Tochterfirma der WERTHOLZ Gruppe, die WH DANUBIUS, s.r.o., mit dem Firmensitz in Kl\u00e1\u0161tor pod Znievom, bewirtschaftet in der Slowakei rd. 1.300 ha landwirtschaftliche Fl\u00e4chen. Seit dem Jahr 2006 werden die Fl\u00e4chen im Eigenbesitz selbst angebaut und in dieser Zeit ist es auch gelungen, sich mit \u00e4u\u00dferst [&hellip;]<\/p>\n","protected":false},"author":1,"featured_media":1898,"parent":0,"menu_order":0,"comment_status":"open","ping_status":"open","template":"","meta":{"_et_pb_use_builder":"on","_et_pb_old_content":"","_et_gb_content_width":"","footnotes":""},"class_list":["post-1352","page","type-page","status-publish","has-post-thumbnail","hentry"],"_links":{"self":[{"href":"https:\/\/www.wertholz.com\/de\/wp-json\/wp\/v2\/pages\/1352","targetHints":{"allow":["GET"]}}],"collection":[{"href":"https:\/\/www.wertholz.com\/de\/wp-json\/wp\/v2\/pages"}],"about":[{"href":"https:\/\/www.wertholz.com\/de\/wp-json\/wp\/v2\/types\/page"}],"author":[{"embeddable":true,"href":"https:\/\/www.wertholz.com\/de\/wp-json\/wp\/v2\/users\/1"}],"replies":[{"embeddable":true,"href":"https:\/\/www.wertholz.com\/de\/wp-json\/wp\/v2\/comments?post=1352"}],"version-history":[{"count":36,"href":"https:\/\/www.wertholz.com\/de\/wp-json\/wp\/v2\/pages\/1352\/revisions"}],"predecessor-version":[{"id":3191,"href":"https:\/\/www.wertholz.com\/de\/wp-json\/wp\/v2\/pages\/1352\/revisions\/3191"}],"wp:featuredmedia":[{"embeddable":true,"href":"https:\/\/www.wertholz.com\/de\/wp-json\/wp\/v2\/media\/1898"}],"wp:attachment":[{"href":"https:\/\/www.wertholz.com\/de\/wp-json\/wp\/v2\/media?parent=1352"}],"curies":[{"name":"wp","href":"https:\/\/api.w.org\/{rel}","templated":true}]}}