{"id":1358,"date":"2014-02-24T11:48:30","date_gmt":"2014-02-24T11:48:30","guid":{"rendered":"http:\/\/www.wertholz.com\/de\/?page_id=1358"},"modified":"2023-12-19T16:54:44","modified_gmt":"2023-12-19T15:54:44","slug":"unternehmen","status":"publish","type":"page","link":"https:\/\/www.wertholz.com\/de\/unternehmen\/","title":{"rendered":"Das Unternehmen"},"content":{"rendered":"<p>[et_pb_section fb_built=&#8220;1&#8243; fullwidth=&#8220;on&#8220; _builder_version=&#8220;4.16&#8243; global_colors_info=&#8220;{}&#8220;][et_pb_fullwidth_header title=&#8220;DAS UNTERNEHMEN&#8220; subhead=&#8220;Die WERTHOLZ Gruppe&#8220; text_orientation=&#8220;center&#8220; background_overlay_color=&#8220;rgba(0,0,0,0.2)&#8220; _builder_version=&#8220;4.16&#8243; title_font_size=&#8220;48px&#8220; title_line_height=&#8220;1.3em&#8220; subhead_font_size=&#8220;24px&#8220; subhead_line_height=&#8220;1.3em&#8220; background_image=&#8220;https:\/\/www.wertholz.com\/wp-content\/uploads\/2018\/09\/forest_ground_1600x1067.jpg&#8220; custom_padding=&#8220;150px||150px|&#8220; animation_style=&#8220;zoom&#8220; title_font_size_tablet=&#8220;30px&#8220; title_font_size_phone=&#8220;&#8220; title_font_size_last_edited=&#8220;on|phone&#8220; content_font_size_last_edited=&#8220;off|phone&#8220; subhead_font_size_tablet=&#8220;18px&#8220; subhead_font_size_phone=&#8220;&#8220; subhead_font_size_last_edited=&#8220;on|tablet&#8220; global_colors_info=&#8220;{}&#8220; button_one_text_size__hover_enabled=&#8220;off&#8220; button_two_text_size__hover_enabled=&#8220;off&#8220; button_one_text_color__hover_enabled=&#8220;off&#8220; button_two_text_color__hover_enabled=&#8220;off&#8220; button_one_border_width__hover_enabled=&#8220;off&#8220; button_two_border_width__hover_enabled=&#8220;off&#8220; button_one_border_color__hover_enabled=&#8220;off&#8220; button_two_border_color__hover_enabled=&#8220;off&#8220; button_one_border_radius__hover_enabled=&#8220;off&#8220; button_two_border_radius__hover_enabled=&#8220;off&#8220; button_one_letter_spacing__hover_enabled=&#8220;off&#8220; button_two_letter_spacing__hover_enabled=&#8220;off&#8220; button_one_bg_color__hover_enabled=&#8220;off&#8220; button_two_bg_color__hover_enabled=&#8220;off&#8220;][\/et_pb_fullwidth_header][\/et_pb_section][et_pb_section fb_built=&#8220;1&#8243; admin_label=&#8220;section&#8220; _builder_version=&#8220;4.16&#8243; global_colors_info=&#8220;{}&#8220;][et_pb_row _builder_version=&#8220;4.16&#8243; _module_preset=&#8220;default&#8220; animation_style=&#8220;zoom&#8220; global_colors_info=&#8220;{}&#8220;][et_pb_column type=&#8220;4_4&#8243; _builder_version=&#8220;4.16&#8243; _module_preset=&#8220;default&#8220; global_colors_info=&#8220;{}&#8220;][et_pb_text _builder_version=&#8220;4.23.1&#8243; background_size=&#8220;initial&#8220; background_position=&#8220;top_left&#8220; background_repeat=&#8220;repeat&#8220; text_orientation=&#8220;justified&#8220; module_alignment=&#8220;justified&#8220; hover_enabled=&#8220;0&#8243; use_border_color=&#8220;off&#8220; border_color=&#8220;#ffffff&#8220; border_style=&#8220;solid&#8220; global_colors_info=&#8220;{}&#8220; sticky_enabled=&#8220;0&#8243;]<\/p>\n<h2>Die WERTHOLZ Gruppe<\/h2>\n<p>Die WERTHOLZ Gruppe ist eine international t\u00e4tige Unternehmensgruppe im Eigentum der Familie Welz. Zur Unternehmensgruppe geh\u00f6rt die WERTHOLZ Holding GmbH, als Besitzgesellschaft, mit ihren Tochterunternehmen WERTHOLZ \u00d6sterreich Holzhandels GmbH, WH Danubius s.r.o. und WERTHOLZ Deutschland GmbH.<\/p>\n<p>Begonnen haben die T\u00e4tigkeiten der WERTHOLZ Gruppe im Jahr 1989 mit der Gr\u00fcndung der heutigen WERTHOLZ \u00d6sterreich Holzhandels GmbH durch Werner Welz. Aufgrund der langj\u00e4hrigen Erfahrung und Marktkontakte von Werner Welz ist das Unternehmen bereits zu Beginn europaweit t\u00e4tig. Heute wird das Unternehmen von Werner Welz und seinem Sohn, Michael Welz, geleitet.<\/p>\n<p>Kernkompetenzen der WERTHOLZ Gruppe sind heute der Handel mit Rundholz sowie der Kauf und die Bewirtschaftung von Forstbetrieben und Landwirtschaften. Die Unternehmensgruppe besch\u00e4ftigt aktuell rund 20 Mitarbeiter und erwirtschaftet einen Jahresumsatz von rd. \u20ac 10 Millionen.<\/p>\n<p>&nbsp;<br \/>\n[\/et_pb_text][\/et_pb_column][\/et_pb_row][et_pb_row _builder_version=&#8220;4.16&#8243; _module_preset=&#8220;default&#8220; animation_style=&#8220;zoom&#8220; global_colors_info=&#8220;{}&#8220;][et_pb_column type=&#8220;4_4&#8243; _builder_version=&#8220;4.16&#8243; _module_preset=&#8220;default&#8220; global_colors_info=&#8220;{}&#8220;][et_pb_video src=&#8220;https:\/\/youtu.be\/YC-QaoX8AI4&#8243; _builder_version=&#8220;4.16&#8243; _module_preset=&#8220;default&#8220; global_colors_info=&#8220;{}&#8220;][\/et_pb_video][\/et_pb_column][\/et_pb_row][et_pb_row column_structure=&#8220;1_2,1_2&#8243; _builder_version=&#8220;4.16&#8243; animation_style=&#8220;zoom&#8220; global_colors_info=&#8220;{}&#8220;][et_pb_column type=&#8220;1_2&#8243; _builder_version=&#8220;4.16&#8243; global_colors_info=&#8220;{}&#8220;][et_pb_image src=&#8220;https:\/\/www.wertholz.com\/wp-content\/uploads\/2020\/04\/werner_welz_851x851.jpg&#8220; url=&#8220;@ET-DC@eyJkeW5hbWljIjp0cnVlLCJjb250ZW50IjoicG9zdF9saW5rX3VybF9wYWdlIiwic2V0dGluZ3MiOnsicG9zdF9pZCI6IjI4NTcifX0=@&#8220; align=&#8220;center&#8220; align_tablet=&#8220;center&#8220; align_phone=&#8220;&#8220; align_last_edited=&#8220;on|desktop&#8220; admin_label=&#8220;Image&#8220; _builder_version=&#8220;4.16&#8243; _dynamic_attributes=&#8220;url&#8220; transform_scale=&#8220;80%|80%&#8220; border_radii=&#8220;on|50%|50%|50%|50%&#8220; animation=&#8220;off&#8220; global_colors_info=&#8220;{}&#8220;][\/et_pb_image][et_pb_text _builder_version=&#8220;4.16&#8243; text_font_size=&#8220;20px&#8220; header_text_align=&#8220;center&#8220; text_orientation=&#8220;center&#8220; global_colors_info=&#8220;{}&#8220;]<\/p>\n<h1>WERNER WELZ<\/h1>\n<p>Firmengr\u00fcnder | Miteigent\u00fcmer<\/p>\n<p><a href=\"\/de\/werner-welz\/\"><i class=\"fas fa-user\"><\/i>\u00a0\u00a0Zum Profil &#8230;<\/a><\/p>\n<p>[\/et_pb_text][\/et_pb_column][et_pb_column type=&#8220;1_2&#8243; _builder_version=&#8220;4.16&#8243; global_colors_info=&#8220;{}&#8220;][et_pb_image src=&#8220;https:\/\/www.wertholz.com\/wp-content\/uploads\/2020\/04\/mwelz_2020_1288x1288.png&#8220; url=&#8220;@ET-DC@eyJkeW5hbWljIjp0cnVlLCJjb250ZW50IjoicG9zdF9saW5rX3VybF9wYWdlIiwic2V0dGluZ3MiOnsicG9zdF9pZCI6IjI4NTAifX0=@&#8220; align=&#8220;center&#8220; align_tablet=&#8220;center&#8220; align_phone=&#8220;&#8220; align_last_edited=&#8220;on|desktop&#8220; admin_label=&#8220;Image&#8220; _builder_version=&#8220;4.16&#8243; _dynamic_attributes=&#8220;url&#8220; transform_scale=&#8220;80%|80%&#8220; border_radii=&#8220;on|50%|50%|50%|50%&#8220; animation=&#8220;off&#8220; global_colors_info=&#8220;{}&#8220;][\/et_pb_image][et_pb_text _builder_version=&#8220;4.16&#8243; text_font_size=&#8220;20px&#8220; header_text_align=&#8220;center&#8220; text_orientation=&#8220;center&#8220; global_colors_info=&#8220;{}&#8220;]<\/p>\n<h1>MICHAEL WELZ<\/h1>\n<p>Firmengr\u00fcnder | Miteigent\u00fcmer<\/p>\n<p><a href=\"\/de\/michael-welz\/\"><i class=\"fas fa-user\"><\/i>&nbsp;&nbsp;Zum Profil &#8230;<\/a>[\/et_pb_text][\/et_pb_column][\/et_pb_row][\/et_pb_section][et_pb_section fb_built=&#8220;1&#8243; _builder_version=&#8220;4.16&#8243; _module_preset=&#8220;default&#8220; animation_style=&#8220;zoom&#8220; global_colors_info=&#8220;{}&#8220;][et_pb_row _builder_version=&#8220;4.16&#8243; _module_preset=&#8220;default&#8220; global_colors_info=&#8220;{}&#8220;][et_pb_column type=&#8220;4_4&#8243; _builder_version=&#8220;4.16&#8243; _module_preset=&#8220;default&#8220; global_colors_info=&#8220;{}&#8220;][et_pb_text _builder_version=&#8220;4.16&#8243; _module_preset=&#8220;default&#8220; global_colors_info=&#8220;{}&#8220;]<\/p>\n<h1>Die Unternehmen<\/h1>\n<p>[\/et_pb_text][\/et_pb_column][\/et_pb_row][et_pb_row column_structure=&#8220;2_3,1_3&#8243; admin_label=&#8220;row&#8220; _builder_version=&#8220;4.16&#8243; background_size=&#8220;initial&#8220; background_position=&#8220;top_left&#8220; background_repeat=&#8220;repeat&#8220; global_colors_info=&#8220;{}&#8220;][et_pb_column type=&#8220;2_3&#8243; _builder_version=&#8220;4.16&#8243; custom_padding=&#8220;|||&#8220; global_colors_info=&#8220;{}&#8220; custom_padding__hover=&#8220;|||&#8220;][et_pb_toggle title=&#8220;WERTHOLZ Holding GmbH&#8220; admin_label=&#8220;Toggle&#8220; _builder_version=&#8220;4.16&#8243; background_size=&#8220;initial&#8220; background_position=&#8220;top_left&#8220; background_repeat=&#8220;repeat&#8220; global_colors_info=&#8220;{}&#8220;]Kreuzweg 15<br \/>\n9300 St. Veit an der Glan<br \/>\n\u00d6sterreich<\/p>\n<p><strong>B\u00fcro <\/strong><br \/>\nK\u00e4rntner Stra\u00dfe 13<br \/>\n9586 F\u00fcrnitz<br \/>\n\u00d6sterreich<\/p>\n<p><strong>E-Mail:<\/strong> <a title=\"office@wertholz.com\" href=\"mailto:office@wertholz.com\">office@wertholz.com<\/a><br \/>\n<strong>Telefon:<\/strong> +43 4257 4530<br \/>\n<a title=\"www.wertholz.com\" href=\"http:\/\/www.wertholz.com\">www.wertholz.com<\/a><\/p>\n<p><strong>Gesch\u00e4ftsf\u00fchrer:<\/strong> Werner Welz, Michael Welz<br \/>\n<strong>Firmenbuch Nummer:<\/strong> FN 177924 d<br \/>\n<strong>Firmenbuchgericht:<\/strong> Landesgericht Klagenfurt<br \/>\n<strong>UID:<\/strong> ATU60722436[\/et_pb_toggle][et_pb_toggle title=&#8220;WERTHOLZ \u00d6sterreich Holzhandels GmbH&#8220; admin_label=&#8220;Toggle&#8220; _builder_version=&#8220;4.16&#8243; background_size=&#8220;initial&#8220; background_position=&#8220;top_left&#8220; background_repeat=&#8220;repeat&#8220; global_colors_info=&#8220;{}&#8220;]Kreuzweg 15<br \/>\n9300 St. Veit an der Glan<br \/>\n\u00d6sterreich<\/p>\n<p><strong>B\u00fcro <\/strong><br \/>\nK\u00e4rntner Stra\u00dfe 13<br \/>\n9586 F\u00fcrnitz<br \/>\n\u00d6sterreich<\/p>\n<p><strong>E-Mail:<\/strong> <a title=\"office@wertholz.com\" href=\"mailto:office@wertholz.com\">office@wertholz.com<\/a><br \/>\n<strong>Telefon:<\/strong> +43 4257 4530<br \/>\n<a title=\"www.wertholz.com\" href=\"http:\/\/www.wertholz.com\">www.wertholz.com<\/a><\/p>\n<p><strong>Gesch\u00e4ftsf\u00fchrer:<\/strong> Michael Welz<br \/>\n<strong>Firmenbuch Nummer:<\/strong> FN 102793 t<br \/>\n<strong>Firmenbuchgericht:<\/strong> Landesgericht Klagenfurt<br \/>\n<strong> UID:<\/strong> ATU26144008[\/et_pb_toggle][et_pb_toggle title=&#8220;WH DANUBIUS, s.r.o.&#8220; admin_label=&#8220;Toggle&#8220; _builder_version=&#8220;4.16&#8243; background_size=&#8220;initial&#8220; background_position=&#8220;top_left&#8220; background_repeat=&#8220;repeat&#8220; global_colors_info=&#8220;{}&#8220;]Gymnazi\u00e1lna 163<br \/>\n038 43 Kl\u00e1\u0161tor pod Znievom<br \/>\nSlowakei<\/p>\n<p><strong>E-Mail:<\/strong> <a title=\"office@wertholz.com\" href=\"mailto:office@wertholz.com\">office@wertholz.com<\/a><br \/>\n<strong>Telefon:<\/strong> +421 4349 33383<br \/>\n<strong>Fax:<\/strong> +421 4349 33383<br \/>\n<a title=\"www.wertholz.com\" href=\"http:\/\/www.wertholz.com\">www.wertholz.com<\/a><\/p>\n<p><strong>Gesch\u00e4ftsf\u00fchrer:<\/strong> Werner Welz, Michael Welz<br \/>\n<strong>Firmenbuch Nummer:<\/strong> 31 439 497<br \/>\n<strong>Firmenbuchgericht:<\/strong> Bezirksgericht \u017dilina<br \/>\n<strong>UID:<\/strong> SK2020414088<br \/>\n[\/et_pb_toggle][et_pb_toggle title=&#8220;WERTHOLZ Deutschland GmbH&#8220; admin_label=&#8220;Toggle&#8220; _builder_version=&#8220;4.16&#8243; background_size=&#8220;initial&#8220; background_position=&#8220;top_left&#8220; background_repeat=&#8220;repeat&#8220; global_colors_info=&#8220;{}&#8220;]Regensburger Str. 31<br \/>\n93128 Regenstauf<br \/>\nDeutschland<\/p>\n<p><strong>E-Mail:<\/strong> <a title=\"office@wertholz.com\" href=\"mailto:office@wertholz.com\">office@wertholz.com<br \/>\n<\/a><strong>Telefon:<\/strong> +43 4257 4530<br \/>\n<a title=\"www.wertholz.com\" href=\"http:\/\/www.wertholz.com\">www.wertholz.com<\/a><\/p>\n<p><strong>Gesch\u00e4ftsf\u00fchrer:<\/strong> Michael Welz<br \/>\n<strong>Firmenbuch Nummer:<\/strong> HRB 8260<br \/>\n<strong>Firmenbuchgericht:<\/strong> Amtsgericht Regensburg<br \/>\n<strong>UID:<\/strong> DE813150526[\/et_pb_toggle][et_pb_toggle title=&#8220;dotparc Informationstechnologie GmbH&#8220; admin_label=&#8220;Toggle&#8220; _builder_version=&#8220;4.16&#8243; background_size=&#8220;initial&#8220; background_position=&#8220;top_left&#8220; background_repeat=&#8220;repeat&#8220; global_colors_info=&#8220;{}&#8220;]Lerchenfeldstra\u00dfe 37<br \/>\n9020 Klagenfurt am W\u00f6rthersee<br \/>\n\u00d6sterreich<\/p>\n<p><strong>E-Mail:<\/strong> <a title=\"office@dotparc.com\" href=\"mailto:office@dotparc.com\">office@dotparc.com<\/a><br \/>\n<strong>Telefon:<\/strong> +43 4257 4530<br \/>\n<a title=\"www.dotparc.com\" href=\"http:\/\/www.dotparc.com\">www.dotparc.com<\/a><\/p>\n<p><strong>Gesch\u00e4ftsf\u00fchrer:<\/strong> Michael Welz<br \/>\n<strong>Firmenbuch Nummer:<\/strong> FN 196183 f<br \/>\n<strong>Firmenbuchgericht:<\/strong> Landesgericht Klagenfurt<br \/>\n<strong>UID:<\/strong> ATU49701808<br \/>\n[\/et_pb_toggle][\/et_pb_column][et_pb_column type=&#8220;1_3&#8243; _builder_version=&#8220;4.16&#8243; custom_padding=&#8220;|||&#8220; global_colors_info=&#8220;{}&#8220; custom_padding__hover=&#8220;|||&#8220;][et_pb_image src=&#8220;https:\/\/www.wertholz.com\/wp-content\/uploads\/2017\/12\/favicon.jpg&#8220; align=&#8220;center&#8220; align_tablet=&#8220;center&#8220; align_phone=&#8220;&#8220; align_last_edited=&#8220;on|desktop&#8220; _builder_version=&#8220;4.16&#8243; max_width=&#8220;50%&#8220; module_alignment=&#8220;center&#8220; global_colors_info=&#8220;{}&#8220;][\/et_pb_image][\/et_pb_column][\/et_pb_row][\/et_pb_section]<\/p>\n","protected":false},"excerpt":{"rendered":"<p>Die WERTHOLZ Gruppe Die WERTHOLZ Gruppe ist eine international t\u00e4tige Unternehmensgruppe im Eigentum der Familie Welz. Zur Unternehmensgruppe geh\u00f6rt die WERTHOLZ Holding GmbH, als Besitzgesellschaft, mit ihren Tochterunternehmen WERTHOLZ \u00d6sterreich Holzhandels GmbH, WH Danubius s.r.o. und WERTHOLZ Deutschland GmbH. Begonnen haben die T\u00e4tigkeiten der WERTHOLZ Gruppe im Jahr 1989 mit der Gr\u00fcndung der heutigen WERTHOLZ [&hellip;]<\/p>\n","protected":false},"author":1,"featured_media":0,"parent":0,"menu_order":0,"comment_status":"open","ping_status":"open","template":"","meta":{"_et_pb_use_builder":"on","_et_pb_old_content":"","_et_gb_content_width":"","footnotes":""},"class_list":["post-1358","page","type-page","status-publish","hentry"],"_links":{"self":[{"href":"https:\/\/www.wertholz.com\/de\/wp-json\/wp\/v2\/pages\/1358","targetHints":{"allow":["GET"]}}],"collection":[{"href":"https:\/\/www.wertholz.com\/de\/wp-json\/wp\/v2\/pages"}],"about":[{"href":"https:\/\/www.wertholz.com\/de\/wp-json\/wp\/v2\/types\/page"}],"author":[{"embeddable":true,"href":"https:\/\/www.wertholz.com\/de\/wp-json\/wp\/v2\/users\/1"}],"replies":[{"embeddable":true,"href":"https:\/\/www.wertholz.com\/de\/wp-json\/wp\/v2\/comments?post=1358"}],"version-history":[{"count":61,"href":"https:\/\/www.wertholz.com\/de\/wp-json\/wp\/v2\/pages\/1358\/revisions"}],"predecessor-version":[{"id":3202,"href":"https:\/\/www.wertholz.com\/de\/wp-json\/wp\/v2\/pages\/1358\/revisions\/3202"}],"wp:attachment":[{"href":"https:\/\/www.wertholz.com\/de\/wp-json\/wp\/v2\/media?parent=1358"}],"curies":[{"name":"wp","href":"https:\/\/api.w.org\/{rel}","templated":true}]}}