{"id":1427,"date":"2014-03-06T13:52:12","date_gmt":"2014-03-06T13:52:12","guid":{"rendered":"http:\/\/www.wertholz.com\/de\/?page_id=1427"},"modified":"2022-03-10T19:15:37","modified_gmt":"2022-03-10T18:15:37","slug":"holzindustrie","status":"publish","type":"page","link":"https:\/\/www.wertholz.com\/de\/holzindustrie\/","title":{"rendered":"Holzindustrie"},"content":{"rendered":"<p>[et_pb_section fb_built=&#8220;1&#8243; fullwidth=&#8220;on&#8220; _builder_version=&#8220;3.22&#8243; global_colors_info=&#8220;{}&#8220;][et_pb_fullwidth_header title=&#8220;HOLZINDUSTRIE&#8220; subhead=&#8220;WERTHOLZ &#8211; Dienstleister f\u00fcr die Industrie&#8220; text_orientation=&#8220;center&#8220; background_overlay_color=&#8220;rgba(0,0,0,0.2)&#8220; _builder_version=&#8220;4.14.1&#8243; title_font_size=&#8220;48px&#8220; title_line_height=&#8220;1.3em&#8220; subhead_font_size=&#8220;24px&#8220; subhead_line_height=&#8220;1.3em&#8220; background_image=&#8220;https:\/\/www.wertholz.com\/wp-content\/uploads\/2022\/03\/Fuernitz.jpg&#8220; custom_padding=&#8220;150px||150px|&#8220; animation_style=&#8220;zoom&#8220; hover_enabled=&#8220;0&#8243; title_font_size_tablet=&#8220;30px&#8220; title_font_size_phone=&#8220;&#8220; title_font_size_last_edited=&#8220;on|phone&#8220; content_font_size_last_edited=&#8220;off|phone&#8220; subhead_font_size_tablet=&#8220;18px&#8220; subhead_font_size_phone=&#8220;&#8220; subhead_font_size_last_edited=&#8220;on|tablet&#8220; global_colors_info=&#8220;{}&#8220; button_one_text_size__hover_enabled=&#8220;off&#8220; button_two_text_size__hover_enabled=&#8220;off&#8220; button_one_text_color__hover_enabled=&#8220;off&#8220; button_two_text_color__hover_enabled=&#8220;off&#8220; button_one_border_width__hover_enabled=&#8220;off&#8220; button_two_border_width__hover_enabled=&#8220;off&#8220; button_one_border_color__hover_enabled=&#8220;off&#8220; button_two_border_color__hover_enabled=&#8220;off&#8220; button_one_border_radius__hover_enabled=&#8220;off&#8220; button_two_border_radius__hover_enabled=&#8220;off&#8220; button_one_letter_spacing__hover_enabled=&#8220;off&#8220; button_two_letter_spacing__hover_enabled=&#8220;off&#8220; button_one_bg_color__hover_enabled=&#8220;off&#8220; button_two_bg_color__hover_enabled=&#8220;off&#8220; title_text=&#8220;Fuernitz&#8220; sticky_enabled=&#8220;0&#8243;][\/et_pb_fullwidth_header][\/et_pb_section][et_pb_section fb_built=&#8220;1&#8243; admin_label=&#8220;section&#8220; _builder_version=&#8220;3.22&#8243; global_colors_info=&#8220;{}&#8220;][et_pb_row column_structure=&#8220;1_2,1_2&#8243; admin_label=&#8220;row&#8220; _builder_version=&#8220;4.9.10&#8243; background_size=&#8220;initial&#8220; background_position=&#8220;top_left&#8220; background_repeat=&#8220;repeat&#8220; animation_style=&#8220;zoom&#8220; global_colors_info=&#8220;{}&#8220;][et_pb_column type=&#8220;1_2&#8243; _builder_version=&#8220;3.25&#8243; custom_padding=&#8220;|||&#8220; global_colors_info=&#8220;{}&#8220; custom_padding__hover=&#8220;|||&#8220;][et_pb_text _builder_version=&#8220;3.27.4&#8243; background_size=&#8220;initial&#8220; background_position=&#8220;top_left&#8220; background_repeat=&#8220;repeat&#8220; module_alignment=&#8220;left&#8220; use_border_color=&#8220;off&#8220; border_color=&#8220;#ffffff&#8220; border_style=&#8220;solid&#8220; global_colors_info=&#8220;{}&#8220;]<\/p>\n<h2>WERTHOLZ &#8211; Dienstleister f\u00fcr die Industrie<\/h2>\n<p>[\/et_pb_text][et_pb_text _builder_version=&#8220;3.27.4&#8243; background_size=&#8220;initial&#8220; background_position=&#8220;top_left&#8220; background_repeat=&#8220;repeat&#8220; text_orientation=&#8220;justified&#8220; module_alignment=&#8220;justified&#8220; use_border_color=&#8220;off&#8220; border_color=&#8220;#ffffff&#8220; border_style=&#8220;solid&#8220; global_colors_info=&#8220;{}&#8220;]F\u00fcr Unternehmen der Zellstoff-, Papier- und Plattenindustrie ist es von zentraler Bedeutung, eine kontinuierliche und ununterbrochene Rohstoffversorgung ihrer Werke sicherzustellen. Der Beschaffungsmarkt f\u00fcr Rundholz ist jedoch hart umk\u00e4mpft. Er folgt eigenen Regeln und ohne gute Marktkenntnisse und Marktkontakte ist es schwer, die geforderte Versorgungssicherheit zu gew\u00e4hrleisten.<\/p>\n<p>WERTHOLZ ist seit 1989 ein zuverl\u00e4ssiger Partner der Forstwirtschaft und der Rundholz verarbeitenden Industrie und \u00fcbernimmt alle Aufgaben die es zu erf\u00fcllen gilt, um sicherzustellen, dass die erforderliche Menge Industrieholz, in den gew\u00fcnschten Dimensionen und Qualit\u00e4ten zeitgerecht f\u00fcr die Weiterverarbeitung zur Verf\u00fcgung steht. Entsprechend den Spezifikationen unserer Kunden bieten wir Industrieholz in der jeweils gew\u00fcnschten Qualit\u00e4t. Dabei k\u00f6nnen wir aufgrund unserer langj\u00e4hrigen guten Beziehungen in der Forstwirtschaft die Versorgungssicherheit f\u00fcr die von uns belieferten Industriebetriebe sicherstellen.<br \/>\n[\/et_pb_text][et_pb_text module_id=&#8220;dp_bluebox_bg&#8220; _builder_version=&#8220;4.4.3&#8243; text_font_size=&#8220;20px&#8220; text_line_height=&#8220;1.4em&#8220; header_line_height=&#8220;1.7em&#8220; background_size=&#8220;initial&#8220; background_position=&#8220;top_left&#8220; background_repeat=&#8220;repeat&#8220; text_orientation=&#8220;center&#8220; background_layout=&#8220;dark&#8220; module_alignment=&#8220;center&#8220; custom_padding=&#8220;20px|20px|20px|20px&#8220; global_colors_info=&#8220;{}&#8220;]WERTHOLZ verarbeitet j\u00e4hrlich rund 80.000 Festmeter Rundholz[\/et_pb_text][\/et_pb_column][et_pb_column type=&#8220;1_2&#8243; _builder_version=&#8220;3.25&#8243; custom_padding=&#8220;|||&#8220; global_colors_info=&#8220;{}&#8220; custom_padding__hover=&#8220;|||&#8220;][et_pb_cta title=&#8220;Rundholz Einkauf&#8220; button_url=&#8220;mailto:\u200erundholzeinkauf@wertholz.com&#8220; button_text=&#8220;E-Mail senden&#8230;&#8220; admin_label=&#8220;Rundholz Einkauf&#8220; _builder_version=&#8220;4.4.3&#8243; header_line_height=&#8220;1.3em&#8220; body_font_size=&#8220;18px&#8220; body_line_height=&#8220;1.4em&#8220; animation_style=&#8220;zoom&#8220; global_colors_info=&#8220;{}&#8220;]Der Einkauf von Rundholz ist bei uns Chefsache.<\/p>\n<p><i class=\"fas fa-user\"><\/i> DI Michael Welz<br \/>\n<i class=\"fas fa-envelope\"><\/i> rundholzeinkauf@wertholz.com<br \/>\n<i class=\"fas fa-phone\"><\/i> +43 4257 4530[\/et_pb_cta][et_pb_divider show_divider=&#8220;off&#8220; _builder_version=&#8220;4.4.3&#8243; min_height=&#8220;25px&#8220; global_colors_info=&#8220;{}&#8220;][\/et_pb_divider][et_pb_image src=&#8220;https:\/\/www.wertholz.com\/wp-content\/uploads\/2014\/02\/holz3.jpg&#8220; align_tablet=&#8220;center&#8220; align_phone=&#8220;&#8220; align_last_edited=&#8220;on|desktop&#8220; admin_label=&#8220;Image&#8220; _builder_version=&#8220;4.9.10&#8243; animation_style=&#8220;zoom&#8220; global_colors_info=&#8220;{}&#8220;][\/et_pb_image][\/et_pb_column][\/et_pb_row][et_pb_row column_structure=&#8220;1_2,1_2&#8243; admin_label=&#8220;row&#8220; _builder_version=&#8220;4.9.10&#8243; background_size=&#8220;initial&#8220; background_position=&#8220;top_left&#8220; background_repeat=&#8220;repeat&#8220; animation_style=&#8220;zoom&#8220; global_colors_info=&#8220;{}&#8220;][et_pb_column type=&#8220;1_2&#8243; _builder_version=&#8220;3.25&#8243; custom_padding=&#8220;|||&#8220; global_colors_info=&#8220;{}&#8220; custom_padding__hover=&#8220;|||&#8220;][et_pb_text _builder_version=&#8220;3.27.4&#8243; background_size=&#8220;initial&#8220; background_position=&#8220;top_left&#8220; background_repeat=&#8220;repeat&#8220; module_alignment=&#8220;left&#8220; use_border_color=&#8220;off&#8220; border_color=&#8220;#ffffff&#8220; border_style=&#8220;solid&#8220; global_colors_info=&#8220;{}&#8220;]<\/p>\n<h2>Supply Chain Management<\/h2>\n<p>[\/et_pb_text][et_pb_text _builder_version=&#8220;3.27.4&#8243; background_size=&#8220;initial&#8220; background_position=&#8220;top_left&#8220; background_repeat=&#8220;repeat&#8220; text_orientation=&#8220;justified&#8220; module_alignment=&#8220;justified&#8220; use_border_color=&#8220;off&#8220; border_color=&#8220;#ffffff&#8220; border_style=&#8220;solid&#8220; global_colors_info=&#8220;{}&#8220;]Die Beschaffung von Industrieholz unterscheidet sich deutlich von den Einkaufsprozessen anderer Rohstoffe, die von der Industrie ben\u00f6tigt werden. Bis das Industrieholz f\u00fcr den Produktionsprozess zur Verf\u00fcgung steht, m\u00fcssen die Leistungen vieler Beteiligter koordiniert werden &#8211; von der Holzernte \u00fcber die Aufbereitung des Holzes bis hin zum Transport und der Lagerwirtschaft. Als WERTHOLZ entlasten wir unsere Kunden von diesem Aufwand und machen den gesamten Beschaffungsprozess damit einfach und planbar.<\/p>\n<p>Um Holz in der erforderlichen Qualit\u00e4t und Menge einkaufen zu k\u00f6nnen, ist neben guten Marktkontakten auch umfassendes Fachwissen \u00fcber kaufm\u00e4nnische und rechtliche Standards erforderlich. Ebenso \u00fcber die geltenden Holzhandels-Usancen, die sich je nach Einkaufsgebiet auch unterscheiden k\u00f6nnen.<\/p>\n<p>\u00dcber 40 Jahre Markterfahrung garantieren den Kunden von WERTHOLZ, dass die von ihnen ben\u00f6tigte Menge Industrieholz entsprechend ihrer Spezifikationen zum vereinbarten Zeitpunkt zur Verf\u00fcgung steht. Als \u201eexterne Einkaufsabteilung\u201c unserer Kunden bieten wir Ihnen Versorgungssicherheit zum besten Preis-Leistungs-Verh\u00e4ltnis.<br \/>\n[\/et_pb_text][\/et_pb_column][et_pb_column type=&#8220;1_2&#8243; _builder_version=&#8220;3.25&#8243; custom_padding=&#8220;|||&#8220; global_colors_info=&#8220;{}&#8220; custom_padding__hover=&#8220;|||&#8220;][et_pb_image src=&#8220;https:\/\/www.wertholz.com\/wp-content\/uploads\/2014\/03\/LKW1.jpg&#8220; align_tablet=&#8220;center&#8220; align_phone=&#8220;&#8220; align_last_edited=&#8220;on|desktop&#8220; admin_label=&#8220;Image&#8220; _builder_version=&#8220;4.9.10&#8243; animation_style=&#8220;zoom&#8220; animation_direction=&#8220;left&#8220; animation_duration=&#8220;500ms&#8220; global_colors_info=&#8220;{}&#8220;][\/et_pb_image][et_pb_divider show_divider=&#8220;off&#8220; _builder_version=&#8220;3.13.1&#8243; global_colors_info=&#8220;{}&#8220;][\/et_pb_divider][et_pb_image src=&#8220;https:\/\/www.wertholz.com\/wp-content\/uploads\/2018\/09\/trees_464x395.jpg&#8220; align=&#8220;center&#8220; align_tablet=&#8220;center&#8220; align_phone=&#8220;&#8220; align_last_edited=&#8220;on|desktop&#8220; _builder_version=&#8220;4.9.10&#8243; max_width=&#8220;33%&#8220; module_alignment=&#8220;center&#8220; animation_style=&#8220;zoom&#8220; global_colors_info=&#8220;{}&#8220;][\/et_pb_image][\/et_pb_column][\/et_pb_row][\/et_pb_section][et_pb_section fb_built=&#8220;1&#8243; fullwidth=&#8220;on&#8220; _builder_version=&#8220;4.9.10&#8243; animation_style=&#8220;zoom&#8220; global_colors_info=&#8220;{}&#8220;][et_pb_fullwidth_header title=&#8220;\u00dcBER 40 JAHRE MARKT\u00adERFAHRUNG&#8220; text_orientation=&#8220;center&#8220; background_overlay_color=&#8220;rgba(0,0,0,0.2)&#8220; _builder_version=&#8220;3.16&#8243; title_font_size=&#8220;48px&#8220; title_line_height=&#8220;1.3em&#8220; background_image=&#8220;https:\/\/www.wertholz.com\/wp-content\/uploads\/2014\/02\/Holzpolter.jpg&#8220; parallax=&#8220;on&#8220; custom_padding=&#8220;200px||200px|&#8220; title_font_size_tablet=&#8220;30px&#8220; title_font_size_phone=&#8220;&#8220; title_font_size_last_edited=&#8220;on|tablet&#8220; global_colors_info=&#8220;{}&#8220; button_one_text_size__hover_enabled=&#8220;off&#8220; button_two_text_size__hover_enabled=&#8220;off&#8220; button_one_text_color__hover_enabled=&#8220;off&#8220; button_two_text_color__hover_enabled=&#8220;off&#8220; button_one_border_width__hover_enabled=&#8220;off&#8220; button_two_border_width__hover_enabled=&#8220;off&#8220; button_one_border_color__hover_enabled=&#8220;off&#8220; button_two_border_color__hover_enabled=&#8220;off&#8220; button_one_border_radius__hover_enabled=&#8220;off&#8220; button_two_border_radius__hover_enabled=&#8220;off&#8220; button_one_letter_spacing__hover_enabled=&#8220;off&#8220; button_two_letter_spacing__hover_enabled=&#8220;off&#8220; button_one_bg_color__hover_enabled=&#8220;off&#8220; button_two_bg_color__hover_enabled=&#8220;off&#8220;][\/et_pb_fullwidth_header][\/et_pb_section][et_pb_section fb_built=&#8220;1&#8243; _builder_version=&#8220;3.22&#8243; global_colors_info=&#8220;{}&#8220;][et_pb_row column_structure=&#8220;1_2,1_2&#8243; make_equal=&#8220;on&#8220; admin_label=&#8220;row&#8220; _builder_version=&#8220;4.9.10&#8243; background_size=&#8220;initial&#8220; background_position=&#8220;top_left&#8220; background_repeat=&#8220;repeat&#8220; animation_style=&#8220;zoom&#8220; global_colors_info=&#8220;{}&#8220;][et_pb_column type=&#8220;1_2&#8243; _builder_version=&#8220;3.25&#8243; custom_padding=&#8220;|||&#8220; global_colors_info=&#8220;{}&#8220; custom_padding__hover=&#8220;|||&#8220;][et_pb_cta title=&#8220;F\u00fcr Kunden&#8220; button_url=&#8220;mailto:office@wertholz.com&#8220; button_text=&#8220;Anfrage senden&#8220; admin_label=&#8220;Call To Action&#8220; _builder_version=&#8220;4.9.10&#8243; background_color=&#8220;#627bcc&#8220; background_size=&#8220;initial&#8220; background_position=&#8220;top_left&#8220; background_repeat=&#8220;repeat&#8220; text_orientation=&#8220;justified&#8220; use_border_color=&#8220;off&#8220; border_color=&#8220;#ffffff&#8220; border_style=&#8220;solid&#8220; button_letter_spacing_hover=&#8220;0&#8243; global_colors_info=&#8220;{}&#8220; button_text_size__hover_enabled=&#8220;off&#8220; button_one_text_size__hover_enabled=&#8220;off&#8220; button_two_text_size__hover_enabled=&#8220;off&#8220; button_text_color__hover_enabled=&#8220;off&#8220; button_one_text_color__hover_enabled=&#8220;off&#8220; button_two_text_color__hover_enabled=&#8220;off&#8220; button_border_width__hover_enabled=&#8220;off&#8220; button_one_border_width__hover_enabled=&#8220;off&#8220; button_two_border_width__hover_enabled=&#8220;off&#8220; button_border_color__hover_enabled=&#8220;off&#8220; button_one_border_color__hover_enabled=&#8220;off&#8220; button_two_border_color__hover_enabled=&#8220;off&#8220; button_border_radius__hover_enabled=&#8220;off&#8220; button_one_border_radius__hover_enabled=&#8220;off&#8220; button_two_border_radius__hover_enabled=&#8220;off&#8220; button_letter_spacing__hover_enabled=&#8220;on&#8220; button_letter_spacing__hover=&#8220;0&#8243; button_one_letter_spacing__hover_enabled=&#8220;off&#8220; button_two_letter_spacing__hover_enabled=&#8220;off&#8220; button_bg_color__hover_enabled=&#8220;off&#8220; button_one_bg_color__hover_enabled=&#8220;off&#8220; button_two_bg_color__hover_enabled=&#8220;off&#8220;]Als Verarbeiter von Rundholz ben\u00f6tigen Sie einen zuverl\u00e4ssigen und professionellen Partner f\u00fcr die Versorgung Ihrer Produktion? WERTHOLZ garantiert Ihnen h\u00f6chste Zufriedenheit und Zuverl\u00e4ssigkeit bei der Versorgung mit den richtigen Qualit\u00e4ten zum richtigen Zeitpunkt. Senden Sie uns gleich eine Anfrage.<br \/>\n[\/et_pb_cta][\/et_pb_column][et_pb_column type=&#8220;1_2&#8243; _builder_version=&#8220;3.25&#8243; custom_padding=&#8220;|||&#8220; global_colors_info=&#8220;{}&#8220; custom_padding__hover=&#8220;|||&#8220;][et_pb_cta title=&#8220;F\u00fcr Lieferanten&#8220; button_url=&#8220;mailto:office@wertholz.com&#8220; button_text=&#8220;Anfrage senden&#8220; admin_label=&#8220;Call To Action&#8220; _builder_version=&#8220;4.3.2&#8243; background_size=&#8220;initial&#8220; background_position=&#8220;top_left&#8220; background_repeat=&#8220;repeat&#8220; text_orientation=&#8220;justified&#8220; use_border_color=&#8220;off&#8220; border_color=&#8220;#ffffff&#8220; border_style=&#8220;solid&#8220; button_letter_spacing_hover=&#8220;0&#8243; global_colors_info=&#8220;{}&#8220; button_text_size__hover_enabled=&#8220;off&#8220; button_one_text_size__hover_enabled=&#8220;off&#8220; button_two_text_size__hover_enabled=&#8220;off&#8220; button_text_color__hover_enabled=&#8220;off&#8220; button_one_text_color__hover_enabled=&#8220;off&#8220; button_two_text_color__hover_enabled=&#8220;off&#8220; button_border_width__hover_enabled=&#8220;off&#8220; button_one_border_width__hover_enabled=&#8220;off&#8220; button_two_border_width__hover_enabled=&#8220;off&#8220; button_border_color__hover_enabled=&#8220;off&#8220; button_one_border_color__hover_enabled=&#8220;off&#8220; button_two_border_color__hover_enabled=&#8220;off&#8220; button_border_radius__hover_enabled=&#8220;off&#8220; button_one_border_radius__hover_enabled=&#8220;off&#8220; button_two_border_radius__hover_enabled=&#8220;off&#8220; button_letter_spacing__hover_enabled=&#8220;on&#8220; button_letter_spacing__hover=&#8220;0&#8243; button_one_letter_spacing__hover_enabled=&#8220;off&#8220; button_two_letter_spacing__hover_enabled=&#8220;off&#8220; button_bg_color__hover_enabled=&#8220;off&#8220; button_one_bg_color__hover_enabled=&#8220;off&#8220; button_two_bg_color__hover_enabled=&#8220;off&#8220;]Sie sind auf der Suche nach einem zuverl\u00e4ssigen und professionellen Abnehmer f\u00fcr Ihr Rundholz? WERTHOLZ garantiert Ihnen h\u00f6chste Zufriedenheit und Zuverl\u00e4ssigkeit. Von der Abfuhr bis zur Abrechnung alles in einer Hand. Senden Sie uns gleich eine Anfrage und wir kontaktieren Sie gerne f\u00fcr ein Angebot.<br \/>\n[\/et_pb_cta][\/et_pb_column][\/et_pb_row][\/et_pb_section]<\/p>\n","protected":false},"excerpt":{"rendered":"<p>WERTHOLZ &#8211; Dienstleister f\u00fcr die Industrie F\u00fcr Unternehmen der Zellstoff-, Papier- und Plattenindustrie ist es von zentraler Bedeutung, eine kontinuierliche und ununterbrochene Rohstoffversorgung ihrer Werke sicherzustellen. Der Beschaffungsmarkt f\u00fcr Rundholz ist jedoch hart umk\u00e4mpft. Er folgt eigenen Regeln und ohne gute Marktkenntnisse und Marktkontakte ist es schwer, die geforderte Versorgungssicherheit zu gew\u00e4hrleisten. WERTHOLZ ist seit [&hellip;]<\/p>\n","protected":false},"author":1,"featured_media":0,"parent":0,"menu_order":0,"comment_status":"closed","ping_status":"closed","template":"","meta":{"_et_pb_use_builder":"on","_et_pb_old_content":"","_et_gb_content_width":"","footnotes":""},"class_list":["post-1427","page","type-page","status-publish","hentry"],"_links":{"self":[{"href":"https:\/\/www.wertholz.com\/de\/wp-json\/wp\/v2\/pages\/1427","targetHints":{"allow":["GET"]}}],"collection":[{"href":"https:\/\/www.wertholz.com\/de\/wp-json\/wp\/v2\/pages"}],"about":[{"href":"https:\/\/www.wertholz.com\/de\/wp-json\/wp\/v2\/types\/page"}],"author":[{"embeddable":true,"href":"https:\/\/www.wertholz.com\/de\/wp-json\/wp\/v2\/users\/1"}],"replies":[{"embeddable":true,"href":"https:\/\/www.wertholz.com\/de\/wp-json\/wp\/v2\/comments?post=1427"}],"version-history":[{"count":50,"href":"https:\/\/www.wertholz.com\/de\/wp-json\/wp\/v2\/pages\/1427\/revisions"}],"predecessor-version":[{"id":3033,"href":"https:\/\/www.wertholz.com\/de\/wp-json\/wp\/v2\/pages\/1427\/revisions\/3033"}],"wp:attachment":[{"href":"https:\/\/www.wertholz.com\/de\/wp-json\/wp\/v2\/media?parent=1427"}],"curies":[{"name":"wp","href":"https:\/\/api.w.org\/{rel}","templated":true}]}}