{"id":1747,"date":"2015-12-04T20:43:33","date_gmt":"2015-12-04T19:43:33","guid":{"rendered":"http:\/\/www.wertholz.com\/de\/?page_id=1747"},"modified":"2021-08-10T15:36:28","modified_gmt":"2021-08-10T14:36:28","slug":"jagd","status":"publish","type":"page","link":"https:\/\/www.wertholz.com\/de\/jagd\/","title":{"rendered":"Jagd"},"content":{"rendered":"<p>[et_pb_section fb_built=&#8220;1&#8243; fullwidth=&#8220;on&#8220; _builder_version=&#8220;3.22&#8243;][et_pb_fullwidth_header title=&#8220;JAGD&#8220; subhead=&#8220;Interessante Jagdm\u00f6glichkeiten f\u00fcr passionierte J\u00e4ger&#8220; text_orientation=&#8220;center&#8220; background_overlay_color=&#8220;rgba(0,0,0,0.2)&#8220; _builder_version=&#8220;4.9.10&#8243; title_font_size=&#8220;48px&#8220; title_line_height=&#8220;1.3em&#8220; subhead_font_size=&#8220;24px&#8220; subhead_line_height=&#8220;1.3em&#8220; background_image=&#8220;https:\/\/www.wertholz.com\/wp-content\/uploads\/2018\/09\/hunting_1600x933.jpg&#8220; custom_padding=&#8220;150px||150px|&#8220; hover_enabled=&#8220;0&#8243; title_font_size_tablet=&#8220;30px&#8220; title_font_size_phone=&#8220;&#8220; title_font_size_last_edited=&#8220;on|phone&#8220; content_font_size_last_edited=&#8220;off|phone&#8220; subhead_font_size_tablet=&#8220;18px&#8220; subhead_font_size_phone=&#8220;&#8220; subhead_font_size_last_edited=&#8220;on|tablet&#8220; button_one_text_size__hover_enabled=&#8220;off&#8220; button_two_text_size__hover_enabled=&#8220;off&#8220; button_one_text_color__hover_enabled=&#8220;off&#8220; button_two_text_color__hover_enabled=&#8220;off&#8220; button_one_border_width__hover_enabled=&#8220;off&#8220; button_two_border_width__hover_enabled=&#8220;off&#8220; button_one_border_color__hover_enabled=&#8220;off&#8220; button_two_border_color__hover_enabled=&#8220;off&#8220; button_one_border_radius__hover_enabled=&#8220;off&#8220; button_two_border_radius__hover_enabled=&#8220;off&#8220; button_one_letter_spacing__hover_enabled=&#8220;off&#8220; button_two_letter_spacing__hover_enabled=&#8220;off&#8220; button_one_bg_color__hover_enabled=&#8220;off&#8220; button_two_bg_color__hover_enabled=&#8220;off&#8220; animation_style=&#8220;zoom&#8220; sticky_enabled=&#8220;0&#8243;][\/et_pb_fullwidth_header][\/et_pb_section][et_pb_section fb_built=&#8220;1&#8243; admin_label=&#8220;section&#8220; _builder_version=&#8220;3.22&#8243;][et_pb_row admin_label=&#8220;row&#8220; _builder_version=&#8220;4.9.10&#8243; background_size=&#8220;initial&#8220; background_position=&#8220;top_left&#8220; background_repeat=&#8220;repeat&#8220; hover_enabled=&#8220;0&#8243; column_structure=&#8220;1_2,1_2&#8243; animation_style=&#8220;zoom&#8220; sticky_enabled=&#8220;0&#8243;][et_pb_column type=&#8220;1_2&#8243; _builder_version=&#8220;3.25&#8243; custom_padding=&#8220;|||&#8220; custom_padding__hover=&#8220;|||&#8220;][et_pb_text _builder_version=&#8220;3.27.4&#8243; background_size=&#8220;initial&#8220; background_position=&#8220;top_left&#8220; background_repeat=&#8220;repeat&#8220; module_alignment=&#8220;left&#8220; use_border_color=&#8220;off&#8220; border_color=&#8220;#ffffff&#8220; border_style=&#8220;solid&#8220;]<\/p>\n<h2>Leitlinien f\u00fcr Jagden von WERTHOLZ<\/h2>\n<p>[\/et_pb_text][et_pb_text _builder_version=&#8220;3.27.4&#8243; background_size=&#8220;initial&#8220; background_position=&#8220;top_left&#8220; background_repeat=&#8220;repeat&#8220; text_orientation=&#8220;justified&#8220; module_alignment=&#8220;justified&#8220; use_border_color=&#8220;off&#8220; border_color=&#8220;#ffffff&#8220; border_style=&#8220;solid&#8220;]In den land- und forstwirtschaftlichen Betrieben der WERTHOLZ Gruppe steht nachhaltiges Wirtschaften und ein schonender Umgang mit der Natur an vorderster Stelle. Damit verbunden sehen wir es auch als unsere Verantwortung, die Wildbest\u00e4nde in unseren Betrieben zu sch\u00fctzen und zu pflegen. Daher organisieren wir auch die Jagd in unseren Betrieben entsprechend diesen Leitlinien.<\/p>\n<p>Im Osten der Slowakei, zwischen den Orten Leles und Kralovsky Chlmec, liegt das Revier Norbertus. Dieses Revier umfasst vollarrondiert 2.149 ha und teilt sich in die drei Bereiche Er\u00f6s, Polany und Fejses auf. Im Revier Norbertus organisieren wir Ansitzjagden f\u00fcr Rehwild und Treibjagden f\u00fcr Fasanen und Schwarzwild. Die Treibjagden finden jedes Jahr in den Wintermonaten von November bis Januar statt. Traditionell werden vier Treibjagden zu vorab angek\u00fcndigten Terminen organisiert.<br \/>\n[\/et_pb_text][\/et_pb_column][et_pb_column type=&#8220;1_2&#8243; _builder_version=&#8220;3.25&#8243; custom_padding=&#8220;|||&#8220; custom_padding__hover=&#8220;|||&#8220;][et_pb_divider show_divider=&#8220;off&#8220; disabled_on=&#8220;on|on|&#8220; _builder_version=&#8220;3.13.1&#8243; height=&#8220;50px&#8220;][\/et_pb_divider][et_pb_image src=&#8220;https:\/\/www.wertholz.com\/wp-content\/uploads\/2015\/12\/jagd7.jpg&#8220; align_tablet=&#8220;center&#8220; align_last_edited=&#8220;on|desktop&#8220; admin_label=&#8220;Image&#8220; _builder_version=&#8220;4.9.10&#8243; hover_enabled=&#8220;0&#8243; animation_style=&#8220;zoom&#8220; sticky_enabled=&#8220;0&#8243;][\/et_pb_image][\/et_pb_column][\/et_pb_row][et_pb_row _builder_version=&#8220;4.9.10&#8243; background_size=&#8220;initial&#8220; background_position=&#8220;top_left&#8220; background_repeat=&#8220;repeat&#8220; hover_enabled=&#8220;0&#8243; column_structure=&#8220;1_2,1_2&#8243; animation_style=&#8220;zoom&#8220; sticky_enabled=&#8220;0&#8243;][et_pb_column type=&#8220;1_2&#8243; _builder_version=&#8220;3.25&#8243; custom_padding=&#8220;|||&#8220; custom_padding__hover=&#8220;|||&#8220;][et_pb_image src=&#8220;https:\/\/www.wertholz.com\/wp-content\/uploads\/2015\/12\/jagd17.jpg&#8220; align_tablet=&#8220;center&#8220; align_last_edited=&#8220;on|desktop&#8220; _builder_version=&#8220;4.9.10&#8243; hover_enabled=&#8220;0&#8243; animation_style=&#8220;zoom&#8220; sticky_enabled=&#8220;0&#8243;][\/et_pb_image][\/et_pb_column][et_pb_column type=&#8220;1_2&#8243; _builder_version=&#8220;3.25&#8243; custom_padding=&#8220;|||&#8220; custom_padding__hover=&#8220;|||&#8220;][et_pb_divider show_divider=&#8220;off&#8220; disabled_on=&#8220;on|on|&#8220; _builder_version=&#8220;3.13.1&#8243; height=&#8220;50px&#8220;][\/et_pb_divider][et_pb_image src=&#8220;https:\/\/www.wertholz.com\/wp-content\/uploads\/2018\/09\/wh_danubius_logo_1024x484.jpg&#8220; align=&#8220;center&#8220; align_tablet=&#8220;center&#8220; align_last_edited=&#8220;on|desktop&#8220; _builder_version=&#8220;4.9.10&#8243; max_width=&#8220;66%&#8220; module_alignment=&#8220;center&#8220; hover_enabled=&#8220;0&#8243; animation_style=&#8220;zoom&#8220; sticky_enabled=&#8220;0&#8243;][\/et_pb_image][\/et_pb_column][\/et_pb_row][et_pb_row admin_label=&#8220;row&#8220; _builder_version=&#8220;4.9.10&#8243; background_size=&#8220;initial&#8220; background_position=&#8220;top_left&#8220; background_repeat=&#8220;repeat&#8220; hover_enabled=&#8220;0&#8243; animation_style=&#8220;zoom&#8220; sticky_enabled=&#8220;0&#8243;][et_pb_column type=&#8220;4_4&#8243; _builder_version=&#8220;3.25&#8243; custom_padding=&#8220;|||&#8220; custom_padding__hover=&#8220;|||&#8220;][et_pb_testimonial author=&#8220;Ing. Maximilian Wagner&#8220; job_title=&#8220;Verwalter Betrieb Leles&#8220; portrait_url=&#8220;https:\/\/www.wertholz.com\/wp-content\/uploads\/2014\/02\/maximilianwagner.jpg&#8220; _builder_version=&#8220;4.9.10&#8243; background_size=&#8220;initial&#8220; background_position=&#8220;top_left&#8220; background_repeat=&#8220;repeat&#8220; text_orientation=&#8220;justified&#8220; hover_enabled=&#8220;0&#8243; sticky_enabled=&#8220;0&#8243;]<\/p>\n<h3>Organisation einer Treibjagd im Revier Norbertus<\/h3>\n<p>Die Jagden werden von unserem Team organisiert. Wir m\u00f6chten unseren Jagdg\u00e4sten ein sch\u00f6nes Jagderlebnis und eine sch\u00f6ne gemeinsame Zeit bieten, legen dabei aber auch gro\u00dfen Wert auf Sicherheit. Der Ablauf einer Treibjagd ist lange im Voraus geplant und folgt dabei selbstverst\u00e4ndlich auch den Regeln des slowakischen Jagdgesetzes. Nach Vorschrift des slowakischen Jagdgesetzes werden entsprechend der Sch\u00fctzenanzahl Treiber und Hunde organisiert. Alle Teilnehmer finden sich am fr\u00fchen Morgen im Waldteil Er\u00f6s ein. Ein Fr\u00fchst\u00fcck und w\u00e4rmende Getr\u00e4nke st\u00e4rken, bevor es losgeht.<\/p>\n<p>Der erste Schritt ist die Registrierung der Jagdteilnehmer, dabei werden die g\u00fcltigen Jagd- und Waffenbesitzkarten kontrolliert und in Evidenz gehalten. Dies gilt auch f\u00fcr alle Hundef\u00fchrer und Begleiter. Zur Er\u00f6ffnung der Jagd stellen sich alle Sch\u00fctzen und Treiber auf. In einer Reihe stehen Sch\u00fctzen und gegen\u00fcber stehen die Treiber. Die Jagdhornbl\u00e4ser er\u00f6ffnen die Versammlung, der Gastgeber und der Verwalter hei\u00dfen die J\u00e4ger willkommen. Der Jagdleiter stellt den Verlauf der Treibjagd vor und erteilt eine kurze Unterrichtung zum Thema Sicherheit am Stand und im Trieb. Jeder Jagdteilnehmer muss mit Warnweste oder Warnstreifen f\u00fcr die anderen Jagdteilnehmer und Treiber gut sichtbar markiert sein. Auch die Hunde tragen zum Schutz farbige Halsb\u00e4nder.<\/p>\n<p>Sollten viele Sch\u00fctzen an der Jagd teilnehmen, werden die St\u00e4nde vorab verlost. Danach f\u00fchrt der Jagdleiter die Sch\u00fctzen zu den markierten St\u00e4nden. Nach einem vorher vereinbarten Signalton beginnt die Jagd. Die Treiber dr\u00fccken das Wild zum Sch\u00fctzen, wobei Hunde und Treiber gut zusammenarbeiten m\u00fcssen. Nun liegt es an den Sch\u00fctzen wie erfolgreich die Jagd verl\u00e4uft.<\/p>\n<p>Nach der Jagd versammeln sich alle J\u00e4ger am Ausgangspunkt zur Strecke. Es ert\u00f6nen die Signale \u201eV\u00fdrad\u201c. Der Jagdleiter stellt das Jagdergebnis und die Sch\u00fctzen vor. Zum Ende der Zeremonie spielen die Jagdbl\u00e4ser das Signal \u201eLovu zdar!\u201c. Der letzte Fixpunkt ist die ersehnte Verst\u00e4rkung, es folgt die Bewirtung in einem nahegelegenen Restaurant. In einem alten Gew\u00f6lbekeller des 16. Jahrhunderts werden typische Wildgerichte serviert.<br \/>\n[\/et_pb_testimonial][\/et_pb_column][\/et_pb_row][\/et_pb_section]<\/p>\n","protected":false},"excerpt":{"rendered":"<p>Leitlinien f\u00fcr Jagden von WERTHOLZ In den land- und forstwirtschaftlichen Betrieben der WERTHOLZ Gruppe steht nachhaltiges Wirtschaften und ein schonender Umgang mit der Natur an vorderster Stelle. Damit verbunden sehen wir es auch als unsere Verantwortung, die Wildbest\u00e4nde in unseren Betrieben zu sch\u00fctzen und zu pflegen. Daher organisieren wir auch die Jagd in unseren Betrieben [&hellip;]<\/p>\n","protected":false},"author":1,"featured_media":0,"parent":0,"menu_order":0,"comment_status":"closed","ping_status":"closed","template":"","meta":{"_et_pb_use_builder":"on","_et_pb_old_content":"","_et_gb_content_width":"","footnotes":""},"class_list":["post-1747","page","type-page","status-publish","hentry"],"_links":{"self":[{"href":"https:\/\/www.wertholz.com\/de\/wp-json\/wp\/v2\/pages\/1747","targetHints":{"allow":["GET"]}}],"collection":[{"href":"https:\/\/www.wertholz.com\/de\/wp-json\/wp\/v2\/pages"}],"about":[{"href":"https:\/\/www.wertholz.com\/de\/wp-json\/wp\/v2\/types\/page"}],"author":[{"embeddable":true,"href":"https:\/\/www.wertholz.com\/de\/wp-json\/wp\/v2\/users\/1"}],"replies":[{"embeddable":true,"href":"https:\/\/www.wertholz.com\/de\/wp-json\/wp\/v2\/comments?post=1747"}],"version-history":[{"count":23,"href":"https:\/\/www.wertholz.com\/de\/wp-json\/wp\/v2\/pages\/1747\/revisions"}],"predecessor-version":[{"id":2955,"href":"https:\/\/www.wertholz.com\/de\/wp-json\/wp\/v2\/pages\/1747\/revisions\/2955"}],"wp:attachment":[{"href":"https:\/\/www.wertholz.com\/de\/wp-json\/wp\/v2\/media?parent=1747"}],"curies":[{"name":"wp","href":"https:\/\/api.w.org\/{rel}","templated":true}]}}