{"id":3066,"date":"2022-06-05T12:41:33","date_gmt":"2022-06-05T11:41:33","guid":{"rendered":"https:\/\/www.wertholz.com\/?page_id=3066"},"modified":"2022-06-07T05:56:59","modified_gmt":"2022-06-07T04:56:59","slug":"rundholz-einkauf","status":"publish","type":"page","link":"https:\/\/www.wertholz.com\/de\/rundholz-einkauf\/","title":{"rendered":"Rundholz Einkauf"},"content":{"rendered":"<p>[et_pb_section fb_built=&#8220;1&#8243; _builder_version=&#8220;4.15.1&#8243; _module_preset=&#8220;default&#8220; global_colors_info=&#8220;{}&#8220;][et_pb_row column_structure=&#8220;3_5,2_5&#8243; _builder_version=&#8220;4.15.1&#8243; _module_preset=&#8220;default&#8220; global_colors_info=&#8220;{}&#8220;][et_pb_column type=&#8220;3_5&#8243; _builder_version=&#8220;4.15.1&#8243; _module_preset=&#8220;default&#8220; global_colors_info=&#8220;{}&#8220;][et_pb_text _builder_version=&#8220;4.15.1&#8243; _module_preset=&#8220;default&#8220; text_font_size=&#8220;16px&#8220; global_colors_info=&#8220;{}&#8220;]<\/p>\n<h1>Rundholz Einkauf<\/h1>\n<p>Sie haben Rundholz zu verkaufen und sind auf der Suche nach einem zuverl\u00e4ssigen und kompetenten Partner? Dann sind Sie bei uns genau richtig! Wir kaufen Ihr Rundholz f\u00fcr unsere eigene Produktion in F\u00fcrnitz. Unsere Lieferanten vertrauen uns seit mehr als 40 Jahren.<\/p>\n<p>F\u00fcllen Sie einfach das nachfolgende Formular aus und wir werden uns umgehend um Ihre Anfrage bem\u00fchen.[\/et_pb_text][et_pb_contact_form email=&#8220;rundholzeinkauf@wertholz.com&#8220; success_message=&#8220;Vielen Dank f\u00fcr Ihre Anfrage. Wir werden uns umgehend mit einem Angebot melden bei Ihnen.&#8220; submit_button_text=&#8220;Angebot anfordern&#8220; _builder_version=&#8220;4.15.1&#8243; _module_preset=&#8220;default&#8220; _unique_id=&#8220;65157ca2-4119-46b8-8187-cfbb0a97b96f&#8220; hover_enabled=&#8220;0&#8243; global_colors_info=&#8220;{}&#8220; sticky_enabled=&#8220;0&#8243;][et_pb_contact_field field_id=&#8220;Vorname&#8220; field_title=&#8220;Vorname*&#8220; _builder_version=&#8220;4.15.1&#8243; global_colors_info=&#8220;{}&#8220; button_text_size__hover_enabled=&#8220;off&#8220; button_one_text_size__hover_enabled=&#8220;off&#8220; button_two_text_size__hover_enabled=&#8220;off&#8220; button_text_color__hover_enabled=&#8220;off&#8220; button_one_text_color__hover_enabled=&#8220;off&#8220; button_two_text_color__hover_enabled=&#8220;off&#8220; button_border_width__hover_enabled=&#8220;off&#8220; button_one_border_width__hover_enabled=&#8220;off&#8220; button_two_border_width__hover_enabled=&#8220;off&#8220; button_border_color__hover_enabled=&#8220;off&#8220; button_one_border_color__hover_enabled=&#8220;off&#8220; button_two_border_color__hover_enabled=&#8220;off&#8220; button_border_radius__hover_enabled=&#8220;off&#8220; button_one_border_radius__hover_enabled=&#8220;off&#8220; button_two_border_radius__hover_enabled=&#8220;off&#8220; button_letter_spacing__hover_enabled=&#8220;off&#8220; button_one_letter_spacing__hover_enabled=&#8220;off&#8220; button_two_letter_spacing__hover_enabled=&#8220;off&#8220; button_bg_color__hover_enabled=&#8220;off&#8220; button_one_bg_color__hover_enabled=&#8220;off&#8220; button_two_bg_color__hover_enabled=&#8220;off&#8220;][\/et_pb_contact_field][et_pb_contact_field field_id=&#8220;Nachname&#8220; field_title=&#8220;Nachname*&#8220; _builder_version=&#8220;4.15.1&#8243; _module_preset=&#8220;default&#8220; global_colors_info=&#8220;{}&#8220;][\/et_pb_contact_field][et_pb_contact_field field_id=&#8220;Firma&#8220; field_title=&#8220;Firma&#8220; required_mark=&#8220;off&#8220; fullwidth_field=&#8220;on&#8220; _builder_version=&#8220;4.15.1&#8243; _module_preset=&#8220;default&#8220; global_colors_info=&#8220;{}&#8220;][\/et_pb_contact_field][et_pb_contact_field field_id=&#8220;PLZ&#8220; field_title=&#8220;PLZ*&#8220; _builder_version=&#8220;4.15.1&#8243; _module_preset=&#8220;default&#8220; global_colors_info=&#8220;{}&#8220;][\/et_pb_contact_field][et_pb_contact_field field_id=&#8220;Ort&#8220; field_title=&#8220;Ort*&#8220; _builder_version=&#8220;4.15.1&#8243; _module_preset=&#8220;default&#8220; global_colors_info=&#8220;{}&#8220;][\/et_pb_contact_field][et_pb_contact_field field_id=&#8220;Adresse1&#8243; field_title=&#8220;Adresse1*&#8220; fullwidth_field=&#8220;on&#8220; _builder_version=&#8220;4.15.1&#8243; _module_preset=&#8220;default&#8220; global_colors_info=&#8220;{}&#8220;][\/et_pb_contact_field][et_pb_contact_field field_id=&#8220;Adresse2&#8243; field_title=&#8220;Adresse2&#8243; required_mark=&#8220;off&#8220; fullwidth_field=&#8220;on&#8220; _builder_version=&#8220;4.15.1&#8243; _module_preset=&#8220;default&#8220; global_colors_info=&#8220;{}&#8220;][\/et_pb_contact_field][et_pb_contact_field field_id=&#8220;Land&#8220; field_title=&#8220;Land*&#8220; field_type=&#8220;select&#8220; select_options=&#8220;%91{%22value%22:%22\u00d6sterreich%22,%22checked%22:0,%22dragID%22:-1},{%22value%22:%22Slowenien%22,%22checked%22:0,%22dragID%22:0},{%22value%22:%22Italien%22,%22checked%22:0,%22dragID%22:1}%93&#8243; fullwidth_field=&#8220;on&#8220; _builder_version=&#8220;4.15.1&#8243; _module_preset=&#8220;default&#8220; global_colors_info=&#8220;{}&#8220;][\/et_pb_contact_field][et_pb_contact_field field_id=&#8220;Email_Adresse&#8220; field_title=&#8220;E-Mail*&#8220; field_type=&#8220;email&#8220; _builder_version=&#8220;4.15.1&#8243; _module_preset=&#8220;default&#8220; hover_enabled=&#8220;0&#8243; global_colors_info=&#8220;{}&#8220; sticky_enabled=&#8220;0&#8243;][\/et_pb_contact_field][et_pb_contact_field field_id=&#8220;Telefon&#8220; field_title=&#8220;Telefon&#8220; required_mark=&#8220;off&#8220; _builder_version=&#8220;4.15.1&#8243; _module_preset=&#8220;default&#8220; global_colors_info=&#8220;{}&#8220;][\/et_pb_contact_field][et_pb_contact_field field_id=&#8220;Verfuegbar_ab&#8220; field_title=&#8220;Verf\u00fcgbar ab*&#8220; field_type=&#8220;select&#8220; select_options=&#8220;%91{%22value%22:%22Sofort%22,%22checked%22:0,%22dragID%22:-1},{%22value%22:%22in einem Monat%22,%22checked%22:0,%22dragID%22:0},{%22value%22:%22in zwei Monaten%22,%22checked%22:0,%22dragID%22:1},{%22value%22:%22in drei Monate oder sp\u00e4ter%22,%22checked%22:0,%22dragID%22:2}%93&#8243; _builder_version=&#8220;4.15.1&#8243; _module_preset=&#8220;default&#8220; global_colors_info=&#8220;{}&#8220;][\/et_pb_contact_field][et_pb_contact_field field_id=&#8220;Geschaetzte_Menge&#8220; field_title=&#8220;Gesch\u00e4tzte Menge* (Festmeter)&#8220; _builder_version=&#8220;4.15.1&#8243; _module_preset=&#8220;default&#8220; global_colors_info=&#8220;{}&#8220;][\/et_pb_contact_field][et_pb_contact_field field_id=&#8220;Qualitaeten&#8220; field_title=&#8220;Qualit\u00e4ten*&#8220; field_type=&#8220;checkbox&#8220; checkbox_options=&#8220;%91{%22value%22:%22S\u00e4geholz%22,%22checked%22:0,%22dragID%22:-1},{%22value%22:%22Schleifholz%22,%22checked%22:0,%22dragID%22:0},{%22value%22:%22Faserholz%22,%22checked%22:0,%22dragID%22:1},{%22value%22:%22Energieholz%22,%22checked%22:0,%22dragID%22:2}%93&#8243; _builder_version=&#8220;4.15.1&#8243; _module_preset=&#8220;default&#8220; global_colors_info=&#8220;{}&#8220;][\/et_pb_contact_field][et_pb_contact_field field_id=&#8220;Holzarten&#8220; field_title=&#8220;Holzarten&#8220; field_type=&#8220;checkbox&#8220; checkbox_options=&#8220;%91{%22value%22:%22Fichte\/Tanne%22,%22checked%22:0,%22dragID%22:-1},{%22value%22:%22Kiefer%22,%22checked%22:0,%22dragID%22:0},{%22value%22:%22L\u00e4rche%22,%22checked%22:0,%22dragID%22:1},{%22value%22:%22Sonstige%22,%22checked%22:0,%22dragID%22:2}%93&#8243; _builder_version=&#8220;4.15.1&#8243; _module_preset=&#8220;default&#8220; global_colors_info=&#8220;{}&#8220;][\/et_pb_contact_field][et_pb_contact_field field_id=&#8220;Abholort&#8220; field_title=&#8220;Abholort*  (Beschreiben Sie kurz wo das Holz abgeholt werden soll)&#8220; fullwidth_field=&#8220;on&#8220; _builder_version=&#8220;4.15.1&#8243; _module_preset=&#8220;default&#8220; global_colors_info=&#8220;{}&#8220;][\/et_pb_contact_field][et_pb_contact_field field_id=&#8220;Bemerkungen&#8220; field_title=&#8220;Bemerkungen&#8220; field_type=&#8220;text&#8220; required_mark=&#8220;off&#8220; fullwidth_field=&#8220;on&#8220; _builder_version=&#8220;4.15.1&#8243; _module_preset=&#8220;default&#8220; global_colors_info=&#8220;{}&#8220;][\/et_pb_contact_field][et_pb_contact_field field_id=&#8220;GDPR&#8220; field_title=&#8220;Datenschutz&#8220; field_type=&#8220;checkbox&#8220; checkbox_options=&#8220;%91{%22value%22:%22Ich stimme den Datenschutzrichtlinien zu.%22,%22checked%22:0,%22dragID%22:-1,%22link_url%22:%22https:\/\/www.wertholz.com\/de\/datenschutz\/%22}%93&#8243; fullwidth_field=&#8220;on&#8220; _builder_version=&#8220;4.15.1&#8243; _module_preset=&#8220;default&#8220; global_colors_info=&#8220;{}&#8220;][\/et_pb_contact_field][\/et_pb_contact_form][\/et_pb_column][et_pb_column type=&#8220;2_5&#8243; _builder_version=&#8220;4.15.1&#8243; _module_preset=&#8220;default&#8220; global_colors_info=&#8220;{}&#8220;][et_pb_image src=&#8220;https:\/\/www.wertholz.com\/wp-content\/uploads\/2022\/06\/Werbung_Rundholzeinkauf_2022.jpg&#8220; title_text=&#8220;Werbung_Rundholzeinkauf_2022&#8243; _builder_version=&#8220;4.15.1&#8243; _module_preset=&#8220;default&#8220; global_colors_info=&#8220;{}&#8220;][\/et_pb_image][\/et_pb_column][\/et_pb_row][\/et_pb_section]<\/p>\n","protected":false},"excerpt":{"rendered":"<p>Rundholz Einkauf Sie haben Rundholz zu verkaufen und sind auf der Suche nach einem zuverl\u00e4ssigen und kompetenten Partner? Dann sind Sie bei uns genau richtig! Wir kaufen Ihr Rundholz f\u00fcr unsere eigene Produktion in F\u00fcrnitz. Unsere Lieferanten vertrauen uns seit mehr als 40 Jahren. F\u00fcllen Sie einfach das nachfolgende Formular aus und wir werden uns [&hellip;]<\/p>\n","protected":false},"author":1,"featured_media":3068,"parent":0,"menu_order":0,"comment_status":"closed","ping_status":"closed","template":"","meta":{"_et_pb_use_builder":"on","_et_pb_old_content":"","_et_gb_content_width":"","footnotes":""},"class_list":["post-3066","page","type-page","status-publish","has-post-thumbnail","hentry"],"_links":{"self":[{"href":"https:\/\/www.wertholz.com\/de\/wp-json\/wp\/v2\/pages\/3066","targetHints":{"allow":["GET"]}}],"collection":[{"href":"https:\/\/www.wertholz.com\/de\/wp-json\/wp\/v2\/pages"}],"about":[{"href":"https:\/\/www.wertholz.com\/de\/wp-json\/wp\/v2\/types\/page"}],"author":[{"embeddable":true,"href":"https:\/\/www.wertholz.com\/de\/wp-json\/wp\/v2\/users\/1"}],"replies":[{"embeddable":true,"href":"https:\/\/www.wertholz.com\/de\/wp-json\/wp\/v2\/comments?post=3066"}],"version-history":[{"count":27,"href":"https:\/\/www.wertholz.com\/de\/wp-json\/wp\/v2\/pages\/3066\/revisions"}],"predecessor-version":[{"id":3120,"href":"https:\/\/www.wertholz.com\/de\/wp-json\/wp\/v2\/pages\/3066\/revisions\/3120"}],"wp:featuredmedia":[{"embeddable":true,"href":"https:\/\/www.wertholz.com\/de\/wp-json\/wp\/v2\/media\/3068"}],"wp:attachment":[{"href":"https:\/\/www.wertholz.com\/de\/wp-json\/wp\/v2\/media?parent=3066"}],"curies":[{"name":"wp","href":"https:\/\/api.w.org\/{rel}","templated":true}]}}