{"id":2245,"date":"2018-09-27T13:49:52","date_gmt":"2018-09-27T12:49:52","guid":{"rendered":"https:\/\/www.wertholz.com\/forest-holdings\/"},"modified":"2021-08-09T13:10:22","modified_gmt":"2021-08-09T12:10:22","slug":"forest-holdings","status":"publish","type":"page","link":"https:\/\/www.wertholz.com\/en\/forest-holdings\/","title":{"rendered":"Forest Holdings"},"content":{"rendered":"<p>[et_pb_section fb_built=&#8221;1&#8243; fullwidth=&#8221;on&#8221; _builder_version=&#8221;3.22&#8243;][et_pb_fullwidth_header title=&#8221;Forest Holdings&#8221; subhead=&#8221;WH DANUBIUS \u2013 Forest Holdings in Slovakia&#8221; text_orientation=&#8221;center&#8221; background_overlay_color=&#8221;rgba(0,0,0,0.2)&#8221; _builder_version=&#8221;4.9.10&#8243; title_font_size=&#8221;48px&#8221; title_line_height=&#8221;1.3em&#8221; subhead_font_size=&#8221;24px&#8221; subhead_line_height=&#8221;1.3em&#8221; background_image=&#8221;https:\/\/www.wertholz.com\/wp-content\/uploads\/2018\/09\/autumn_1600x533.jpg&#8221; background_position=&#8221;bottom_center&#8221; custom_padding=&#8221;150px||150px|&#8221; animation_style=&#8221;zoom&#8221; title_font_size_tablet=&#8221;30px&#8221; title_font_size_phone=&#8221;&#8221; title_font_size_last_edited=&#8221;on|phone&#8221; content_font_size_last_edited=&#8221;off|phone&#8221; subhead_font_size_tablet=&#8221;18px&#8221; subhead_font_size_phone=&#8221;&#8221; subhead_font_size_last_edited=&#8221;on|tablet&#8221; button_one_text_size__hover_enabled=&#8221;off&#8221; button_two_text_size__hover_enabled=&#8221;off&#8221; button_one_text_color__hover_enabled=&#8221;off&#8221; button_two_text_color__hover_enabled=&#8221;off&#8221; button_one_border_width__hover_enabled=&#8221;off&#8221; button_two_border_width__hover_enabled=&#8221;off&#8221; button_one_border_color__hover_enabled=&#8221;off&#8221; button_two_border_color__hover_enabled=&#8221;off&#8221; button_one_border_radius__hover_enabled=&#8221;off&#8221; button_two_border_radius__hover_enabled=&#8221;off&#8221; button_one_letter_spacing__hover_enabled=&#8221;off&#8221; button_two_letter_spacing__hover_enabled=&#8221;off&#8221; button_one_bg_color__hover_enabled=&#8221;off&#8221; button_two_bg_color__hover_enabled=&#8221;off&#8221;][\/et_pb_fullwidth_header][\/et_pb_section][et_pb_section fb_built=&#8221;1&#8243; admin_label=&#8221;section&#8221; _builder_version=&#8221;3.22&#8243;][et_pb_row column_structure=&#8221;1_2,1_2&#8243; admin_label=&#8221;row&#8221; _builder_version=&#8221;4.9.10&#8243; background_size=&#8221;initial&#8221; background_position=&#8221;top_left&#8221; background_repeat=&#8221;repeat&#8221; animation_style=&#8221;zoom&#8221;][et_pb_column type=&#8221;1_2&#8243; _builder_version=&#8221;3.25&#8243; custom_padding=&#8221;|||&#8221; custom_padding__hover=&#8221;|||&#8221;][et_pb_text _builder_version=&#8221;3.27.4&#8243; background_size=&#8221;initial&#8221; background_position=&#8221;top_left&#8221; background_repeat=&#8221;repeat&#8221; module_alignment=&#8221;left&#8221; use_border_color=&#8221;off&#8221; border_color=&#8221;#ffffff&#8221; border_style=&#8221;solid&#8221;]<\/p>\n<h2>WH DANUBIUS \u2013 Forest Holdings in Slovakia<\/h2>\n<p>[\/et_pb_text][et_pb_text _builder_version=&#8221;3.27.4&#8243; background_size=&#8221;initial&#8221; background_position=&#8221;top_left&#8221; background_repeat=&#8221;repeat&#8221; text_orientation=&#8221;justified&#8221; module_alignment=&#8221;left&#8221; use_border_color=&#8221;off&#8221;]Slovakian WERTHOLZ subsidiary WH DANUBIUS, s.r.o., based in Kl\u00e1\u0161tor pod Znievom, owns around 1,800 hectares of woodland in Slovakia, managed by three operations. The around 15,000 solid cubic metres harvested by all four operations each year are supplied to buyers based in Slovakia, Austria and Germany. <\/p>\n<p>In an effort to comply with sustainable forestry management principles, investments have been made in all operations over recent years, primarily in the improvement of infrastructure.  In total, around 60 km of forest roads along with several forest storage sites have been established for handling timber. This enables efficient and state-of-the-art forest management, ensuring the continued viability of the forestry operations, both ecologically and economically.<br \/>\n[\/et_pb_text][\/et_pb_column][et_pb_column type=&#8221;1_2&#8243; _builder_version=&#8221;3.25&#8243; custom_padding=&#8221;|||&#8221; custom_padding__hover=&#8221;|||&#8221;][et_pb_image src=&#8221;https:\/\/www.wertholz.com\/wp-content\/uploads\/2018\/09\/wh_danubius_logo_1024x484.jpg&#8221; align=&#8221;center&#8221; align_tablet=&#8221;center&#8221; align_phone=&#8221;&#8221; align_last_edited=&#8221;on|desktop&#8221; _builder_version=&#8221;4.9.10&#8243; max_width=&#8221;66%&#8221; module_alignment=&#8221;center&#8221; custom_margin=&#8221;100px|||&#8221; animation_style=&#8221;zoom&#8221;][\/et_pb_image][\/et_pb_column][\/et_pb_row][\/et_pb_section][et_pb_section fb_built=&#8221;1&#8243; _builder_version=&#8221;3.22&#8243; custom_margin=&#8221;0px|0px|0px|0px&#8221; custom_padding=&#8221;0px|0px|0px|0px&#8221;][et_pb_row use_custom_gutter=&#8221;on&#8221; gutter_width=&#8221;1&#8243; admin_label=&#8221;row&#8221; module_class=&#8221; et_pb_row_fullwidth&#8221; _builder_version=&#8221;4.9.10&#8243; background_size=&#8221;initial&#8221; background_position=&#8221;top_left&#8221; background_repeat=&#8221;repeat&#8221; width=&#8221;100%&#8221; width_tablet=&#8221;100%&#8221; width_phone=&#8221;&#8221; width_last_edited=&#8221;on|desktop&#8221; max_width=&#8221;100%&#8221; max_width_tablet=&#8221;100%&#8221; max_width_phone=&#8221;&#8221; max_width_last_edited=&#8221;on|desktop&#8221; custom_margin=&#8221;0px|0px|0px|0px&#8221; custom_padding=&#8221;0px|0px|0px|0px&#8221; animation_style=&#8221;zoom&#8221; make_fullwidth=&#8221;on&#8221;][et_pb_column type=&#8221;4_4&#8243; _builder_version=&#8221;3.25&#8243; custom_padding=&#8221;0px|0px|0px|0px&#8221; custom_padding__hover=&#8221;|||&#8221;][et_pb_map address=&#8221;Kl\u00e1\u0161tor pod Znievom, Slovakia&#8221; zoom_level=&#8221;5&#8243; address_lat=&#8221;48.97278689999999&#8243; address_lng=&#8221;18.804906699999947&#8243; mouse_wheel=&#8221;off&#8221; admin_label=&#8221;Map&#8221; _builder_version=&#8221;3.13.1&#8243; child_filter_saturate=&#8221;0%&#8221;][et_pb_map_pin title=&#8221;Leles&#8221; pin_address=&#8221;076 84 Leles, Slowakei&#8221; pin_address_lat=&#8221;48.46713339999999&#8243; pin_address_lng=&#8221;22.025438200000053&#8243; _builder_version=&#8221;3.0.47&#8243;]The forestry company called Leles is situated near the Ukrainian and Hungarian border near Kr\u00e1\u013eovsk\u00fd Chlmec at an altitude of around 100 m above sea level.  Some of the roughly 800 hectares of woodlands are located in the Latorica wetlands, other parts grow on sandy dunes or on gentle hills in sandy loam. The forest is a floodplain forest with all sorts of different trees, but mostly oak, acacia, ash, beech and poplar. The company also owns another 1,300 hectares of agricultural land and employs staff to manage it.<br \/>\n[\/et_pb_map_pin][et_pb_map_pin title=&#8221;Gemersk\u00e1 Ves&#8221; pin_address=&#8221;982 62 Gemersk\u00e1 Ves, Slowakei&#8221; pin_address_lat=&#8221;48.47756400000001&#8243; pin_address_lng=&#8221;20.272793699999966&#8243; _builder_version=&#8221;3.0.47&#8243;]In Gemersk\u00e1 Ves there is a forestry company that manages around 550 hectares of forest. Further 250 hectares of agricultural land also belong to the operation.  Gemersk\u00e1 Ves is situated between Rimavsk\u00e1 Sobota and Ro\u017e\u0148ava and covers gentle hills with loamy soil, at altitudes between 197 m and 303 m. Native trees to the forest operation that covers around 550 hectares are mainly oak trees. In 2013, forest road construction was completed, facilitating access to the operation\u2019s woodlands.<br \/>\n[\/et_pb_map_pin][et_pb_map_pin title=&#8221;Kr\u00e1\u013eova Lehota&#8221; pin_address=&#8221;Kr\u00e1\u013eova Lehota, Slowakei&#8221; pin_address_lat=&#8221;49.0214866&#8243; pin_address_lng=&#8221;19.793980799999986&#8243; _builder_version=&#8221;3.0.47&#8243;]Kr\u00e1\u013eova Lehota, another forest company, is situated around 45 km east of Ru\u017eomberok in the Lower Tatra at an altitude of 720 m to 1,150 m.  The main tree species growing here are spruce and pine.  Covering an area of 99 hectares, it is the smallest forestry company belonging to WH DANUBIUS in Slovakia.  Even so, the entire forestry operation was made accessible with new forest roads in the course of the new investments.<br \/>\n[\/et_pb_map_pin][\/et_pb_map][\/et_pb_column][\/et_pb_row][\/et_pb_section][et_pb_section fb_built=&#8221;1&#8243; _builder_version=&#8221;3.22&#8243;][et_pb_row column_structure=&#8221;1_2,1_2&#8243; admin_label=&#8221;row&#8221; _builder_version=&#8221;4.9.10&#8243; background_size=&#8221;initial&#8221; background_position=&#8221;top_left&#8221; background_repeat=&#8221;repeat&#8221; hover_enabled=&#8221;0&#8243; sticky_enabled=&#8221;0&#8243;][et_pb_column type=&#8221;1_2&#8243; _builder_version=&#8221;3.25&#8243; custom_padding=&#8221;|||&#8221; custom_padding__hover=&#8221;|||&#8221;][et_pb_text _builder_version=&#8221;4.9.10&#8243; background_size=&#8221;initial&#8221; background_position=&#8221;top_left&#8221; background_repeat=&#8221;repeat&#8221; text_orientation=&#8221;justified&#8221; module_alignment=&#8221;justified&#8221; hover_enabled=&#8221;0&#8243; use_border_color=&#8221;off&#8221; border_color=&#8221;#ffffff&#8221; border_style=&#8221;solid&#8221; animation_style=&#8221;zoom&#8221; sticky_enabled=&#8221;0&#8243;]<\/p>\n<h3>Leles<\/h3>\n<p>The forestry company called Leles is situated near the Ukrainian and Hungarian border near Kr\u00e1\u013eovsk\u00fd Chlmec at an altitude of around 100 m above sea level.  Some of the roughly 800 hectares of woodlands are located in the Latorica wetlands, other parts grow on sandy dunes or on gentle hills in sandy loam. The forest is a floodplain forest with all sorts of different trees, but mostly oak, acacia, ash, beech and poplar. The company also owns another 1,300 hectares of agricultural land and employs staff to manage it.<br \/>\n[\/et_pb_text][\/et_pb_column][et_pb_column type=&#8221;1_2&#8243; _builder_version=&#8221;3.25&#8243; custom_padding=&#8221;|||&#8221; custom_padding__hover=&#8221;|||&#8221;][et_pb_counters bar_bg_color=&#8221;#45ba01&#8243; admin_label=&#8221;Animated Counters&#8221; _builder_version=&#8221;3.0.87&#8243; background_color=&#8221;#dddddd&#8221; custom_padding=&#8221;|||&#8221; custom_padding_tablet=&#8221;|||&#8221; custom_padding_phone=&#8221;|||&#8221; custom_padding_last_edited=&#8221;off|desktop&#8221;][et_pb_counter percent=&#8221;47&#8243; _builder_version=&#8221;3.0.47&#8243; background_color_default=&#8221;#dddddd&#8221; background_enable_color_default=&#8221;on&#8221; parallax_default=&#8221;off&#8221; parallax_method_default=&#8221;on&#8221; bar_background_color_default=&#8221;#45ba01&#8243; use_percentages=&#8221;on&#8221; allow_player_pause_default=&#8221;off&#8221;]Oak[\/et_pb_counter][et_pb_counter percent=&#8221;35&#8243; _builder_version=&#8221;3.0.47&#8243; background_color_default=&#8221;#dddddd&#8221; background_enable_color_default=&#8221;on&#8221; parallax_default=&#8221;off&#8221; parallax_method_default=&#8221;on&#8221; bar_background_color_default=&#8221;#45ba01&#8243; use_percentages=&#8221;on&#8221; allow_player_pause_default=&#8221;off&#8221;]Ash tree[\/et_pb_counter][et_pb_counter percent=&#8221;10&#8243; _builder_version=&#8221;3.0.47&#8243; background_color_default=&#8221;#dddddd&#8221; background_enable_color_default=&#8221;on&#8221; parallax_default=&#8221;off&#8221; parallax_method_default=&#8221;on&#8221; bar_background_color_default=&#8221;#45ba01&#8243; use_percentages=&#8221;on&#8221; allow_player_pause_default=&#8221;off&#8221;]Acacia[\/et_pb_counter][et_pb_counter percent=&#8221;5&#8243; _builder_version=&#8221;3.0.47&#8243; background_color_default=&#8221;#dddddd&#8221; background_enable_color_default=&#8221;on&#8221; parallax_default=&#8221;off&#8221; parallax_method_default=&#8221;on&#8221; bar_background_color_default=&#8221;#45ba01&#8243; use_percentages=&#8221;on&#8221; allow_player_pause_default=&#8221;off&#8221;]Beech[\/et_pb_counter][et_pb_counter percent=&#8221;3&#8243; _builder_version=&#8221;3.0.47&#8243; background_color_default=&#8221;#dddddd&#8221; background_enable_color_default=&#8221;on&#8221; parallax_default=&#8221;off&#8221; parallax_method_default=&#8221;on&#8221; bar_background_color_default=&#8221;#45ba01&#8243; use_percentages=&#8221;on&#8221; allow_player_pause_default=&#8221;off&#8221;]Poplar[\/et_pb_counter][\/et_pb_counters][\/et_pb_column][\/et_pb_row][et_pb_row column_structure=&#8221;1_2,1_2&#8243; admin_label=&#8221;row&#8221; _builder_version=&#8221;4.9.10&#8243; background_size=&#8221;initial&#8221; background_position=&#8221;top_left&#8221; background_repeat=&#8221;repeat&#8221; hover_enabled=&#8221;0&#8243; sticky_enabled=&#8221;0&#8243;][et_pb_column type=&#8221;1_2&#8243; _builder_version=&#8221;3.25&#8243; custom_padding=&#8221;|||&#8221; custom_padding__hover=&#8221;|||&#8221;][et_pb_text _builder_version=&#8221;4.9.10&#8243; background_size=&#8221;initial&#8221; background_position=&#8221;top_left&#8221; background_repeat=&#8221;repeat&#8221; text_orientation=&#8221;justified&#8221; module_alignment=&#8221;justified&#8221; hover_enabled=&#8221;0&#8243; use_border_color=&#8221;off&#8221; border_color=&#8221;#ffffff&#8221; border_style=&#8221;solid&#8221; animation_style=&#8221;zoom&#8221; sticky_enabled=&#8221;0&#8243;]<\/p>\n<h3>Gemersk\u00e1 Ves<\/h3>\n<p>In Gemersk\u00e1 Ves there is a forestry company that manages around 550 hectares of forest. Further 250 hectares of agricultural land also belong to the operation.  Gemersk\u00e1 Ves is situated between Rimavsk\u00e1 Sobota and Ro\u017e\u0148ava and covers gentle hills with loamy soil, at altitudes between 197 m and 303 m. Native trees to the forest operation that covers around 550 hectares are mainly oak trees. In 2013, forest road construction was completed, facilitating access to the operation\u2019s woodlands.<br \/>\n[\/et_pb_text][\/et_pb_column][et_pb_column type=&#8221;1_2&#8243; _builder_version=&#8221;3.25&#8243; custom_padding=&#8221;|||&#8221; custom_padding__hover=&#8221;|||&#8221;][et_pb_counters bar_bg_color=&#8221;#45ba01&#8243; admin_label=&#8221;Animated Counters&#8221; _builder_version=&#8221;3.0.87&#8243; background_color=&#8221;#dddddd&#8221; custom_padding=&#8221;|||&#8221; custom_padding_tablet=&#8221;|||&#8221; custom_padding_phone=&#8221;|||&#8221; custom_padding_last_edited=&#8221;off|desktop&#8221;][et_pb_counter percent=&#8221;67&#8243; _builder_version=&#8221;3.0.47&#8243; background_color_default=&#8221;#dddddd&#8221; background_enable_color_default=&#8221;on&#8221; parallax_default=&#8221;off&#8221; parallax_method_default=&#8221;on&#8221; bar_background_color_default=&#8221;#45ba01&#8243; use_percentages=&#8221;on&#8221; allow_player_pause_default=&#8221;off&#8221;]Oak[\/et_pb_counter][et_pb_counter percent=&#8221;24&#8243; _builder_version=&#8221;3.0.47&#8243; background_color_default=&#8221;#dddddd&#8221; background_enable_color_default=&#8221;on&#8221; parallax_default=&#8221;off&#8221; parallax_method_default=&#8221;on&#8221; bar_background_color_default=&#8221;#45ba01&#8243; use_percentages=&#8221;on&#8221; allow_player_pause_default=&#8221;off&#8221;]Beech[\/et_pb_counter][et_pb_counter percent=&#8221;9&#8243; _builder_version=&#8221;3.0.47&#8243; background_color_default=&#8221;#dddddd&#8221; background_enable_color_default=&#8221;on&#8221; parallax_default=&#8221;off&#8221; parallax_method_default=&#8221;on&#8221; bar_background_color_default=&#8221;#45ba01&#8243; use_percentages=&#8221;on&#8221; allow_player_pause_default=&#8221;off&#8221;]Pine[\/et_pb_counter][\/et_pb_counters][\/et_pb_column][\/et_pb_row][et_pb_row column_structure=&#8221;1_2,1_2&#8243; admin_label=&#8221;row&#8221; _builder_version=&#8221;4.9.10&#8243; background_size=&#8221;initial&#8221; background_position=&#8221;top_left&#8221; background_repeat=&#8221;repeat&#8221; hover_enabled=&#8221;0&#8243; sticky_enabled=&#8221;0&#8243;][et_pb_column type=&#8221;1_2&#8243; _builder_version=&#8221;3.25&#8243; custom_padding=&#8221;|||&#8221; custom_padding__hover=&#8221;|||&#8221;][et_pb_text _builder_version=&#8221;4.9.10&#8243; background_size=&#8221;initial&#8221; background_position=&#8221;top_left&#8221; background_repeat=&#8221;repeat&#8221; text_orientation=&#8221;justified&#8221; module_alignment=&#8221;justified&#8221; hover_enabled=&#8221;0&#8243; use_border_color=&#8221;off&#8221; border_color=&#8221;#ffffff&#8221; border_style=&#8221;solid&#8221; animation_style=&#8221;zoom&#8221; sticky_enabled=&#8221;0&#8243;]<\/p>\n<h3>Kr\u00e1\u013eova Lehota<\/h3>\n<p>Kr\u00e1\u013eova Lehota, another forest company, is situated around 45 km east of Ru\u017eomberok in the Lower Tatra at an altitude of 720 m to 1,150 m.  The main tree species growing here are spruce and pine.  Covering an area of 99 hectares, it is the smallest forestry company belonging to WH DANUBIUS in Slovakia.  Even so, the entire forestry operation was made accessible with new forest roads in the course of the new investments.<br \/>\n[\/et_pb_text][\/et_pb_column][et_pb_column type=&#8221;1_2&#8243; _builder_version=&#8221;3.25&#8243; custom_padding=&#8221;|||&#8221; custom_padding__hover=&#8221;|||&#8221;][et_pb_counters bar_bg_color=&#8221;#45ba01&#8243; admin_label=&#8221;Animated Counters&#8221; _builder_version=&#8221;3.0.87&#8243; background_color=&#8221;#dddddd&#8221; custom_padding=&#8221;|||&#8221; custom_padding_tablet=&#8221;|||&#8221; custom_padding_phone=&#8221;|||&#8221; custom_padding_last_edited=&#8221;off|desktop&#8221;][et_pb_counter percent=&#8221;63&#8243; _builder_version=&#8221;3.0.47&#8243; background_color_default=&#8221;#dddddd&#8221; background_enable_color_default=&#8221;on&#8221; parallax_default=&#8221;off&#8221; parallax_method_default=&#8221;on&#8221; bar_background_color_default=&#8221;#45ba01&#8243; use_percentages=&#8221;on&#8221; allow_player_pause_default=&#8221;off&#8221;]Spruce[\/et_pb_counter][et_pb_counter percent=&#8221;31&#8243; _builder_version=&#8221;3.0.47&#8243; background_color_default=&#8221;#dddddd&#8221; background_enable_color_default=&#8221;on&#8221; parallax_default=&#8221;off&#8221; parallax_method_default=&#8221;on&#8221; bar_background_color_default=&#8221;#45ba01&#8243; use_percentages=&#8221;on&#8221; allow_player_pause_default=&#8221;off&#8221;]Pine[\/et_pb_counter][et_pb_counter percent=&#8221;6&#8243; _builder_version=&#8221;3.0.47&#8243; background_color_default=&#8221;#dddddd&#8221; background_enable_color_default=&#8221;on&#8221; parallax_default=&#8221;off&#8221; parallax_method_default=&#8221;on&#8221; bar_background_color_default=&#8221;#45ba01&#8243; use_percentages=&#8221;on&#8221; allow_player_pause_default=&#8221;off&#8221;]Beech[\/et_pb_counter][\/et_pb_counters][\/et_pb_column][\/et_pb_row][et_pb_row column_structure=&#8221;1_2,1_2&#8243; admin_label=&#8221;row&#8221; _builder_version=&#8221;4.9.10&#8243; background_size=&#8221;initial&#8221; background_position=&#8221;top_left&#8221; background_repeat=&#8221;repeat&#8221; animation_style=&#8221;zoom&#8221;][et_pb_column type=&#8221;1_2&#8243; _builder_version=&#8221;3.25&#8243; custom_padding=&#8221;|||&#8221; custom_padding__hover=&#8221;|||&#8221;][et_pb_image src=&#8221;https:\/\/www.wertholz.com\/wp-content\/uploads\/2014\/02\/maximilianwagner1.jpg&#8221; align_tablet=&#8221;center&#8221; align_phone=&#8221;&#8221; align_last_edited=&#8221;on|desktop&#8221; admin_label=&#8221;Image&#8221; _builder_version=&#8221;4.9.10&#8243; animation_style=&#8221;zoom&#8221;][\/et_pb_image][\/et_pb_column][et_pb_column type=&#8221;1_2&#8243; _builder_version=&#8221;3.25&#8243; custom_padding=&#8221;|||&#8221; custom_padding__hover=&#8221;|||&#8221;][et_pb_image src=&#8221;https:\/\/www.wertholz.com\/wp-content\/uploads\/2014\/02\/Mitarbeiter.jpg&#8221; align_tablet=&#8221;center&#8221; align_phone=&#8221;&#8221; align_last_edited=&#8221;on|desktop&#8221; _builder_version=&#8221;4.9.10&#8243; animation_style=&#8221;zoom&#8221;][\/et_pb_image][et_pb_testimonial author=&#8221;Maximilian Wagner &#8211; COO&#8221; _builder_version=&#8221;3.2&#8243; background_size=&#8221;initial&#8221; background_position=&#8221;top_left&#8221; background_repeat=&#8221;repeat&#8221; text_orientation=&#8221;justified&#8221; border_style=&#8221;solid&#8221;]\u201cHighly motivated and well-trained employees, as well as the education of the future young generation, is our foundation in forestry and agricultural enterprises. With our state-of-the-art machine park, we are able to ensure good operational safety in all work processes and high impact strength, which ensures cost-effective and sustainable management.\u201d<br \/>\n[\/et_pb_testimonial][\/et_pb_column][\/et_pb_row][\/et_pb_section]<\/p>\n","protected":false},"excerpt":{"rendered":"<p>WH DANUBIUS \u2013 Forest Holdings in Slovakia Slovakian WERTHOLZ subsidiary WH DANUBIUS, s.r.o., based in Kl\u00e1\u0161tor pod Znievom, owns around 1,800 hectares of woodland in Slovakia, managed by three operations. The around 15,000 solid cubic metres harvested by all four operations each year are supplied to buyers based in Slovakia, Austria and Germany. In an [&hellip;]<\/p>\n","protected":false},"author":1,"featured_media":0,"parent":0,"menu_order":0,"comment_status":"open","ping_status":"open","template":"","meta":{"_et_pb_use_builder":"on","_et_pb_old_content":"","_et_gb_content_width":"","footnotes":""},"class_list":["post-2245","page","type-page","status-publish","hentry"],"_links":{"self":[{"href":"https:\/\/www.wertholz.com\/en\/wp-json\/wp\/v2\/pages\/2245","targetHints":{"allow":["GET"]}}],"collection":[{"href":"https:\/\/www.wertholz.com\/en\/wp-json\/wp\/v2\/pages"}],"about":[{"href":"https:\/\/www.wertholz.com\/en\/wp-json\/wp\/v2\/types\/page"}],"author":[{"embeddable":true,"href":"https:\/\/www.wertholz.com\/en\/wp-json\/wp\/v2\/users\/1"}],"replies":[{"embeddable":true,"href":"https:\/\/www.wertholz.com\/en\/wp-json\/wp\/v2\/comments?post=2245"}],"version-history":[{"count":3,"href":"https:\/\/www.wertholz.com\/en\/wp-json\/wp\/v2\/pages\/2245\/revisions"}],"predecessor-version":[{"id":2938,"href":"https:\/\/www.wertholz.com\/en\/wp-json\/wp\/v2\/pages\/2245\/revisions\/2938"}],"wp:attachment":[{"href":"https:\/\/www.wertholz.com\/en\/wp-json\/wp\/v2\/media?parent=2245"}],"curies":[{"name":"wp","href":"https:\/\/api.w.org\/{rel}","templated":true}]}}