{"id":2265,"date":"2018-09-27T13:56:30","date_gmt":"2018-09-27T12:56:30","guid":{"rendered":"https:\/\/www.wertholz.com\/agriculture\/"},"modified":"2023-07-29T15:21:39","modified_gmt":"2023-07-29T14:21:39","slug":"agriculture","status":"publish","type":"page","link":"https:\/\/www.wertholz.com\/en\/agriculture\/","title":{"rendered":"Agriculture"},"content":{"rendered":"<p>[et_pb_section fb_built=&#8221;1&#8243; fullwidth=&#8221;on&#8221; _builder_version=&#8221;4.15&#8243; global_colors_info=&#8221;{}&#8221;][et_pb_fullwidth_header title=&#8221;Agriculture&#8221; subhead=&#8221;WH DANUBIUS &#8211; Agricultural Operations in Slovakia&#8221; text_orientation=&#8221;center&#8221; background_overlay_color=&#8221;rgba(0,0,0,0.2)&#8221; _builder_version=&#8221;4.15&#8243; title_font_size=&#8221;48px&#8221; title_line_height=&#8221;1.3em&#8221; subhead_font_size=&#8221;24px&#8221; subhead_line_height=&#8221;1.3em&#8221; background_image=&#8221;https:\/\/www.wertholz.com\/wp-content\/uploads\/2018\/09\/agriculture_1600x1067.jpg&#8221; custom_padding=&#8221;150px||150px|&#8221; animation_style=&#8221;zoom&#8221; title_font_size_tablet=&#8221;30px&#8221; title_font_size_phone=&#8221;&#8221; title_font_size_last_edited=&#8221;on|phone&#8221; content_font_size_last_edited=&#8221;off|phone&#8221; subhead_font_size_tablet=&#8221;18px&#8221; subhead_font_size_phone=&#8221;&#8221; subhead_font_size_last_edited=&#8221;on|tablet&#8221; global_colors_info=&#8221;{}&#8221; button_one_text_size__hover_enabled=&#8221;off&#8221; button_two_text_size__hover_enabled=&#8221;off&#8221; button_one_text_color__hover_enabled=&#8221;off&#8221; button_two_text_color__hover_enabled=&#8221;off&#8221; button_one_border_width__hover_enabled=&#8221;off&#8221; button_two_border_width__hover_enabled=&#8221;off&#8221; button_one_border_color__hover_enabled=&#8221;off&#8221; button_two_border_color__hover_enabled=&#8221;off&#8221; button_one_border_radius__hover_enabled=&#8221;off&#8221; button_two_border_radius__hover_enabled=&#8221;off&#8221; button_one_letter_spacing__hover_enabled=&#8221;off&#8221; button_two_letter_spacing__hover_enabled=&#8221;off&#8221; button_one_bg_color__hover_enabled=&#8221;off&#8221; button_two_bg_color__hover_enabled=&#8221;off&#8221;][\/et_pb_fullwidth_header][\/et_pb_section][et_pb_section fb_built=&#8221;1&#8243; admin_label=&#8221;section&#8221; _builder_version=&#8221;4.15&#8243; global_colors_info=&#8221;{}&#8221;][et_pb_row column_structure=&#8221;1_2,1_2&#8243; admin_label=&#8221;row&#8221; _builder_version=&#8221;4.15&#8243; background_size=&#8221;initial&#8221; background_position=&#8221;top_left&#8221; background_repeat=&#8221;repeat&#8221; animation_style=&#8221;zoom&#8221; global_colors_info=&#8221;{}&#8221;][et_pb_column type=&#8221;1_2&#8243; _builder_version=&#8221;4.15&#8243; custom_padding=&#8221;|||&#8221; global_colors_info=&#8221;{}&#8221; custom_padding__hover=&#8221;|||&#8221;][et_pb_text _builder_version=&#8221;4.15&#8243; background_size=&#8221;initial&#8221; background_position=&#8221;top_left&#8221; background_repeat=&#8221;repeat&#8221; module_alignment=&#8221;left&#8221; use_border_color=&#8221;off&#8221; border_color=&#8221;#ffffff&#8221; border_style=&#8221;solid&#8221; global_colors_info=&#8221;{}&#8221;]<\/p>\n<h2>WH DANUBIUS \u2013 Agricultural Operations in Slovakia<\/h2>\n<p>[\/et_pb_text][et_pb_text _builder_version=&#8221;4.15&#8243; background_size=&#8221;initial&#8221; background_position=&#8221;top_left&#8221; background_repeat=&#8221;repeat&#8221; text_orientation=&#8221;justified&#8221; module_alignment=&#8221;left&#8221; use_border_color=&#8221;off&#8221; global_colors_info=&#8221;{}&#8221;]Slovakian WERTHOLZ subsidiary WH DANUBIUS, s.r.o., based in Kl\u00e1\u0161tor pod Znievom, manages around 1,300 hectares of agricultural land in Slovakia. Since 2006, the company has been in proprietary possession of the land and has been farming it itself. During this time, the company also managed to acquire some outstandingly powerful soil preparation and seeding equipment.  WH DANUBIUS focuses exclusively on best-practice crop production.[\/et_pb_text][et_pb_image src=&#8221;https:\/\/www.wertholz.com\/wp-content\/uploads\/2018\/09\/wh_danubius_logo_1024x484.jpg&#8221; align=&#8221;center&#8221; align_tablet=&#8221;center&#8221; align_phone=&#8221;&#8221; align_last_edited=&#8221;on|desktop&#8221; _builder_version=&#8221;4.15&#8243; max_width=&#8221;50%&#8221; module_alignment=&#8221;center&#8221; animation_style=&#8221;zoom&#8221; global_colors_info=&#8221;{}&#8221;][\/et_pb_image][et_pb_text _builder_version=&#8221;4.15&#8243; background_size=&#8221;initial&#8221; background_position=&#8221;top_left&#8221; background_repeat=&#8221;repeat&#8221; text_orientation=&#8221;justified&#8221; module_alignment=&#8221;left&#8221; use_border_color=&#8221;off&#8221; global_colors_info=&#8221;{}&#8221;]The agricultural production here aims at high-quality market crops; the wheat and the rye grown here already have food quality.  The majority of the harvest is supplied to Slovakian mills which value WH DANUBIUS as a long-term and reliable partner.<br \/>\n[\/et_pb_text][\/et_pb_column][et_pb_column type=&#8221;1_2&#8243; _builder_version=&#8221;4.15&#8243; custom_padding=&#8221;|||&#8221; global_colors_info=&#8221;{}&#8221; custom_padding__hover=&#8221;|||&#8221;][et_pb_divider show_divider=&#8221;off&#8221; disabled_on=&#8221;on|on|off&#8221; _builder_version=&#8221;4.15&#8243; height=&#8221;50px&#8221; global_colors_info=&#8221;{}&#8221;][\/et_pb_divider][et_pb_image src=&#8221;https:\/\/www.wertholz.com\/wp-content\/uploads\/2021\/03\/Professional_Agriculture.png&#8221; title_text=&#8221;Professional_Agriculture&#8221; align_tablet=&#8221;center&#8221; align_phone=&#8221;&#8221; align_last_edited=&#8221;on|desktop&#8221; admin_label=&#8221;Image&#8221; _builder_version=&#8221;4.15&#8243; animation_style=&#8221;zoom&#8221; animation_direction=&#8221;left&#8221; animation_duration=&#8221;500ms&#8221; global_colors_info=&#8221;{}&#8221;][\/et_pb_image][\/et_pb_column][\/et_pb_row][et_pb_row _builder_version=&#8221;4.15&#8243; _module_preset=&#8221;default&#8221; custom_margin=&#8221;50px||50px||false|false&#8221; global_colors_info=&#8221;{}&#8221;][et_pb_column type=&#8221;4_4&#8243; _builder_version=&#8221;4.15&#8243; _module_preset=&#8221;default&#8221; global_colors_info=&#8221;{}&#8221;][et_pb_video src=&#8221;https:\/\/youtu.be\/mtAJu2aF6W4&#8243; _builder_version=&#8221;4.15.1&#8243; _module_preset=&#8221;default&#8221; hover_enabled=&#8221;0&#8243; global_colors_info=&#8221;{}&#8221; sticky_enabled=&#8221;0&#8243;][\/et_pb_video][\/et_pb_column][\/et_pb_row][\/et_pb_section][et_pb_section fb_built=&#8221;1&#8243; _builder_version=&#8221;4.15&#8243; custom_margin=&#8221;0px|0px|0px|0px&#8221; custom_padding=&#8221;0px|0px|0px|0px&#8221; global_colors_info=&#8221;{}&#8221;][et_pb_row use_custom_gutter=&#8221;on&#8221; gutter_width=&#8221;1&#8243; admin_label=&#8221;row&#8221; module_class=&#8221; et_pb_row_fullwidth&#8221; _builder_version=&#8221;4.15&#8243; background_size=&#8221;initial&#8221; background_position=&#8221;top_left&#8221; background_repeat=&#8221;repeat&#8221; width=&#8221;100%&#8221; width_tablet=&#8221;100%&#8221; width_phone=&#8221;&#8221; width_last_edited=&#8221;on|desktop&#8221; max_width=&#8221;100%&#8221; max_width_tablet=&#8221;100%&#8221; max_width_phone=&#8221;&#8221; max_width_last_edited=&#8221;on|desktop&#8221; custom_margin=&#8221;0px|0px|0px|0px&#8221; custom_padding=&#8221;0px|0px|0px|0px&#8221; animation_style=&#8221;zoom&#8221; make_fullwidth=&#8221;on&#8221; global_colors_info=&#8221;{}&#8221;][et_pb_column type=&#8221;4_4&#8243; _builder_version=&#8221;4.15&#8243; custom_padding=&#8221;0px|0px|0px|0px&#8221; global_colors_info=&#8221;{}&#8221; custom_padding__hover=&#8221;|||&#8221;][et_pb_map address=&#8221;076 84 Leles, Slowakei&#8221; zoom_level=&#8221;7&#8243; address_lat=&#8221;48.52319288003046&#8243; address_lng=&#8221;19.10856808281255&#8243; mouse_wheel=&#8221;off&#8221; admin_label=&#8221;Map&#8221; _builder_version=&#8221;4.15&#8243; child_filter_saturate=&#8221;0%&#8221; global_colors_info=&#8221;{}&#8221;][et_pb_map_pin title=&#8221;Leles&#8221; pin_address=&#8221;076 84 Leles, Slowakei&#8221; pin_address_lat=&#8221;48.46713339999999&#8243; pin_address_lng=&#8221;22.025438200000053&#8243; _builder_version=&#8221;3.0.47&#8243; global_colors_info=&#8221;{}&#8221;]Leles farm manages an area of around 1,000 hectares and is connected to the 800-hectare forestry company.  Additionally, around 300 hectares of meadows and wetlands belong to the company, which are also used by the hunting business.  The arable land is situated in the south-eastern part of the East-Slovakian Lowlands, near the river Latorica.  They cover mainly flat areas of land at an altitude of 100 meters and sandy, medium-heavy and, in some places, heavy soils.<br \/>\n[\/et_pb_map_pin][et_pb_map_pin title=&#8221;Gemersk\u00e1 Ves&#8221; pin_address=&#8221;982 62 Gemersk\u00e1 Ves, Slowakei&#8221; pin_address_lat=&#8221;48.47756400000001&#8243; pin_address_lng=&#8221;20.272793699999966&#8243; _builder_version=&#8221;3.0.47&#8243; global_colors_info=&#8221;{}&#8221;]Gemersk\u00e1 Ves is an operation near Tornala, situated between Rimavsk\u00e1 Sobota and Ro\u017e\u0148ava. Gemersk\u00e1 Ves manages around 250 hectares of agricultural land and around 550 hectares of woodland. The land is situated on flat-topped hills with loamy soil at altitudes between 197 and 303 m. In the valleys there are medium to heavy soils.  The soil texture is a slightly clayey loam (Lt 2) or gley location, respectively. The soil is a type of brown-earth pseudo gley (also known as Luvisol). The slopes are characterised by medium-heavy soils.  The soil type is a clayey loam.<br \/>\n[\/et_pb_map_pin][\/et_pb_map][\/et_pb_column][\/et_pb_row][\/et_pb_section][et_pb_section fb_built=&#8221;1&#8243; _builder_version=&#8221;4.15&#8243; global_colors_info=&#8221;{}&#8221;][et_pb_row column_structure=&#8221;1_2,1_2&#8243; admin_label=&#8221;row&#8221; _builder_version=&#8221;4.15&#8243; background_size=&#8221;initial&#8221; background_position=&#8221;top_left&#8221; background_repeat=&#8221;repeat&#8221; global_colors_info=&#8221;{}&#8221;][et_pb_column type=&#8221;1_2&#8243; _builder_version=&#8221;4.15&#8243; custom_padding=&#8221;|||&#8221; global_colors_info=&#8221;{}&#8221; custom_padding__hover=&#8221;|||&#8221;][et_pb_text _builder_version=&#8221;4.15&#8243; background_size=&#8221;initial&#8221; background_position=&#8221;top_left&#8221; background_repeat=&#8221;repeat&#8221; text_orientation=&#8221;justified&#8221; module_alignment=&#8221;justified&#8221; animation_style=&#8221;zoom&#8221; use_border_color=&#8221;off&#8221; border_color=&#8221;#ffffff&#8221; border_style=&#8221;solid&#8221; global_colors_info=&#8221;{}&#8221;]<\/p>\n<h3>Leles<\/h3>\n<p>Leles farm manages an area of around 1,050 hectares and is connected to the 800-hectare forestry company.  Additionally, around 300 hectares of meadows and wetlands belong to the company, which are also used by the hunting business.  The arable land is situated in the south-eastern part of the East-Slovakian Lowlands, near the river Latorica.  They cover mainly flat areas of land at an altitude of 100 meters and sandy, medium-heavy and, in some places, heavy soils.[\/et_pb_text][\/et_pb_column][et_pb_column type=&#8221;1_2&#8243; _builder_version=&#8221;4.15&#8243; custom_padding=&#8221;|||&#8221; global_colors_info=&#8221;{}&#8221; custom_padding__hover=&#8221;|||&#8221;][et_pb_text _builder_version=&#8221;4.15&#8243; background_size=&#8221;initial&#8221; background_position=&#8221;top_left&#8221; background_repeat=&#8221;repeat&#8221; module_alignment=&#8221;left&#8221; global_colors_info=&#8221;{}&#8221;]<\/p>\n<h4>Crops in Leles, harvest 2021<\/h4>\n<p>[\/et_pb_text][et_pb_counters bar_bg_color=&#8221;#45ba01&#8243; admin_label=&#8221;Animated Counters&#8221; _builder_version=&#8221;4.15&#8243; background_color=&#8221;#dddddd&#8221; custom_padding=&#8221;|||&#8221; custom_padding_tablet=&#8221;|||&#8221; custom_padding_phone=&#8221;|||&#8221; custom_padding_last_edited=&#8221;off|desktop&#8221; global_colors_info=&#8221;{}&#8221;][et_pb_counter percent=&#8221;34&#8243; _builder_version=&#8221;4.15&#8243; background_enable_video_mp4=&#8221;on&#8221; background_enable_video_webm=&#8221;on&#8221; global_colors_info=&#8221;{}&#8221;]Wheat[\/et_pb_counter][et_pb_counter percent=&#8221;29&#8243; _builder_version=&#8221;4.15&#8243; background_enable_video_mp4=&#8221;on&#8221; background_enable_video_webm=&#8221;on&#8221; global_colors_info=&#8221;{}&#8221;]Soy[\/et_pb_counter][et_pb_counter percent=&#8221;15&#8243; _builder_version=&#8221;4.15&#8243; background_enable_video_mp4=&#8221;on&#8221; background_enable_video_webm=&#8221;on&#8221; global_colors_info=&#8221;{}&#8221;]Rapeseed[\/et_pb_counter][et_pb_counter percent=&#8221;3&#8243; _builder_version=&#8221;4.15&#8243; _module_preset=&#8221;default&#8221; background_enable_video_mp4=&#8221;on&#8221; background_enable_video_webm=&#8221;on&#8221; global_colors_info=&#8221;{}&#8221;]Spelt[\/et_pb_counter][et_pb_counter percent=&#8221;7&#8243; _builder_version=&#8221;4.15&#8243; background_enable_video_mp4=&#8221;on&#8221; background_enable_video_webm=&#8221;on&#8221; global_colors_info=&#8221;{}&#8221;]Buckwheat[\/et_pb_counter][et_pb_counter percent=&#8221;12&#8243; _builder_version=&#8221;4.15&#8243; background_enable_video_mp4=&#8221;on&#8221; background_enable_video_webm=&#8221;on&#8221; global_colors_info=&#8221;{}&#8221;]Rye[\/et_pb_counter][\/et_pb_counters][\/et_pb_column][\/et_pb_row][et_pb_row column_structure=&#8221;1_2,1_2&#8243; admin_label=&#8221;row&#8221; _builder_version=&#8221;4.15&#8243; background_size=&#8221;initial&#8221; background_position=&#8221;top_left&#8221; background_repeat=&#8221;repeat&#8221; global_colors_info=&#8221;{}&#8221;][et_pb_column type=&#8221;1_2&#8243; _builder_version=&#8221;4.15&#8243; custom_padding=&#8221;|||&#8221; global_colors_info=&#8221;{}&#8221; custom_padding__hover=&#8221;|||&#8221;][et_pb_text _builder_version=&#8221;4.15&#8243; background_size=&#8221;initial&#8221; background_position=&#8221;top_left&#8221; background_repeat=&#8221;repeat&#8221; text_orientation=&#8221;justified&#8221; module_alignment=&#8221;justified&#8221; animation_style=&#8221;zoom&#8221; use_border_color=&#8221;off&#8221; border_color=&#8221;#ffffff&#8221; border_style=&#8221;solid&#8221; global_colors_info=&#8221;{}&#8221;]<\/p>\n<h3>Gemersk\u00e1 Ves<\/h3>\n<p>Gemersk\u00e1 Ves is an operation near Tornala, situated between Rimavsk\u00e1 Sobota and Ro\u017e\u0148ava. Gemersk\u00e1 Ves manages around 250 hectares of agricultural land and around 550 hectares of woodland. The land is situated on flat-topped hills with loamy soil at altitudes between 197 and 303 m. In the valleys there are medium to heavy soils.  The soil texture is a slightly clayey loam (Lt 2) or gley location, respectively. The soil is a type of brown-earth pseudo gley (also known as Luvisol). The slopes are characterised by medium-heavy soils.  The soil type is a clayey loam.<br \/>\n[\/et_pb_text][\/et_pb_column][et_pb_column type=&#8221;1_2&#8243; _builder_version=&#8221;4.15&#8243; custom_padding=&#8221;|||&#8221; global_colors_info=&#8221;{}&#8221; custom_padding__hover=&#8221;|||&#8221;][et_pb_text _builder_version=&#8221;4.15&#8243; background_size=&#8221;initial&#8221; background_position=&#8221;top_left&#8221; background_repeat=&#8221;repeat&#8221; module_alignment=&#8221;left&#8221; global_colors_info=&#8221;{}&#8221;]<\/p>\n<h4>Crops in Gemer, harvest 2021<\/h4>\n<p>[\/et_pb_text][et_pb_counters bar_bg_color=&#8221;#45ba01&#8243; admin_label=&#8221;Animated Counters&#8221; _builder_version=&#8221;4.15&#8243; background_color=&#8221;#dddddd&#8221; custom_padding=&#8221;|||&#8221; custom_padding_tablet=&#8221;|||&#8221; custom_padding_phone=&#8221;|||&#8221; custom_padding_last_edited=&#8221;off|desktop&#8221; global_colors_info=&#8221;{}&#8221;][et_pb_counter percent=&#8221;54&#8243; _builder_version=&#8221;4.15&#8243; background_enable_video_mp4=&#8221;on&#8221; background_enable_video_webm=&#8221;on&#8221; global_colors_info=&#8221;{}&#8221;]Wheat[\/et_pb_counter][et_pb_counter percent=&#8221;46&#8243; _builder_version=&#8221;4.15&#8243; background_enable_video_mp4=&#8221;on&#8221; background_enable_video_webm=&#8221;on&#8221; global_colors_info=&#8221;{}&#8221;]Soy[\/et_pb_counter][\/et_pb_counters][\/et_pb_column][\/et_pb_row][\/et_pb_section][et_pb_section fb_built=&#8221;1&#8243; fullwidth=&#8221;on&#8221; _builder_version=&#8221;4.15&#8243; global_colors_info=&#8221;{}&#8221;][et_pb_fullwidth_header title=&#8221;Having the right motivation&#8221; text_orientation=&#8221;center&#8221; background_overlay_color=&#8221;rgba(0,0,0,0.2)&#8221; _builder_version=&#8221;4.15&#8243; title_font_size=&#8221;48px&#8221; title_line_height=&#8221;1.3em&#8221; background_image=&#8221;https:\/\/www.wertholz.com\/wp-content\/uploads\/2018\/09\/39953585_1822654687771676_2201170670480523264_o-1.jpg&#8221; parallax=&#8221;on&#8221; custom_padding=&#8221;200px||200px|&#8221; animation_style=&#8221;zoom&#8221; title_font_size_tablet=&#8221;30px&#8221; title_font_size_phone=&#8221;&#8221; title_font_size_last_edited=&#8221;on|tablet&#8221; global_colors_info=&#8221;{}&#8221; button_one_text_size__hover_enabled=&#8221;off&#8221; button_two_text_size__hover_enabled=&#8221;off&#8221; button_one_text_color__hover_enabled=&#8221;off&#8221; button_two_text_color__hover_enabled=&#8221;off&#8221; button_one_border_width__hover_enabled=&#8221;off&#8221; button_two_border_width__hover_enabled=&#8221;off&#8221; button_one_border_color__hover_enabled=&#8221;off&#8221; button_two_border_color__hover_enabled=&#8221;off&#8221; button_one_border_radius__hover_enabled=&#8221;off&#8221; button_two_border_radius__hover_enabled=&#8221;off&#8221; button_one_letter_spacing__hover_enabled=&#8221;off&#8221; button_two_letter_spacing__hover_enabled=&#8221;off&#8221; button_one_bg_color__hover_enabled=&#8221;off&#8221; button_two_bg_color__hover_enabled=&#8221;off&#8221;][\/et_pb_fullwidth_header][\/et_pb_section][et_pb_section fb_built=&#8221;1&#8243; _builder_version=&#8221;4.15&#8243; global_colors_info=&#8221;{}&#8221;][et_pb_row column_structure=&#8221;1_2,1_2&#8243; admin_label=&#8221;row&#8221; _builder_version=&#8221;4.15&#8243; background_size=&#8221;initial&#8221; background_position=&#8221;top_left&#8221; background_repeat=&#8221;repeat&#8221; animation_style=&#8221;zoom&#8221; global_colors_info=&#8221;{}&#8221;][et_pb_column type=&#8221;1_2&#8243; _builder_version=&#8221;4.15&#8243; custom_padding=&#8221;|||&#8221; global_colors_info=&#8221;{}&#8221; custom_padding__hover=&#8221;|||&#8221;][et_pb_image src=&#8221;https:\/\/www.wertholz.com\/wp-content\/uploads\/2018\/09\/tractor2_1545x854.jpg&#8221; align_tablet=&#8221;center&#8221; align_phone=&#8221;&#8221; align_last_edited=&#8221;on|desktop&#8221; admin_label=&#8221;Image&#8221; _builder_version=&#8221;4.15&#8243; animation_style=&#8221;zoom&#8221; global_colors_info=&#8221;{}&#8221;][\/et_pb_image][et_pb_text _builder_version=&#8221;4.15&#8243; background_size=&#8221;initial&#8221; background_position=&#8221;top_left&#8221; background_repeat=&#8221;repeat&#8221; text_orientation=&#8221;justified&#8221; module_alignment=&#8221;left&#8221; use_border_color=&#8221;off&#8221; global_colors_info=&#8221;{}&#8221;]Before concluding, a few interesting facts and figures:  At WH DANUBIUS, the average yield per hectare in winter wheat is 7.5 tons, in winter rapeseed 4.2 tons, in soy beans 3.5 tons and in rye in sandy soils 5.6 tons.  In Leles 1.5 employees work all the year round on 1,000 hectares of arable land, which corresponds to a production of 4,000 tons per 1.5 employees.  The total diesel requirements are at an average of 65 litres per hectare.  Besides the required level of efficiency, having the right motivation is crucial to achieving good results.<br \/>\n[\/et_pb_text][\/et_pb_column][et_pb_column type=&#8221;1_2&#8243; _builder_version=&#8221;4.15&#8243; custom_padding=&#8221;|||&#8221; global_colors_info=&#8221;{}&#8221; custom_padding__hover=&#8221;|||&#8221;][et_pb_image src=&#8221;https:\/\/www.wertholz.com\/wp-content\/uploads\/2014\/03\/landwirtschaft3.jpg&#8221; align_tablet=&#8221;center&#8221; align_phone=&#8221;&#8221; align_last_edited=&#8221;on|desktop&#8221; admin_label=&#8221;Image&#8221; _builder_version=&#8221;4.15&#8243; animation_style=&#8221;zoom&#8221; global_colors_info=&#8221;{}&#8221;][\/et_pb_image][et_pb_text _builder_version=&#8221;4.15&#8243; background_size=&#8221;initial&#8221; background_position=&#8221;top_left&#8221; background_repeat=&#8221;repeat&#8221; text_orientation=&#8221;justified&#8221; module_alignment=&#8221;left&#8221; use_border_color=&#8221;off&#8221; global_colors_info=&#8221;{}&#8221;]WH DANUBIUS, s.r.o. manages its entire agricultural land with the help of four people \u2013 from left to right \u2013 Otto Szab\u00f3, who is in charge of soil preparation and sowing, Norbert Fazekas, who works with the sprayer and operates all the agricultural machinery, Ing. Maximilian Wagner, Manager, and Josef Kiss, who specialises in soil preparation.  During the season, Otto Szab\u00f3 and Jozef Kiss work the arable land, otherwise they work in the forest.<br \/>\n[\/et_pb_text][\/et_pb_column][\/et_pb_row][\/et_pb_section]<\/p>\n","protected":false},"excerpt":{"rendered":"<p>WH DANUBIUS \u2013 Agricultural Operations in Slovakia Slovakian WERTHOLZ subsidiary WH DANUBIUS, s.r.o., based in Kl\u00e1\u0161tor pod Znievom, manages around 1,300 hectares of agricultural land in Slovakia. Since 2006, the company has been in proprietary possession of the land and has been farming it itself. During this time, the company also managed to acquire some [&hellip;]<\/p>\n","protected":false},"author":1,"featured_media":0,"parent":0,"menu_order":0,"comment_status":"open","ping_status":"open","template":"","meta":{"_et_pb_use_builder":"on","_et_pb_old_content":"","_et_gb_content_width":"","footnotes":""},"class_list":["post-2265","page","type-page","status-publish","hentry"],"_links":{"self":[{"href":"https:\/\/www.wertholz.com\/en\/wp-json\/wp\/v2\/pages\/2265","targetHints":{"allow":["GET"]}}],"collection":[{"href":"https:\/\/www.wertholz.com\/en\/wp-json\/wp\/v2\/pages"}],"about":[{"href":"https:\/\/www.wertholz.com\/en\/wp-json\/wp\/v2\/types\/page"}],"author":[{"embeddable":true,"href":"https:\/\/www.wertholz.com\/en\/wp-json\/wp\/v2\/users\/1"}],"replies":[{"embeddable":true,"href":"https:\/\/www.wertholz.com\/en\/wp-json\/wp\/v2\/comments?post=2265"}],"version-history":[{"count":15,"href":"https:\/\/www.wertholz.com\/en\/wp-json\/wp\/v2\/pages\/2265\/revisions"}],"predecessor-version":[{"id":3192,"href":"https:\/\/www.wertholz.com\/en\/wp-json\/wp\/v2\/pages\/2265\/revisions\/3192"}],"wp:attachment":[{"href":"https:\/\/www.wertholz.com\/en\/wp-json\/wp\/v2\/media?parent=2265"}],"curies":[{"name":"wp","href":"https:\/\/api.w.org\/{rel}","templated":true}]}}