{"id":2428,"date":"2018-09-28T18:50:53","date_gmt":"2018-09-28T17:50:53","guid":{"rendered":"https:\/\/www.wertholz.com\/obchod-s-drevom\/"},"modified":"2021-08-09T13:01:47","modified_gmt":"2021-08-09T12:01:47","slug":"obchod-s-drevom","status":"publish","type":"page","link":"https:\/\/www.wertholz.com\/sk\/obchod-s-drevom\/","title":{"rendered":"Obchod s drevom"},"content":{"rendered":"<p>[et_pb_section fb_built=&#8220;1&#8243; fullwidth=&#8220;on&#8220; _builder_version=&#8220;3.22&#8243;][et_pb_fullwidth_header title=&#8220;Obchod s drevom&#8220; subhead=&#8220;WERTHOLZ &#8211; slu\u017eby pre priemysel&#8220; text_orientation=&#8220;center&#8220; background_overlay_color=&#8220;rgba(0,0,0,0.2)&#8220; _builder_version=&#8220;4.9.10&#8243; title_font_size=&#8220;48px&#8220; title_line_height=&#8220;1.3em&#8220; subhead_font_size=&#8220;24px&#8220; subhead_line_height=&#8220;1.3em&#8220; background_image=&#8220;https:\/\/www.wertholz.com\/wp-content\/uploads\/2020\/03\/org_7209b3e2897855c3_1583403026000.jpg&#8220; custom_padding=&#8220;150px||150px|&#8220; hover_enabled=&#8220;0&#8243; title_font_size_tablet=&#8220;30px&#8220; title_font_size_phone=&#8220;&#8220; title_font_size_last_edited=&#8220;on|phone&#8220; content_font_size_last_edited=&#8220;off|phone&#8220; subhead_font_size_tablet=&#8220;18px&#8220; subhead_font_size_phone=&#8220;&#8220; subhead_font_size_last_edited=&#8220;on|tablet&#8220; button_one_text_size__hover_enabled=&#8220;off&#8220; button_two_text_size__hover_enabled=&#8220;off&#8220; button_one_text_color__hover_enabled=&#8220;off&#8220; button_two_text_color__hover_enabled=&#8220;off&#8220; button_one_border_width__hover_enabled=&#8220;off&#8220; button_two_border_width__hover_enabled=&#8220;off&#8220; button_one_border_color__hover_enabled=&#8220;off&#8220; button_two_border_color__hover_enabled=&#8220;off&#8220; button_one_border_radius__hover_enabled=&#8220;off&#8220; button_two_border_radius__hover_enabled=&#8220;off&#8220; button_one_letter_spacing__hover_enabled=&#8220;off&#8220; button_two_letter_spacing__hover_enabled=&#8220;off&#8220; button_one_bg_color__hover_enabled=&#8220;off&#8220; button_two_bg_color__hover_enabled=&#8220;off&#8220; animation_style=&#8220;zoom&#8220; sticky_enabled=&#8220;0&#8243;][\/et_pb_fullwidth_header][\/et_pb_section][et_pb_section fb_built=&#8220;1&#8243; admin_label=&#8220;section&#8220; _builder_version=&#8220;3.22&#8243;][et_pb_row column_structure=&#8220;1_2,1_2&#8243; admin_label=&#8220;row&#8220; _builder_version=&#8220;4.9.10&#8243; background_size=&#8220;initial&#8220; background_position=&#8220;top_left&#8220; background_repeat=&#8220;repeat&#8220; hover_enabled=&#8220;0&#8243; animation_style=&#8220;zoom&#8220; sticky_enabled=&#8220;0&#8243;][et_pb_column type=&#8220;1_2&#8243; _builder_version=&#8220;3.25&#8243; custom_padding=&#8220;|||&#8220; custom_padding__hover=&#8220;|||&#8220;][et_pb_text _builder_version=&#8220;3.27.4&#8243; background_size=&#8220;initial&#8220; background_position=&#8220;top_left&#8220; background_repeat=&#8220;repeat&#8220; module_alignment=&#8220;left&#8220; use_border_color=&#8220;off&#8220; border_color=&#8220;#ffffff&#8220; border_style=&#8220;solid&#8220;]<\/p>\n<h2>WERTHOLZ &#8211; slu\u017eby pre priemysel<\/h2>\n<p>[\/et_pb_text][et_pb_text _builder_version=&#8220;3.27.4&#8243; background_size=&#8220;initial&#8220; background_position=&#8220;top_left&#8220; background_repeat=&#8220;repeat&#8220; text_orientation=&#8220;justified&#8220; module_alignment=&#8220;justified&#8220; use_border_color=&#8220;off&#8220; border_color=&#8220;#ffffff&#8220; border_style=&#8220;solid&#8220;]Pre podniky, ktor\u00e9 vyr\u00e1baj\u00fa celul\u00f3zu, papier a dosky, m\u00e1 najv\u00e4\u010d\u0161\u00ed v\u00fdznam kontinu\u00e1lne a nepreru\u0161ovan\u00e9 z\u00e1sobovanie surovinami pre ich dielne. N\u00e1kupn\u00fd trh pre gu\u013eatinu je v\u0161ak trhom, o ktor\u00fd sa bojuje. M\u00e1 svoje vlastn\u00e9 pravidl\u00e1 a bez dobr\u00fdch znalost\u00ed trhu a kontaktov je \u0165a\u017ek\u00e9 poskytn\u00fa\u0165 po\u017eadovan\u00fa z\u00e1ruku pre z\u00e1sobovanie.<\/p>\n<p>WERTHOLZ je od roku 1989 spo\u013eahliv\u00fdm partnerom lesn\u00e9ho hospod\u00e1rstva a priemyslu, ktor\u00fd sprac\u00fava gu\u013eatinu. Preber\u00e1 v\u0161etky \u00falohy, ktor\u00e9 je potrebn\u00e9 splni\u0165, aby bolo potrebn\u00e9 mno\u017estvo priemyseln\u00e9ho dreva \u017eelan\u00fdch rozmerov a kvality k dispoz\u00edcii v\u010das pre \u00fa\u010dely \u010fal\u0161ieho spracovania. Pod\u013ea \u0161pecifik\u00e1ci\u00ed od na\u0161ich z\u00e1kazn\u00edkov pon\u00fakame priemyseln\u00e9 drevo v \u017eelanej kvalite. V\u010faka na\u0161im dlhoro\u010dn\u00fdm dobr\u00fdm vz\u0165ahom v oblasti lesn\u00e9ho hospod\u00e1rstva dok\u00e1\u017eeme zabezpe\u010di\u0165, \u017ee priemyseln\u00fdm podnikom dod\u00e1me po\u017eadovan\u00e9 mno\u017estv\u00e1.<br \/>\n[\/et_pb_text][\/et_pb_column][et_pb_column type=&#8220;1_2&#8243; _builder_version=&#8220;3.25&#8243; custom_padding=&#8220;|||&#8220; custom_padding__hover=&#8220;|||&#8220;][et_pb_image src=&#8220;https:\/\/www.wertholz.com\/wp-content\/uploads\/2014\/03\/LKW1.jpg&#8220; align_tablet=&#8220;center&#8220; align_phone=&#8220;&#8220; align_last_edited=&#8220;on|desktop&#8220; admin_label=&#8220;Image&#8220; _builder_version=&#8220;4.9.10&#8243; animation_style=&#8220;zoom&#8220; animation_direction=&#8220;left&#8220; animation_duration=&#8220;500ms&#8220; hover_enabled=&#8220;0&#8243; sticky_enabled=&#8220;0&#8243;][\/et_pb_image][et_pb_text module_id=&#8220;dp_bluebox_bg&#8220; _builder_version=&#8220;3.27.4&#8243; text_font_size=&#8220;20px&#8220; text_line_height=&#8220;1.4em&#8220; header_line_height=&#8220;1.7em&#8220; background_size=&#8220;initial&#8220; background_position=&#8220;top_left&#8220; background_repeat=&#8220;repeat&#8220; text_orientation=&#8220;center&#8220; background_layout=&#8220;dark&#8220; module_alignment=&#8220;center&#8220; custom_padding=&#8220;20px|20px|20px|20px&#8220;]Pod\u013ea \u0161pecifik\u00e1ci\u00ed od na\u0161ich z\u00e1kazn\u00edkov pon\u00fakame priemyseln\u00e9 drevo v \u017eelanej kvalite.<br \/>\n[\/et_pb_text][\/et_pb_column][\/et_pb_row][et_pb_row column_structure=&#8220;1_2,1_2&#8243; admin_label=&#8220;row&#8220; _builder_version=&#8220;4.9.10&#8243; background_size=&#8220;initial&#8220; background_position=&#8220;top_left&#8220; background_repeat=&#8220;repeat&#8220; hover_enabled=&#8220;0&#8243; animation_style=&#8220;zoom&#8220; sticky_enabled=&#8220;0&#8243;][et_pb_column type=&#8220;1_2&#8243; _builder_version=&#8220;3.25&#8243; custom_padding=&#8220;|||&#8220; custom_padding__hover=&#8220;|||&#8220;][et_pb_text _builder_version=&#8220;3.27.4&#8243; background_size=&#8220;initial&#8220; background_position=&#8220;top_left&#8220; background_repeat=&#8220;repeat&#8220; module_alignment=&#8220;left&#8220; use_border_color=&#8220;off&#8220; border_color=&#8220;#ffffff&#8220; border_style=&#8220;solid&#8220;]<\/p>\n<h2>Supply Chain Management<\/h2>\n<p>[\/et_pb_text][et_pb_text _builder_version=&#8220;3.27.4&#8243; background_size=&#8220;initial&#8220; background_position=&#8220;top_left&#8220; background_repeat=&#8220;repeat&#8220; text_orientation=&#8220;justified&#8220; module_alignment=&#8220;justified&#8220; use_border_color=&#8220;off&#8220; border_color=&#8220;#ffffff&#8220; border_style=&#8220;solid&#8220;]Obstar\u00e1vanie priemyseln\u00e9ho dreva sa zna\u010dne l\u00ed\u0161i od n\u00e1kupu in\u00fdch surov\u00edn, ktor\u00e9 priemysel potrebuje. K\u00fdm je priemyseln\u00e9 drevo k dispoz\u00edcii pre v\u00fdrobn\u00fd proces, mus\u00ed sa zos\u00faladi\u0165 pr\u00e1ca mnoh\u00fdch z\u00fa\u010dastnen\u00fdch, po\u010d\u00ednaj\u00fac \u0165a\u017ebou dreva, cez pr\u00edpravu a\u017e po prepravu a skladov\u00e9 hospod\u00e1rstvo. WERTHOLZ svojich z\u00e1kazn\u00edkov zbav\u00ed tejto n\u00e1mahy a proces obstar\u00e1vania je tak jednoduch\u00fd a d\u00e1 sa pl\u00e1nova\u0165.<\/p>\n<p>Aby sa dalo nak\u00fapi\u0165 drevo v po\u017eadovanej kvalite a mno\u017estve, s\u00fa potrebn\u00e9 okrem dobr\u00fdch kontaktov na trhu aj rozsiahle vedomosti o obchodn\u00fdch a pr\u00e1vnych \u0161tandardov. A tie\u017e o obchodn\u00fdch zvyklostiach v obchode s drevom, ktor\u00e9 sa v jednotliv\u00fdch n\u00e1kupn\u00fdch oblastiach od seba m\u00f4\u017eu l\u00ed\u0161i\u0165.<\/p>\n<p>WERTHOLZ m\u00e1 viac ako 40 rokov sk\u00fasenost\u00ed na trhu. Tie s\u00fa z\u00e1rukou, \u017ee na\u0161i z\u00e1kazn\u00edci bud\u00fa ma\u0165 po\u017eadovan\u00e9 mno\u017estvo priemyseln\u00e9ho dreva k dispoz\u00edcii v\u010das a pod\u013ea \u0161pecifik\u00e1ci\u00ed. Ako \u201eextern\u00e9 oddelenie n\u00e1kupu\u201c na\u0161ich z\u00e1kazn\u00edkov V\u00e1m pon\u00fakame istotu pri z\u00e1sobovan\u00ed za najlep\u0161\u00ed pomer ceny a v\u00fdkonu.<br \/>\n[\/et_pb_text][\/et_pb_column][et_pb_column type=&#8220;1_2&#8243; _builder_version=&#8220;3.25&#8243; custom_padding=&#8220;|||&#8220; custom_padding__hover=&#8220;|||&#8220;][et_pb_image src=&#8220;https:\/\/www.wertholz.com\/wp-content\/uploads\/2014\/02\/holz3.jpg&#8220; align_tablet=&#8220;center&#8220; align_phone=&#8220;&#8220; align_last_edited=&#8220;on|desktop&#8220; admin_label=&#8220;Image&#8220; _builder_version=&#8220;4.9.10&#8243; hover_enabled=&#8220;0&#8243; animation_style=&#8220;zoom&#8220; sticky_enabled=&#8220;0&#8243;][\/et_pb_image][et_pb_divider show_divider=&#8220;off&#8220; _builder_version=&#8220;3.13.1&#8243;][\/et_pb_divider][et_pb_image src=&#8220;https:\/\/www.wertholz.com\/wp-content\/uploads\/2018\/09\/trees_464x395.jpg&#8220; align=&#8220;center&#8220; align_tablet=&#8220;center&#8220; align_phone=&#8220;&#8220; align_last_edited=&#8220;on|desktop&#8220; _builder_version=&#8220;4.9.10&#8243; max_width=&#8220;33%&#8220; module_alignment=&#8220;center&#8220; hover_enabled=&#8220;0&#8243; animation_style=&#8220;zoom&#8220; sticky_enabled=&#8220;0&#8243;][\/et_pb_image][\/et_pb_column][\/et_pb_row][\/et_pb_section][et_pb_section fb_built=&#8220;1&#8243; fullwidth=&#8220;on&#8220; _builder_version=&#8220;4.9.10&#8243; hover_enabled=&#8220;0&#8243; sticky_enabled=&#8220;0&#8243; animation_style=&#8220;zoom&#8220;][et_pb_fullwidth_header title=&#8220;WERTHOLZ M\u00c1 VIAC AKO 40 ROKOV SK\u00daSENOST\u00cd NA TRHU&#8220; text_orientation=&#8220;center&#8220; background_overlay_color=&#8220;rgba(0,0,0,0.2)&#8220; _builder_version=&#8220;3.16&#8243; title_font_size=&#8220;48px&#8220; title_line_height=&#8220;1.3em&#8220; background_image=&#8220;https:\/\/www.wertholz.com\/wp-content\/uploads\/2014\/02\/Holzpolter.jpg&#8220; parallax=&#8220;on&#8220; custom_padding=&#8220;200px||200px|&#8220; title_font_size_tablet=&#8220;30px&#8220; title_font_size_phone=&#8220;&#8220; title_font_size_last_edited=&#8220;on|tablet&#8220; button_one_text_size__hover_enabled=&#8220;off&#8220; button_two_text_size__hover_enabled=&#8220;off&#8220; button_one_text_color__hover_enabled=&#8220;off&#8220; button_two_text_color__hover_enabled=&#8220;off&#8220; button_one_border_width__hover_enabled=&#8220;off&#8220; button_two_border_width__hover_enabled=&#8220;off&#8220; button_one_border_color__hover_enabled=&#8220;off&#8220; button_two_border_color__hover_enabled=&#8220;off&#8220; button_one_border_radius__hover_enabled=&#8220;off&#8220; button_two_border_radius__hover_enabled=&#8220;off&#8220; button_one_letter_spacing__hover_enabled=&#8220;off&#8220; button_two_letter_spacing__hover_enabled=&#8220;off&#8220; button_one_bg_color__hover_enabled=&#8220;off&#8220; button_two_bg_color__hover_enabled=&#8220;off&#8220;][\/et_pb_fullwidth_header][\/et_pb_section][et_pb_section fb_built=&#8220;1&#8243; _builder_version=&#8220;3.22&#8243;][et_pb_row column_structure=&#8220;1_2,1_2&#8243; make_equal=&#8220;on&#8220; admin_label=&#8220;row&#8220; _builder_version=&#8220;4.9.10&#8243; background_size=&#8220;initial&#8220; background_position=&#8220;top_left&#8220; background_repeat=&#8220;repeat&#8220; hover_enabled=&#8220;0&#8243; animation_style=&#8220;zoom&#8220; sticky_enabled=&#8220;0&#8243;][et_pb_column type=&#8220;1_2&#8243; _builder_version=&#8220;3.25&#8243; custom_padding=&#8220;|||&#8220; custom_padding__hover=&#8220;|||&#8220;][et_pb_cta title=&#8220;Pre z\u00e1kazn\u00edkov&#8220; button_url=&#8220;mailto:office@wertholz.com&#8220; button_text=&#8220;Posla\u0165 dopyt&#8220; admin_label=&#8220;Call To Action&#8220; _builder_version=&#8220;4.3.2&#8243; background_color=&#8220;#627bcc&#8220; background_size=&#8220;initial&#8220; background_position=&#8220;top_left&#8220; background_repeat=&#8220;repeat&#8220; text_orientation=&#8220;justified&#8220; use_border_color=&#8220;off&#8220; border_color=&#8220;#ffffff&#8220; border_style=&#8220;solid&#8220; button_letter_spacing_hover=&#8220;0&#8243; button_text_size__hover_enabled=&#8220;off&#8220; button_one_text_size__hover_enabled=&#8220;off&#8220; button_two_text_size__hover_enabled=&#8220;off&#8220; button_text_color__hover_enabled=&#8220;off&#8220; button_one_text_color__hover_enabled=&#8220;off&#8220; button_two_text_color__hover_enabled=&#8220;off&#8220; button_border_width__hover_enabled=&#8220;off&#8220; button_one_border_width__hover_enabled=&#8220;off&#8220; button_two_border_width__hover_enabled=&#8220;off&#8220; button_border_color__hover_enabled=&#8220;off&#8220; button_one_border_color__hover_enabled=&#8220;off&#8220; button_two_border_color__hover_enabled=&#8220;off&#8220; button_border_radius__hover_enabled=&#8220;off&#8220; button_one_border_radius__hover_enabled=&#8220;off&#8220; button_two_border_radius__hover_enabled=&#8220;off&#8220; button_letter_spacing__hover_enabled=&#8220;on&#8220; button_letter_spacing__hover=&#8220;0&#8243; button_one_letter_spacing__hover_enabled=&#8220;off&#8220; button_two_letter_spacing__hover_enabled=&#8220;off&#8220; button_bg_color__hover_enabled=&#8220;off&#8220; button_one_bg_color__hover_enabled=&#8220;off&#8220; button_two_bg_color__hover_enabled=&#8220;off&#8220;]Ako spracovate\u013e gu\u013eatiny potrebujete spo\u013eahliv\u00e9ho a profesion\u00e1lneho partnera na z\u00e1sobovanie Va\u0161ej v\u00fdroby? WERTHOLZ je z\u00e1rukou spokojnosti a spo\u013eahlivosti pri z\u00e1sobovan\u00ed kvalitne a na\u010das. Po\u0161lite n\u00e1m V\u00e1\u0161 dopyt.<br \/>\n[\/et_pb_cta][\/et_pb_column][et_pb_column type=&#8220;1_2&#8243; _builder_version=&#8220;3.25&#8243; custom_padding=&#8220;|||&#8220; custom_padding__hover=&#8220;|||&#8220;][et_pb_cta title=&#8220;Pre dod\u00e1vate\u013eov&#8220; button_url=&#8220;mailto:office@wertholz.com&#8220; button_text=&#8220;Posla\u0165 dopyt&#8220; admin_label=&#8220;Call To Action&#8220; _builder_version=&#8220;4.3.2&#8243; background_size=&#8220;initial&#8220; background_position=&#8220;top_left&#8220; background_repeat=&#8220;repeat&#8220; text_orientation=&#8220;justified&#8220; use_border_color=&#8220;off&#8220; border_color=&#8220;#ffffff&#8220; border_style=&#8220;solid&#8220; button_letter_spacing_hover=&#8220;0&#8243; button_text_size__hover_enabled=&#8220;off&#8220; button_one_text_size__hover_enabled=&#8220;off&#8220; button_two_text_size__hover_enabled=&#8220;off&#8220; button_text_color__hover_enabled=&#8220;off&#8220; button_one_text_color__hover_enabled=&#8220;off&#8220; button_two_text_color__hover_enabled=&#8220;off&#8220; button_border_width__hover_enabled=&#8220;off&#8220; button_one_border_width__hover_enabled=&#8220;off&#8220; button_two_border_width__hover_enabled=&#8220;off&#8220; button_border_color__hover_enabled=&#8220;off&#8220; button_one_border_color__hover_enabled=&#8220;off&#8220; button_two_border_color__hover_enabled=&#8220;off&#8220; button_border_radius__hover_enabled=&#8220;off&#8220; button_one_border_radius__hover_enabled=&#8220;off&#8220; button_two_border_radius__hover_enabled=&#8220;off&#8220; button_letter_spacing__hover_enabled=&#8220;on&#8220; button_letter_spacing__hover=&#8220;0&#8243; button_one_letter_spacing__hover_enabled=&#8220;off&#8220; button_two_letter_spacing__hover_enabled=&#8220;off&#8220; button_bg_color__hover_enabled=&#8220;off&#8220; button_one_bg_color__hover_enabled=&#8220;off&#8220; button_two_bg_color__hover_enabled=&#8220;off&#8220;]H\u013ead\u00e1te spo\u013eahliv\u00e9ho a profesion\u00e1lneho odberate\u013ea gu\u013eatiny? WERTHOLZ V\u00e1m garantuje najvy\u0161\u0161iu spokojnos\u0165 a spo\u013eahlivos\u0165. Od odvozu a\u017e po fakturovanie \u2013 v\u0161etko v jednom. Po\u0161lite n\u00e1m dopyt a my sa s Vami spoj\u00edme a priprav\u00edme V\u00e1m ponuku.<br \/>\n[\/et_pb_cta][\/et_pb_column][\/et_pb_row][\/et_pb_section]<\/p>\n","protected":false},"excerpt":{"rendered":"<p>WERTHOLZ &#8211; slu\u017eby pre priemysel Pre podniky, ktor\u00e9 vyr\u00e1baj\u00fa celul\u00f3zu, papier a dosky, m\u00e1 najv\u00e4\u010d\u0161\u00ed v\u00fdznam kontinu\u00e1lne a nepreru\u0161ovan\u00e9 z\u00e1sobovanie surovinami pre ich dielne. N\u00e1kupn\u00fd trh pre gu\u013eatinu je v\u0161ak trhom, o ktor\u00fd sa bojuje. M\u00e1 svoje vlastn\u00e9 pravidl\u00e1 a bez dobr\u00fdch znalost\u00ed trhu a kontaktov je \u0165a\u017ek\u00e9 poskytn\u00fa\u0165 po\u017eadovan\u00fa z\u00e1ruku pre z\u00e1sobovanie. WERTHOLZ je [&hellip;]<\/p>\n","protected":false},"author":1,"featured_media":0,"parent":0,"menu_order":0,"comment_status":"closed","ping_status":"closed","template":"","meta":{"_et_pb_use_builder":"on","_et_pb_old_content":"","_et_gb_content_width":"","footnotes":""},"class_list":["post-2428","page","type-page","status-publish","hentry"],"_links":{"self":[{"href":"https:\/\/www.wertholz.com\/sk\/wp-json\/wp\/v2\/pages\/2428","targetHints":{"allow":["GET"]}}],"collection":[{"href":"https:\/\/www.wertholz.com\/sk\/wp-json\/wp\/v2\/pages"}],"about":[{"href":"https:\/\/www.wertholz.com\/sk\/wp-json\/wp\/v2\/types\/page"}],"author":[{"embeddable":true,"href":"https:\/\/www.wertholz.com\/sk\/wp-json\/wp\/v2\/users\/1"}],"replies":[{"embeddable":true,"href":"https:\/\/www.wertholz.com\/sk\/wp-json\/wp\/v2\/comments?post=2428"}],"version-history":[{"count":5,"href":"https:\/\/www.wertholz.com\/sk\/wp-json\/wp\/v2\/pages\/2428\/revisions"}],"predecessor-version":[{"id":2927,"href":"https:\/\/www.wertholz.com\/sk\/wp-json\/wp\/v2\/pages\/2428\/revisions\/2927"}],"wp:attachment":[{"href":"https:\/\/www.wertholz.com\/sk\/wp-json\/wp\/v2\/media?parent=2428"}],"curies":[{"name":"wp","href":"https:\/\/api.w.org\/{rel}","templated":true}]}}