{"id":2430,"date":"2018-09-28T18:57:37","date_gmt":"2018-09-28T17:57:37","guid":{"rendered":"https:\/\/www.wertholz.com\/lesne-podniky\/"},"modified":"2021-08-09T13:09:05","modified_gmt":"2021-08-09T12:09:05","slug":"lesne-podniky","status":"publish","type":"page","link":"https:\/\/www.wertholz.com\/sk\/lesne-podniky\/","title":{"rendered":"Lesn\u00e9 podniky"},"content":{"rendered":"<p>[et_pb_section fb_built=&#8220;1&#8243; fullwidth=&#8220;on&#8220; _builder_version=&#8220;3.22&#8243;][et_pb_fullwidth_header title=&#8220;Lesn\u00e9 podniky&#8220; subhead=&#8220;WH DANUBIUS &#8211; Lesn\u00e9 podniky na Slovensku&#8220; text_orientation=&#8220;center&#8220; background_overlay_color=&#8220;rgba(0,0,0,0.2)&#8220; _builder_version=&#8220;4.9.10&#8243; title_font_size=&#8220;48px&#8220; title_line_height=&#8220;1.3em&#8220; subhead_font_size=&#8220;24px&#8220; subhead_line_height=&#8220;1.3em&#8220; background_image=&#8220;https:\/\/www.wertholz.com\/wp-content\/uploads\/2018\/09\/autumn_1600x533.jpg&#8220; background_position=&#8220;bottom_center&#8220; custom_padding=&#8220;150px||150px|&#8220; animation_style=&#8220;zoom&#8220; title_font_size_tablet=&#8220;30px&#8220; title_font_size_phone=&#8220;&#8220; title_font_size_last_edited=&#8220;on|phone&#8220; content_font_size_last_edited=&#8220;off|phone&#8220; subhead_font_size_tablet=&#8220;18px&#8220; subhead_font_size_phone=&#8220;&#8220; subhead_font_size_last_edited=&#8220;on|tablet&#8220; button_one_text_size__hover_enabled=&#8220;off&#8220; button_two_text_size__hover_enabled=&#8220;off&#8220; button_one_text_color__hover_enabled=&#8220;off&#8220; button_two_text_color__hover_enabled=&#8220;off&#8220; button_one_border_width__hover_enabled=&#8220;off&#8220; button_two_border_width__hover_enabled=&#8220;off&#8220; button_one_border_color__hover_enabled=&#8220;off&#8220; button_two_border_color__hover_enabled=&#8220;off&#8220; button_one_border_radius__hover_enabled=&#8220;off&#8220; button_two_border_radius__hover_enabled=&#8220;off&#8220; button_one_letter_spacing__hover_enabled=&#8220;off&#8220; button_two_letter_spacing__hover_enabled=&#8220;off&#8220; button_one_bg_color__hover_enabled=&#8220;off&#8220; button_two_bg_color__hover_enabled=&#8220;off&#8220;][\/et_pb_fullwidth_header][\/et_pb_section][et_pb_section fb_built=&#8220;1&#8243; admin_label=&#8220;section&#8220; _builder_version=&#8220;3.22&#8243;][et_pb_row column_structure=&#8220;1_2,1_2&#8243; admin_label=&#8220;row&#8220; _builder_version=&#8220;4.9.10&#8243; background_size=&#8220;initial&#8220; background_position=&#8220;top_left&#8220; background_repeat=&#8220;repeat&#8220; animation_style=&#8220;zoom&#8220;][et_pb_column type=&#8220;1_2&#8243; _builder_version=&#8220;3.25&#8243; custom_padding=&#8220;|||&#8220; custom_padding__hover=&#8220;|||&#8220;][et_pb_text _builder_version=&#8220;3.27.4&#8243; background_size=&#8220;initial&#8220; background_position=&#8220;top_left&#8220; background_repeat=&#8220;repeat&#8220; module_alignment=&#8220;left&#8220; use_border_color=&#8220;off&#8220; border_color=&#8220;#ffffff&#8220; border_style=&#8220;solid&#8220;]<\/p>\n<h2>WH DANUBIUS &#8211; Lesn\u00e9 podniky na Slovensku<\/h2>\n<p>[\/et_pb_text][et_pb_text _builder_version=&#8220;3.27.4&#8243; background_size=&#8220;initial&#8220; background_position=&#8220;top_left&#8220; background_repeat=&#8220;repeat&#8220; text_orientation=&#8220;justified&#8220; module_alignment=&#8220;left&#8220; use_border_color=&#8220;off&#8220;]Dc\u00e9rska firma skupiny WERTHOLZ, spolo\u010dnos\u0165 WH DANUBIUS, s.r.o. so s\u00eddlom v Kl\u00e1\u0161tore pod Znievom sa na Slovensku star\u00e1 o pribli\u017ene 1800 ha vlastn\u00e9ho lesa, rozdelen\u00fdch do 3 prev\u00e1dzok. Ro\u010dne sa zotne okolo 15 000 plnometrov vo v\u0161etk\u00fdch \u0161tyroch prev\u00e1dzkach. Takto z\u00e1sobujeme odberate\u013eov na Slovensku, v Rak\u00fasku a Nemecku. <\/p>\n<p>S cie\u013eom zabezpe\u010di\u0165 trvalo udr\u017eate\u013en\u00e9 lesn\u00e9 hospod\u00e1rstvo sme v posledn\u00fdch rokoch investovali vo v\u0161etk\u00fdch \u0161tyroch prev\u00e1dzkach najm\u00e4 do rozvoja infra\u0161trukt\u00fary. Celkovo sa zriadilo okolo 60 km lesn\u00fdch ciest a nieko\u013eko skladovac\u00edch miest priamo v lese na manipulovanie s drevom. Umo\u017e\u0148uje to efekt\u00edvne a modern\u00e9 obhospodarovanie a dlhodob\u00e9 zabezpe\u010denie lesn\u00fdch prev\u00e1dzok ekologicky a ekonomicky.<br \/>\n[\/et_pb_text][\/et_pb_column][et_pb_column type=&#8220;1_2&#8243; _builder_version=&#8220;3.25&#8243; custom_padding=&#8220;|||&#8220; custom_padding__hover=&#8220;|||&#8220;][et_pb_image src=&#8220;https:\/\/www.wertholz.com\/wp-content\/uploads\/2018\/09\/wh_danubius_logo_1024x484.jpg&#8220; align=&#8220;center&#8220; align_tablet=&#8220;center&#8220; align_phone=&#8220;&#8220; align_last_edited=&#8220;on|desktop&#8220; _builder_version=&#8220;4.9.10&#8243; max_width=&#8220;66%&#8220; module_alignment=&#8220;center&#8220; custom_margin=&#8220;100px|||&#8220; animation_style=&#8220;zoom&#8220;][\/et_pb_image][\/et_pb_column][\/et_pb_row][\/et_pb_section][et_pb_section fb_built=&#8220;1&#8243; _builder_version=&#8220;3.22&#8243; custom_margin=&#8220;0px|0px|0px|0px&#8220; custom_padding=&#8220;0px|0px|0px|0px&#8220;][et_pb_row use_custom_gutter=&#8220;on&#8220; gutter_width=&#8220;1&#8243; admin_label=&#8220;row&#8220; module_class=&#8220; et_pb_row_fullwidth&#8220; _builder_version=&#8220;4.9.10&#8243; background_size=&#8220;initial&#8220; background_position=&#8220;top_left&#8220; background_repeat=&#8220;repeat&#8220; width=&#8220;100%&#8220; width_tablet=&#8220;100%&#8220; width_phone=&#8220;&#8220; width_last_edited=&#8220;on|desktop&#8220; max_width=&#8220;100%&#8220; max_width_tablet=&#8220;100%&#8220; max_width_phone=&#8220;&#8220; max_width_last_edited=&#8220;on|desktop&#8220; custom_margin=&#8220;0px|0px|0px|0px&#8220; custom_padding=&#8220;0px|0px|0px|0px&#8220; animation_style=&#8220;zoom&#8220; make_fullwidth=&#8220;on&#8220;][et_pb_column type=&#8220;4_4&#8243; _builder_version=&#8220;3.25&#8243; custom_padding=&#8220;0px|0px|0px|0px&#8220; custom_padding__hover=&#8220;|||&#8220;][et_pb_map address=&#8220;Kl\u00e1\u0161tor pod Znievom, Slovakia&#8220; zoom_level=&#8220;5&#8243; address_lat=&#8220;48.97278689999999&#8243; address_lng=&#8220;18.804906699999947&#8243; mouse_wheel=&#8220;off&#8220; admin_label=&#8220;Map&#8220; _builder_version=&#8220;3.13.1&#8243; child_filter_saturate=&#8220;0%&#8220;][et_pb_map_pin title=&#8220;Leles&#8220; pin_address=&#8220;076 84 Leles, Slowakei&#8220; pin_address_lat=&#8220;48.46713339999999&#8243; pin_address_lng=&#8220;22.025438200000053&#8243; _builder_version=&#8220;3.0.47&#8243;]Lesn\u00e1 prev\u00e1dzka Leles le\u017e\u00ed v bl\u00edzkosti ukrajinskej a ma\u010farskej hranice pri Kr\u00e1\u013eovskom Chlmci v nadmorskej v\u00fd\u0161ke cca 100 m. Okolo 800 ha lesn\u00fdch pl\u00f4ch le\u017e\u00ed s\u010dasti pri Latorici, s\u010dasti na pies\u010dit\u00fdch dun\u00e1ch, \u010das\u0165 na rovn\u00fdch pahorkoch na \u00edlovitom piesku. Les je lu\u017en\u00fdm lesom s r\u00f4znymi druhmi stromov, predov\u0161etk\u00fdm ide o duby, ag\u00e1ty, jasne, buky a topole. K prev\u00e1dzke patr\u00ed aj \u010fal\u0161\u00edch 1 300 ha po\u013enohospod\u00e1rskej plochy, o ktor\u00fa sa star\u00e1 person\u00e1l.<br \/>\n[\/et_pb_map_pin][et_pb_map_pin title=&#8220;Gemersk\u00e1 Ves&#8220; pin_address=&#8220;982 62 Gemersk\u00e1 Ves, Slowakei&#8220; pin_address_lat=&#8220;48.47756400000001&#8243; pin_address_lng=&#8220;20.272793699999966&#8243; _builder_version=&#8220;3.0.47&#8243;]V Gemerskej Vsi sa nach\u00e1dza lesn\u00e1 prev\u00e1dzka o ve\u013ekosti pribli\u017ene 550 ha. K prev\u00e1dzke patr\u00ed aj 250 ha po\u013enohospod\u00e1rskej plochy. Gemersk\u00e1 Ves le\u017e\u00ed medzi Rimavskou Sobotou a Ro\u017e\u0148avou na rovn\u00fdch pahorkoch s \u00edlovitou p\u00f4dou a v nadmorskej v\u00fd\u0161ke 197 a\u017e 303 m. Lesn\u00e1 prev\u00e1dzka s rozlohou pribli\u017ene 550 ha m\u00e1 ako prirodzen\u00fd porast dub. V roku 2013 sa ukon\u010dila stavba lesn\u00fdch ciest a t\u00fdm sa zabezpe\u010dil pr\u00edstup k prev\u00e1dzke lesn\u00fdmi cestami.<br \/>\n[\/et_pb_map_pin][et_pb_map_pin title=&#8220;Kr\u00e1\u013eova Lehota&#8220; pin_address=&#8220;Kr\u00e1\u013eova Lehota, Slowakei&#8220; pin_address_lat=&#8220;49.0214866&#8243; pin_address_lng=&#8220;19.793980799999986&#8243; _builder_version=&#8220;3.0.47&#8243;]Prev\u00e1dzka Kr\u00e1\u013eova Lehota sa nach\u00e1dza 45 km v\u00fdchodne od Ru\u017eomberka v N\u00edzkych Tatr\u00e1ch, v nadmorskej v\u00fd\u0161ke 720 a\u017e 1 150 m. Rast\u00fa tu najm\u00e4 smreky a borovice. M\u00e1 pribli\u017ene 99 ha a je najmen\u0161ou prev\u00e1dzkou WH Danubius na Slovensku. Napriek tomu sa do prev\u00e1dzky investovalo a je celkovo pr\u00edstupn\u00e1 v\u010faka lesn\u00fdm cest\u00e1m.<br \/>\n[\/et_pb_map_pin][\/et_pb_map][\/et_pb_column][\/et_pb_row][\/et_pb_section][et_pb_section fb_built=&#8220;1&#8243; _builder_version=&#8220;3.22&#8243;][et_pb_row column_structure=&#8220;1_2,1_2&#8243; admin_label=&#8220;row&#8220; _builder_version=&#8220;4.9.10&#8243; background_size=&#8220;initial&#8220; background_position=&#8220;top_left&#8220; background_repeat=&#8220;repeat&#8220; hover_enabled=&#8220;0&#8243; sticky_enabled=&#8220;0&#8243;][et_pb_column type=&#8220;1_2&#8243; _builder_version=&#8220;3.25&#8243; custom_padding=&#8220;|||&#8220; custom_padding__hover=&#8220;|||&#8220;][et_pb_text _builder_version=&#8220;4.9.10&#8243; background_size=&#8220;initial&#8220; background_position=&#8220;top_left&#8220; background_repeat=&#8220;repeat&#8220; text_orientation=&#8220;justified&#8220; module_alignment=&#8220;justified&#8220; hover_enabled=&#8220;0&#8243; use_border_color=&#8220;off&#8220; border_color=&#8220;#ffffff&#8220; border_style=&#8220;solid&#8220; animation_style=&#8220;zoom&#8220; sticky_enabled=&#8220;0&#8243;]<\/p>\n<h3>Leles<\/h3>\n<p>Lesn\u00e1 prev\u00e1dzka Leles le\u017e\u00ed v bl\u00edzkosti ukrajinskej a ma\u010farskej hranice pri Kr\u00e1\u013eovskom Chlmci v nadmorskej v\u00fd\u0161ke cca 100 m. Okolo 800 ha lesn\u00fdch pl\u00f4ch le\u017e\u00ed s\u010dasti pri Latorici, s\u010dasti na pies\u010dit\u00fdch dun\u00e1ch, \u010das\u0165 na rovn\u00fdch pahorkoch na \u00edlovitom piesku. Les je lu\u017en\u00fdm lesom s r\u00f4znymi druhmi stromov, predov\u0161etk\u00fdm ide o duby, ag\u00e1ty, jasne, buky a topole. K prev\u00e1dzke patr\u00ed aj \u010fal\u0161\u00edch 1 300 ha po\u013enohospod\u00e1rskej plochy, o ktor\u00fa sa star\u00e1 person\u00e1l.<br \/>\n[\/et_pb_text][\/et_pb_column][et_pb_column type=&#8220;1_2&#8243; _builder_version=&#8220;3.25&#8243; custom_padding=&#8220;|||&#8220; custom_padding__hover=&#8220;|||&#8220;][et_pb_counters bar_bg_color=&#8220;#45ba01&#8243; admin_label=&#8220;Animated Counters&#8220; _builder_version=&#8220;3.0.87&#8243; background_color=&#8220;#dddddd&#8220; custom_padding=&#8220;|||&#8220; custom_padding_tablet=&#8220;|||&#8220; custom_padding_phone=&#8220;|||&#8220; custom_padding_last_edited=&#8220;off|desktop&#8220;][et_pb_counter percent=&#8220;47&#8243; _builder_version=&#8220;3.0.47&#8243; background_color_default=&#8220;#dddddd&#8220; background_enable_color_default=&#8220;on&#8220; parallax_default=&#8220;off&#8220; parallax_method_default=&#8220;on&#8220; bar_background_color_default=&#8220;#45ba01&#8243; use_percentages=&#8220;on&#8220; allow_player_pause_default=&#8220;off&#8220;]Dub[\/et_pb_counter][et_pb_counter percent=&#8220;35&#8243; _builder_version=&#8220;3.0.47&#8243; background_color_default=&#8220;#dddddd&#8220; background_enable_color_default=&#8220;on&#8220; parallax_default=&#8220;off&#8220; parallax_method_default=&#8220;on&#8220; bar_background_color_default=&#8220;#45ba01&#8243; use_percentages=&#8220;on&#8220; allow_player_pause_default=&#8220;off&#8220;]Jase\u0148[\/et_pb_counter][et_pb_counter percent=&#8220;10&#8243; _builder_version=&#8220;3.0.47&#8243; background_color_default=&#8220;#dddddd&#8220; background_enable_color_default=&#8220;on&#8220; parallax_default=&#8220;off&#8220; parallax_method_default=&#8220;on&#8220; bar_background_color_default=&#8220;#45ba01&#8243; use_percentages=&#8220;on&#8220; allow_player_pause_default=&#8220;off&#8220;]Ag\u00e1t[\/et_pb_counter][et_pb_counter percent=&#8220;5&#8243; _builder_version=&#8220;3.0.47&#8243; background_color_default=&#8220;#dddddd&#8220; background_enable_color_default=&#8220;on&#8220; parallax_default=&#8220;off&#8220; parallax_method_default=&#8220;on&#8220; bar_background_color_default=&#8220;#45ba01&#8243; use_percentages=&#8220;on&#8220; allow_player_pause_default=&#8220;off&#8220;]Buk[\/et_pb_counter][et_pb_counter percent=&#8220;3&#8243; _builder_version=&#8220;3.0.47&#8243; background_color_default=&#8220;#dddddd&#8220; background_enable_color_default=&#8220;on&#8220; parallax_default=&#8220;off&#8220; parallax_method_default=&#8220;on&#8220; bar_background_color_default=&#8220;#45ba01&#8243; use_percentages=&#8220;on&#8220; allow_player_pause_default=&#8220;off&#8220;]Topo\u013e[\/et_pb_counter][\/et_pb_counters][\/et_pb_column][\/et_pb_row][et_pb_row column_structure=&#8220;1_2,1_2&#8243; admin_label=&#8220;row&#8220; _builder_version=&#8220;4.9.10&#8243; background_size=&#8220;initial&#8220; background_position=&#8220;top_left&#8220; background_repeat=&#8220;repeat&#8220; hover_enabled=&#8220;0&#8243; sticky_enabled=&#8220;0&#8243;][et_pb_column type=&#8220;1_2&#8243; _builder_version=&#8220;3.25&#8243; custom_padding=&#8220;|||&#8220; custom_padding__hover=&#8220;|||&#8220;][et_pb_text _builder_version=&#8220;4.9.10&#8243; background_size=&#8220;initial&#8220; background_position=&#8220;top_left&#8220; background_repeat=&#8220;repeat&#8220; text_orientation=&#8220;justified&#8220; module_alignment=&#8220;justified&#8220; hover_enabled=&#8220;0&#8243; use_border_color=&#8220;off&#8220; border_color=&#8220;#ffffff&#8220; border_style=&#8220;solid&#8220; animation_style=&#8220;zoom&#8220; sticky_enabled=&#8220;0&#8243;]<\/p>\n<h3>Gemersk\u00e1 Ves<\/h3>\n<p>V Gemerskej Vsi sa nach\u00e1dza lesn\u00e1 prev\u00e1dzka o ve\u013ekosti pribli\u017ene 550 ha. K prev\u00e1dzke patr\u00ed aj 250 ha po\u013enohospod\u00e1rskej plochy. Gemersk\u00e1 Ves le\u017e\u00ed medzi Rimavskou Sobotou a Ro\u017e\u0148avou na rovn\u00fdch pahorkoch s \u00edlovitou p\u00f4dou a v nadmorskej v\u00fd\u0161ke 197 a\u017e 303 m. Lesn\u00e1 prev\u00e1dzka s rozlohou pribli\u017ene 550 ha m\u00e1 ako prirodzen\u00fd porast dub. V roku 2013 sa ukon\u010dila stavba lesn\u00fdch ciest a t\u00fdm sa zabezpe\u010dil pr\u00edstup k prev\u00e1dzke lesn\u00fdmi cestami.<br \/>\n[\/et_pb_text][\/et_pb_column][et_pb_column type=&#8220;1_2&#8243; _builder_version=&#8220;3.25&#8243; custom_padding=&#8220;|||&#8220; custom_padding__hover=&#8220;|||&#8220;][et_pb_counters bar_bg_color=&#8220;#45ba01&#8243; admin_label=&#8220;Animated Counters&#8220; _builder_version=&#8220;3.0.87&#8243; background_color=&#8220;#dddddd&#8220; custom_padding=&#8220;|||&#8220; custom_padding_tablet=&#8220;|||&#8220; custom_padding_phone=&#8220;|||&#8220; custom_padding_last_edited=&#8220;off|desktop&#8220;][et_pb_counter percent=&#8220;67&#8243; _builder_version=&#8220;3.0.47&#8243; background_color_default=&#8220;#dddddd&#8220; background_enable_color_default=&#8220;on&#8220; parallax_default=&#8220;off&#8220; parallax_method_default=&#8220;on&#8220; bar_background_color_default=&#8220;#45ba01&#8243; use_percentages=&#8220;on&#8220; allow_player_pause_default=&#8220;off&#8220;]Dub[\/et_pb_counter][et_pb_counter percent=&#8220;24&#8243; _builder_version=&#8220;3.0.47&#8243; background_color_default=&#8220;#dddddd&#8220; background_enable_color_default=&#8220;on&#8220; parallax_default=&#8220;off&#8220; parallax_method_default=&#8220;on&#8220; bar_background_color_default=&#8220;#45ba01&#8243; use_percentages=&#8220;on&#8220; allow_player_pause_default=&#8220;off&#8220;]Buk[\/et_pb_counter][et_pb_counter percent=&#8220;9&#8243; _builder_version=&#8220;3.0.47&#8243; background_color_default=&#8220;#dddddd&#8220; background_enable_color_default=&#8220;on&#8220; parallax_default=&#8220;off&#8220; parallax_method_default=&#8220;on&#8220; bar_background_color_default=&#8220;#45ba01&#8243; use_percentages=&#8220;on&#8220; allow_player_pause_default=&#8220;off&#8220;]Borovica[\/et_pb_counter][\/et_pb_counters][\/et_pb_column][\/et_pb_row][et_pb_row column_structure=&#8220;1_2,1_2&#8243; admin_label=&#8220;row&#8220; _builder_version=&#8220;4.9.10&#8243; background_size=&#8220;initial&#8220; background_position=&#8220;top_left&#8220; background_repeat=&#8220;repeat&#8220; animation_style=&#8220;zoom&#8220; hover_enabled=&#8220;0&#8243; sticky_enabled=&#8220;0&#8243;][et_pb_column type=&#8220;1_2&#8243; _builder_version=&#8220;3.25&#8243; custom_padding=&#8220;|||&#8220; custom_padding__hover=&#8220;|||&#8220;][et_pb_text _builder_version=&#8220;3.27.4&#8243; background_size=&#8220;initial&#8220; background_position=&#8220;top_left&#8220; background_repeat=&#8220;repeat&#8220; text_orientation=&#8220;justified&#8220; module_alignment=&#8220;justified&#8220; use_border_color=&#8220;off&#8220; border_color=&#8220;#ffffff&#8220; border_style=&#8220;solid&#8220;]<\/p>\n<h3>Kr\u00e1\u013eova Lehota<\/h3>\n<p>Prev\u00e1dzka Kr\u00e1\u013eova Lehota sa nach\u00e1dza 45 km v\u00fdchodne od Ru\u017eomberka v N\u00edzkych Tatr\u00e1ch, v nadmorskej v\u00fd\u0161ke 720 a\u017e 1 150 m. Rast\u00fa tu najm\u00e4 smreky a borovice. M\u00e1 pribli\u017ene 99 ha a je najmen\u0161ou prev\u00e1dzkou WH Danubius na Slovensku. Napriek tomu sa do prev\u00e1dzky investovalo a je celkovo pr\u00edstupn\u00e1 v\u010faka lesn\u00fdm cest\u00e1m.<br \/>\n[\/et_pb_text][\/et_pb_column][et_pb_column type=&#8220;1_2&#8243; _builder_version=&#8220;3.25&#8243; custom_padding=&#8220;|||&#8220; custom_padding__hover=&#8220;|||&#8220;][et_pb_counters bar_bg_color=&#8220;#45ba01&#8243; admin_label=&#8220;Animated Counters&#8220; _builder_version=&#8220;3.0.87&#8243; background_color=&#8220;#dddddd&#8220; custom_padding=&#8220;|||&#8220; custom_padding_tablet=&#8220;|||&#8220; custom_padding_phone=&#8220;|||&#8220; custom_padding_last_edited=&#8220;off|desktop&#8220;][et_pb_counter percent=&#8220;63&#8243; _builder_version=&#8220;3.0.47&#8243; background_color_default=&#8220;#dddddd&#8220; background_enable_color_default=&#8220;on&#8220; parallax_default=&#8220;off&#8220; parallax_method_default=&#8220;on&#8220; bar_background_color_default=&#8220;#45ba01&#8243; use_percentages=&#8220;on&#8220; allow_player_pause_default=&#8220;off&#8220;]Smrek[\/et_pb_counter][et_pb_counter percent=&#8220;31&#8243; _builder_version=&#8220;3.0.47&#8243; background_color_default=&#8220;#dddddd&#8220; background_enable_color_default=&#8220;on&#8220; parallax_default=&#8220;off&#8220; parallax_method_default=&#8220;on&#8220; bar_background_color_default=&#8220;#45ba01&#8243; use_percentages=&#8220;on&#8220; allow_player_pause_default=&#8220;off&#8220;]Borovica[\/et_pb_counter][et_pb_counter percent=&#8220;6&#8243; _builder_version=&#8220;3.0.47&#8243; background_color_default=&#8220;#dddddd&#8220; background_enable_color_default=&#8220;on&#8220; parallax_default=&#8220;off&#8220; parallax_method_default=&#8220;on&#8220; bar_background_color_default=&#8220;#45ba01&#8243; use_percentages=&#8220;on&#8220; allow_player_pause_default=&#8220;off&#8220;]Buk[\/et_pb_counter][\/et_pb_counters][\/et_pb_column][\/et_pb_row][et_pb_row column_structure=&#8220;1_2,1_2&#8243; admin_label=&#8220;row&#8220; _builder_version=&#8220;3.25&#8243; background_size=&#8220;initial&#8220; background_position=&#8220;top_left&#8220; background_repeat=&#8220;repeat&#8220;][et_pb_column type=&#8220;1_2&#8243; _builder_version=&#8220;3.25&#8243; custom_padding=&#8220;|||&#8220; custom_padding__hover=&#8220;|||&#8220;][et_pb_image src=&#8220;https:\/\/www.wertholz.com\/wp-content\/uploads\/2014\/02\/maximilianwagner1.jpg&#8220; align_tablet=&#8220;center&#8220; align_phone=&#8220;&#8220; align_last_edited=&#8220;on|desktop&#8220; admin_label=&#8220;Image&#8220; _builder_version=&#8220;4.9.10&#8243; animation_style=&#8220;zoom&#8220;][\/et_pb_image][\/et_pb_column][et_pb_column type=&#8220;1_2&#8243; _builder_version=&#8220;3.25&#8243; custom_padding=&#8220;|||&#8220; custom_padding__hover=&#8220;|||&#8220;][et_pb_image src=&#8220;https:\/\/www.wertholz.com\/wp-content\/uploads\/2014\/02\/Mitarbeiter.jpg&#8220; align_tablet=&#8220;center&#8220; align_phone=&#8220;&#8220; align_last_edited=&#8220;on|desktop&#8220; _builder_version=&#8220;4.9.10&#8243; animation_style=&#8220;zoom&#8220;][\/et_pb_image][et_pb_testimonial author=&#8220;Maximilian Wagner &#8211; ved\u00faci strediska Leles&#8220; _builder_version=&#8220;3.2&#8243; background_size=&#8220;initial&#8220; background_position=&#8220;top_left&#8220; background_repeat=&#8220;repeat&#8220; text_orientation=&#8220;justified&#8220; border_style=&#8220;solid&#8220;]\u201cMotivovan\u00fd a dobre vy\u0161kolen\u00fd person\u00e1l, rovnako ako pr\u00edprava a vzdelanie bud\u00facich mlad\u00fdch gener\u00e1ci\u00ed je z\u00e1kladn\u00fdm princ\u00edpom v na\u0161ich lesn\u00edckych a po\u013enohospod\u00e1rskych prev\u00e1dzkach. S na\u0161ou modernou technikou sme z\u00edskali schopnos\u0165 zabezpe\u010di\u0165 v\u0161etky pracovn\u00e9 \u00falohy r\u00fdchlo a spo\u013eahlivo, presne pod\u013ea vyt\u00fd\u010den\u00e9ho pl\u00e1nu.\u201d<br \/>\n[\/et_pb_testimonial][\/et_pb_column][\/et_pb_row][\/et_pb_section]<\/p>\n","protected":false},"excerpt":{"rendered":"<p>WH DANUBIUS &#8211; Lesn\u00e9 podniky na Slovensku Dc\u00e9rska firma skupiny WERTHOLZ, spolo\u010dnos\u0165 WH DANUBIUS, s.r.o. so s\u00eddlom v Kl\u00e1\u0161tore pod Znievom sa na Slovensku star\u00e1 o pribli\u017ene 1800 ha vlastn\u00e9ho lesa, rozdelen\u00fdch do 3 prev\u00e1dzok. Ro\u010dne sa zotne okolo 15 000 plnometrov vo v\u0161etk\u00fdch \u0161tyroch prev\u00e1dzkach. Takto z\u00e1sobujeme odberate\u013eov na Slovensku, v Rak\u00fasku a Nemecku. [&hellip;]<\/p>\n","protected":false},"author":1,"featured_media":0,"parent":0,"menu_order":0,"comment_status":"open","ping_status":"open","template":"","meta":{"_et_pb_use_builder":"on","_et_pb_old_content":"","_et_gb_content_width":"","footnotes":""},"class_list":["post-2430","page","type-page","status-publish","hentry"],"_links":{"self":[{"href":"https:\/\/www.wertholz.com\/sk\/wp-json\/wp\/v2\/pages\/2430","targetHints":{"allow":["GET"]}}],"collection":[{"href":"https:\/\/www.wertholz.com\/sk\/wp-json\/wp\/v2\/pages"}],"about":[{"href":"https:\/\/www.wertholz.com\/sk\/wp-json\/wp\/v2\/types\/page"}],"author":[{"embeddable":true,"href":"https:\/\/www.wertholz.com\/sk\/wp-json\/wp\/v2\/users\/1"}],"replies":[{"embeddable":true,"href":"https:\/\/www.wertholz.com\/sk\/wp-json\/wp\/v2\/comments?post=2430"}],"version-history":[{"count":3,"href":"https:\/\/www.wertholz.com\/sk\/wp-json\/wp\/v2\/pages\/2430\/revisions"}],"predecessor-version":[{"id":2936,"href":"https:\/\/www.wertholz.com\/sk\/wp-json\/wp\/v2\/pages\/2430\/revisions\/2936"}],"wp:attachment":[{"href":"https:\/\/www.wertholz.com\/sk\/wp-json\/wp\/v2\/media?parent=2430"}],"curies":[{"name":"wp","href":"https:\/\/api.w.org\/{rel}","templated":true}]}}