{"id":2450,"date":"2018-09-28T19:04:39","date_gmt":"2018-09-28T18:04:39","guid":{"rendered":"https:\/\/www.wertholz.com\/polnohospodarstva\/"},"modified":"2023-07-29T15:22:12","modified_gmt":"2023-07-29T14:22:12","slug":"polnohospodarstva","status":"publish","type":"page","link":"https:\/\/www.wertholz.com\/sk\/polnohospodarstva\/","title":{"rendered":"Po\u013enohospod\u00e1rstva"},"content":{"rendered":"<p>[et_pb_section fb_built=&#8220;1&#8243; fullwidth=&#8220;on&#8220; _builder_version=&#8220;4.15&#8243; global_colors_info=&#8220;{}&#8220;][et_pb_fullwidth_header title=&#8220;Po\u013enohospod\u00e1rstva&#8220; subhead=&#8220;WH DANUBIUS &#8211; po\u013enohospod\u00e1rstva na Slovensku&#8220; text_orientation=&#8220;center&#8220; background_overlay_color=&#8220;rgba(0,0,0,0.2)&#8220; _builder_version=&#8220;4.15&#8243; title_font_size=&#8220;48px&#8220; title_line_height=&#8220;1.3em&#8220; subhead_font_size=&#8220;24px&#8220; subhead_line_height=&#8220;1.3em&#8220; background_image=&#8220;https:\/\/www.wertholz.com\/wp-content\/uploads\/2018\/09\/agriculture_1600x1067.jpg&#8220; custom_padding=&#8220;150px||150px|&#8220; animation_style=&#8220;zoom&#8220; title_font_size_tablet=&#8220;30px&#8220; title_font_size_phone=&#8220;&#8220; title_font_size_last_edited=&#8220;on|phone&#8220; content_font_size_last_edited=&#8220;off|phone&#8220; subhead_font_size_tablet=&#8220;18px&#8220; subhead_font_size_phone=&#8220;&#8220; subhead_font_size_last_edited=&#8220;on|tablet&#8220; global_colors_info=&#8220;{}&#8220; button_one_text_size__hover_enabled=&#8220;off&#8220; button_two_text_size__hover_enabled=&#8220;off&#8220; button_one_text_color__hover_enabled=&#8220;off&#8220; button_two_text_color__hover_enabled=&#8220;off&#8220; button_one_border_width__hover_enabled=&#8220;off&#8220; button_two_border_width__hover_enabled=&#8220;off&#8220; button_one_border_color__hover_enabled=&#8220;off&#8220; button_two_border_color__hover_enabled=&#8220;off&#8220; button_one_border_radius__hover_enabled=&#8220;off&#8220; button_two_border_radius__hover_enabled=&#8220;off&#8220; button_one_letter_spacing__hover_enabled=&#8220;off&#8220; button_two_letter_spacing__hover_enabled=&#8220;off&#8220; button_one_bg_color__hover_enabled=&#8220;off&#8220; button_two_bg_color__hover_enabled=&#8220;off&#8220;][\/et_pb_fullwidth_header][\/et_pb_section][et_pb_section fb_built=&#8220;1&#8243; admin_label=&#8220;section&#8220; _builder_version=&#8220;4.15&#8243; global_colors_info=&#8220;{}&#8220;][et_pb_row column_structure=&#8220;1_2,1_2&#8243; admin_label=&#8220;row&#8220; _builder_version=&#8220;4.15&#8243; background_size=&#8220;initial&#8220; background_position=&#8220;top_left&#8220; background_repeat=&#8220;repeat&#8220; animation_style=&#8220;zoom&#8220; global_colors_info=&#8220;{}&#8220;][et_pb_column type=&#8220;1_2&#8243; _builder_version=&#8220;4.15&#8243; custom_padding=&#8220;|||&#8220; global_colors_info=&#8220;{}&#8220; custom_padding__hover=&#8220;|||&#8220;][et_pb_text _builder_version=&#8220;4.15&#8243; background_size=&#8220;initial&#8220; background_position=&#8220;top_left&#8220; background_repeat=&#8220;repeat&#8220; module_alignment=&#8220;left&#8220; use_border_color=&#8220;off&#8220; border_color=&#8220;#ffffff&#8220; border_style=&#8220;solid&#8220; global_colors_info=&#8220;{}&#8220;]<\/p>\n<h2>WH DANUBIUS &#8211; po\u013enohospod\u00e1rstva na Slovensku<\/h2>\n<p>[\/et_pb_text][et_pb_text _builder_version=&#8220;4.15&#8243; background_size=&#8220;initial&#8220; background_position=&#8220;top_left&#8220; background_repeat=&#8220;repeat&#8220; text_orientation=&#8220;justified&#8220; module_alignment=&#8220;left&#8220; use_border_color=&#8220;off&#8220; global_colors_info=&#8220;{}&#8220;]Slovensk\u00e1 dc\u00e9rska firma skupiny WERTHOLZ, WH DANUBIUS, s.r.o. so s\u00eddlom v Kl\u00e1\u0161tore pod Znievom sa na Slovensku star\u00e1 o pribli\u017ene 1 300 ha po\u013enohospod\u00e1rskych pl\u00f4ch. Od roku 2006 plochy obr\u00e1baj\u00fa s\u00fakromn\u00ed vlastn\u00edci a v tomto \u010dase sa aj podarilo zabezpe\u010di\u0165 v\u00fdkonn\u00fa techniku na spracovanie p\u00f4dy a sejbu. Firma WH Danubius sa zaober\u00e1 v\u00fdhradne rastlinnou v\u00fdrobou v zmysle krit\u00e9ri\u00ed dobrej odbornej praxe.[\/et_pb_text][et_pb_image src=&#8220;https:\/\/www.wertholz.com\/wp-content\/uploads\/2018\/09\/wh_danubius_logo_1024x484.jpg&#8220; align=&#8220;center&#8220; align_tablet=&#8220;center&#8220; align_phone=&#8220;&#8220; align_last_edited=&#8220;on|desktop&#8220; _builder_version=&#8220;4.15&#8243; max_width=&#8220;50%&#8220; module_alignment=&#8220;center&#8220; animation_style=&#8220;zoom&#8220; global_colors_info=&#8220;{}&#8220;][\/et_pb_image][et_pb_text _builder_version=&#8220;4.15&#8243; background_size=&#8220;initial&#8220; background_position=&#8220;top_left&#8220; background_repeat=&#8220;repeat&#8220; text_orientation=&#8220;justified&#8220; module_alignment=&#8220;left&#8220; use_border_color=&#8220;off&#8220; global_colors_info=&#8220;{}&#8220;]Cie\u013eom po\u013enohospod\u00e1rskej v\u00fdroby s\u00fa kvalitn\u00e9 produkty pre trh, p\u0161enica a ra\u017e sa u\u017e dokonca vyzna\u010duj\u00fa potravinovou kvalitou. Najv\u00e4\u010d\u0161ia \u010das\u0165 \u017eatvy putuje do slovensk\u00fdch mlynov, ktor\u00e9 si spolo\u010dnos\u0165 WH Danubius v\u00e1\u017eia ako dlhodob\u00e9ho a spo\u013eahliv\u00e9ho partnera.<br \/>\n[\/et_pb_text][\/et_pb_column][et_pb_column type=&#8220;1_2&#8243; _builder_version=&#8220;4.15&#8243; custom_padding=&#8220;|||&#8220; global_colors_info=&#8220;{}&#8220; custom_padding__hover=&#8220;|||&#8220;][et_pb_divider show_divider=&#8220;off&#8220; disabled_on=&#8220;on|on|off&#8220; _builder_version=&#8220;4.15&#8243; height=&#8220;50px&#8220; global_colors_info=&#8220;{}&#8220;][\/et_pb_divider][et_pb_image src=&#8220;https:\/\/www.wertholz.com\/wp-content\/uploads\/2021\/03\/Professional_Agriculture.png&#8220; title_text=&#8220;Professional_Agriculture&#8220; align_tablet=&#8220;center&#8220; align_phone=&#8220;&#8220; align_last_edited=&#8220;on|desktop&#8220; admin_label=&#8220;Image&#8220; _builder_version=&#8220;4.15&#8243; animation_style=&#8220;zoom&#8220; animation_direction=&#8220;left&#8220; animation_duration=&#8220;500ms&#8220; global_colors_info=&#8220;{}&#8220;][\/et_pb_image][\/et_pb_column][\/et_pb_row][et_pb_row _builder_version=&#8220;4.15&#8243; _module_preset=&#8220;default&#8220; custom_margin=&#8220;50px||50px||false|false&#8220; global_colors_info=&#8220;{}&#8220;][et_pb_column type=&#8220;4_4&#8243; _builder_version=&#8220;4.15&#8243; _module_preset=&#8220;default&#8220; global_colors_info=&#8220;{}&#8220;][et_pb_video src=&#8220;https:\/\/youtu.be\/mtAJu2aF6W4&#8243; _builder_version=&#8220;4.15.1&#8243; _module_preset=&#8220;default&#8220; hover_enabled=&#8220;0&#8243; global_colors_info=&#8220;{}&#8220; sticky_enabled=&#8220;0&#8243;][\/et_pb_video][\/et_pb_column][\/et_pb_row][\/et_pb_section][et_pb_section fb_built=&#8220;1&#8243; _builder_version=&#8220;4.15&#8243; custom_margin=&#8220;0px|0px|0px|0px&#8220; custom_padding=&#8220;0px|0px|0px|0px&#8220; global_colors_info=&#8220;{}&#8220;][et_pb_row use_custom_gutter=&#8220;on&#8220; gutter_width=&#8220;1&#8243; admin_label=&#8220;row&#8220; module_class=&#8220; et_pb_row_fullwidth&#8220; _builder_version=&#8220;4.15&#8243; background_size=&#8220;initial&#8220; background_position=&#8220;top_left&#8220; background_repeat=&#8220;repeat&#8220; width=&#8220;100%&#8220; width_tablet=&#8220;100%&#8220; width_phone=&#8220;&#8220; width_last_edited=&#8220;on|desktop&#8220; max_width=&#8220;100%&#8220; max_width_tablet=&#8220;100%&#8220; max_width_phone=&#8220;&#8220; max_width_last_edited=&#8220;on|desktop&#8220; custom_margin=&#8220;0px|0px|0px|0px&#8220; custom_padding=&#8220;0px|0px|0px|0px&#8220; animation_style=&#8220;zoom&#8220; make_fullwidth=&#8220;on&#8220; global_colors_info=&#8220;{}&#8220;][et_pb_column type=&#8220;4_4&#8243; _builder_version=&#8220;4.15&#8243; custom_padding=&#8220;0px|0px|0px|0px&#8220; global_colors_info=&#8220;{}&#8220; custom_padding__hover=&#8220;|||&#8220;][et_pb_map address=&#8220;076 84 Leles, Slowakei&#8220; zoom_level=&#8220;7&#8243; address_lat=&#8220;48.52319288003046&#8243; address_lng=&#8220;19.10856808281255&#8243; mouse_wheel=&#8220;off&#8220; admin_label=&#8220;Map&#8220; _builder_version=&#8220;4.15&#8243; child_filter_saturate=&#8220;0%&#8220; global_colors_info=&#8220;{}&#8220;][et_pb_map_pin title=&#8220;Leles&#8220; pin_address=&#8220;076 84 Leles, Slowakei&#8220; pin_address_lat=&#8220;48.46713339999999&#8243; pin_address_lng=&#8220;22.025438200000053&#8243; _builder_version=&#8220;3.0.47&#8243; global_colors_info=&#8220;{}&#8220;]V po\u013enohospod\u00e1rskej prev\u00e1dzke Leles sa hospod\u00e1ri na ploche okolo 1000 ha a je pripojen\u00e1 k pribli\u017ene 800 hekt\u00e1rovej lesnej prev\u00e1dzke. K tomu prir\u00e1tajme asi 300 ha l\u00fak a n\u00edv, ktor\u00e9 sl\u00fa\u017eia aj na po\u013eovn\u00edctvo. Orn\u00e9 p\u00f4dy sa nach\u00e1dzaj\u00fa v juhov\u00fdchodnej \u010dasti V\u00fdchodoslovenskej n\u00ed\u017einy, v bl\u00edzkosti rieky Latorica. Obsahuj\u00fa predov\u0161etk\u00fdm rovn\u00e9 pozemky v nadmorskej v\u00fd\u0161ke 100 metrov, a tie\u017e pies\u010dit\u00e9, stredne \u0165a\u017ek\u00e9 a na niektor\u00fdch miestach aj \u0165a\u017ek\u00e9 p\u00f4dy.<br \/>\n[\/et_pb_map_pin][et_pb_map_pin title=&#8220;Gemersk\u00e1 Ves&#8220; pin_address=&#8220;982 62 Gemersk\u00e1 Ves, Slowakei&#8220; pin_address_lat=&#8220;48.47756400000001&#8243; pin_address_lng=&#8220;20.272793699999966&#8243; _builder_version=&#8220;3.0.47&#8243; global_colors_info=&#8220;{}&#8220;]V bl\u00edzkosti Tornale, medzi Rimavskou Sobotou a Ro\u017e\u0148avou, sa nach\u00e1dza prev\u00e1dzka Gemersk\u00e1 Ves. Tu le\u017e\u00ed okolo 250 ha po\u013enohospod\u00e1rskych pl\u00f4ch a pribli\u017ene 550 ha lesn\u00fdch pl\u00f4ch. Plochy s\u00fa na rovn\u00fdch pahorkoch s hlinitou p\u00f4dou v nadmorskej v\u00fd\u0161ke 197 a\u017e 303. V \u00fadol\u00ed je p\u00f4da stredne \u0165a\u017ek\u00e1 a\u017e \u0165a\u017ek\u00e1. Druh p\u00f4dy je hlina so stredn\u00fdm obsahom \u00edlu (Lt2), respekt\u00edve gley. Typ p\u00f4dy je lessiv\u00e9 \u2013 pseudogley. Vo svahov\u00fdch poloh\u00e1ch je p\u00f4da stredne \u0165a\u017ek\u00e1. Druh p\u00f4dy je hlina s obsahom \u00edlu.<br \/>\n[\/et_pb_map_pin][\/et_pb_map][\/et_pb_column][\/et_pb_row][\/et_pb_section][et_pb_section fb_built=&#8220;1&#8243; _builder_version=&#8220;4.15&#8243; global_colors_info=&#8220;{}&#8220;][et_pb_row column_structure=&#8220;1_2,1_2&#8243; admin_label=&#8220;row&#8220; _builder_version=&#8220;4.15&#8243; background_size=&#8220;initial&#8220; background_position=&#8220;top_left&#8220; background_repeat=&#8220;repeat&#8220; global_colors_info=&#8220;{}&#8220;][et_pb_column type=&#8220;1_2&#8243; _builder_version=&#8220;4.15&#8243; custom_padding=&#8220;|||&#8220; global_colors_info=&#8220;{}&#8220; custom_padding__hover=&#8220;|||&#8220;][et_pb_text _builder_version=&#8220;4.15&#8243; background_size=&#8220;initial&#8220; background_position=&#8220;top_left&#8220; background_repeat=&#8220;repeat&#8220; text_orientation=&#8220;justified&#8220; module_alignment=&#8220;justified&#8220; animation_style=&#8220;zoom&#8220; use_border_color=&#8220;off&#8220; border_color=&#8220;#ffffff&#8220; border_style=&#8220;solid&#8220; global_colors_info=&#8220;{}&#8220;]<\/p>\n<h3>Leles<\/h3>\n<p>V po\u013enohospod\u00e1rskej prev\u00e1dzke Leles sa hospod\u00e1ri na ploche okolo 1 050 ha a je pripojen\u00e1 k pribli\u017ene 800 hekt\u00e1rovej lesnej prev\u00e1dzke. K tomu prir\u00e1tajme asi 300 ha l\u00fak a n\u00edv, ktor\u00e9 sl\u00fa\u017eia aj na po\u013eovn\u00edctvo. Orn\u00e9 p\u00f4dy sa nach\u00e1dzaj\u00fa v juhov\u00fdchodnej \u010dasti V\u00fdchodoslovenskej n\u00ed\u017einy, v bl\u00edzkosti rieky Latorica. Obsahuj\u00fa predov\u0161etk\u00fdm rovn\u00e9 pozemky v nadmorskej v\u00fd\u0161ke 100 metrov, a tie\u017e pies\u010dit\u00e9, stredne \u0165a\u017ek\u00e9 a na niektor\u00fdch miestach aj \u0165a\u017ek\u00e9 p\u00f4dy.[\/et_pb_text][\/et_pb_column][et_pb_column type=&#8220;1_2&#8243; _builder_version=&#8220;4.15&#8243; custom_padding=&#8220;|||&#8220; global_colors_info=&#8220;{}&#8220; custom_padding__hover=&#8220;|||&#8220;][et_pb_text _builder_version=&#8220;4.15&#8243; background_size=&#8220;initial&#8220; background_position=&#8220;top_left&#8220; background_repeat=&#8220;repeat&#8220; module_alignment=&#8220;left&#8220; global_colors_info=&#8220;{}&#8220;]<\/p>\n<h4>Obr\u00e1banie p\u00f4dy Leles, \u017eatva 2021<\/h4>\n<p>[\/et_pb_text][et_pb_counters bar_bg_color=&#8220;#45ba01&#8243; admin_label=&#8220;Animated Counters&#8220; _builder_version=&#8220;4.15&#8243; background_color=&#8220;#dddddd&#8220; custom_padding=&#8220;|||&#8220; custom_padding_tablet=&#8220;|||&#8220; custom_padding_phone=&#8220;|||&#8220; custom_padding_last_edited=&#8220;off|desktop&#8220; global_colors_info=&#8220;{}&#8220;][et_pb_counter percent=&#8220;34&#8243; _builder_version=&#8220;4.15&#8243; background_enable_video_mp4=&#8220;on&#8220; background_enable_video_webm=&#8220;on&#8220; global_colors_info=&#8220;{}&#8220;]P\u0161enica[\/et_pb_counter][et_pb_counter percent=&#8220;29&#8243; _builder_version=&#8220;4.15&#8243; background_enable_video_mp4=&#8220;on&#8220; background_enable_video_webm=&#8220;on&#8220; global_colors_info=&#8220;{}&#8220;]S\u00f3ja[\/et_pb_counter][et_pb_counter percent=&#8220;15&#8243; _builder_version=&#8220;4.15&#8243; background_enable_video_mp4=&#8220;on&#8220; background_enable_video_webm=&#8220;on&#8220; global_colors_info=&#8220;{}&#8220;]Repka[\/et_pb_counter][et_pb_counter percent=&#8220;3&#8243; _builder_version=&#8220;4.15&#8243; _module_preset=&#8220;default&#8220; background_enable_video_mp4=&#8220;on&#8220; background_enable_video_webm=&#8220;on&#8220; global_colors_info=&#8220;{}&#8220;]Psenica Spaldova[\/et_pb_counter][et_pb_counter percent=&#8220;7&#8243; _builder_version=&#8220;4.15&#8243; background_enable_video_mp4=&#8220;on&#8220; background_enable_video_webm=&#8220;on&#8220; global_colors_info=&#8220;{}&#8220;]Poh\u00e1nka[\/et_pb_counter][et_pb_counter percent=&#8220;12&#8243; _builder_version=&#8220;4.15&#8243; background_enable_video_mp4=&#8220;on&#8220; background_enable_video_webm=&#8220;on&#8220; global_colors_info=&#8220;{}&#8220;]Ra\u017e[\/et_pb_counter][\/et_pb_counters][\/et_pb_column][\/et_pb_row][et_pb_row column_structure=&#8220;1_2,1_2&#8243; admin_label=&#8220;row&#8220; _builder_version=&#8220;4.15&#8243; background_size=&#8220;initial&#8220; background_position=&#8220;top_left&#8220; background_repeat=&#8220;repeat&#8220; global_colors_info=&#8220;{}&#8220;][et_pb_column type=&#8220;1_2&#8243; _builder_version=&#8220;4.15&#8243; custom_padding=&#8220;|||&#8220; global_colors_info=&#8220;{}&#8220; custom_padding__hover=&#8220;|||&#8220;][et_pb_text _builder_version=&#8220;4.15&#8243; background_size=&#8220;initial&#8220; background_position=&#8220;top_left&#8220; background_repeat=&#8220;repeat&#8220; text_orientation=&#8220;justified&#8220; module_alignment=&#8220;justified&#8220; animation_style=&#8220;zoom&#8220; use_border_color=&#8220;off&#8220; border_color=&#8220;#ffffff&#8220; border_style=&#8220;solid&#8220; global_colors_info=&#8220;{}&#8220;]<\/p>\n<h3>Gemersk\u00e1 Ves<\/h3>\n<p>V bl\u00edzkosti Tornale, medzi Rimavskou Sobotou a Ro\u017e\u0148avou, sa nach\u00e1dza prev\u00e1dzka Gemersk\u00e1 Ves. Tu le\u017e\u00ed okolo 250 ha po\u013enohospod\u00e1rskych pl\u00f4ch a pribli\u017ene 550 ha lesn\u00fdch pl\u00f4ch. Plochy s\u00fa na rovn\u00fdch pahorkoch s hlinitou p\u00f4dou v nadmorskej v\u00fd\u0161ke 197 a\u017e 303. V \u00fadol\u00ed je p\u00f4da stredne \u0165a\u017ek\u00e1 a\u017e \u0165a\u017ek\u00e1. Druh p\u00f4dy je hlina so stredn\u00fdm obsahom \u00edlu (Lt2), respekt\u00edve gley. Typ p\u00f4dy je lessiv\u00e9 \u2013 pseudogley. Vo svahov\u00fdch poloh\u00e1ch je p\u00f4da stredne \u0165a\u017ek\u00e1. Druh p\u00f4dy je hlina s obsahom \u00edlu.<br \/>\n[\/et_pb_text][\/et_pb_column][et_pb_column type=&#8220;1_2&#8243; _builder_version=&#8220;4.15&#8243; custom_padding=&#8220;|||&#8220; global_colors_info=&#8220;{}&#8220; custom_padding__hover=&#8220;|||&#8220;][et_pb_text _builder_version=&#8220;4.15&#8243; background_size=&#8220;initial&#8220; background_position=&#8220;top_left&#8220; background_repeat=&#8220;repeat&#8220; module_alignment=&#8220;left&#8220; global_colors_info=&#8220;{}&#8220;]<\/p>\n<h4>Obr\u00e1banie p\u00f4dy Gemersk\u00e1 Ves, \u017eatva 2021<\/h4>\n<p>[\/et_pb_text][et_pb_counters bar_bg_color=&#8220;#45ba01&#8243; admin_label=&#8220;Animated Counters&#8220; _builder_version=&#8220;4.15&#8243; background_color=&#8220;#dddddd&#8220; custom_padding=&#8220;|||&#8220; custom_padding_tablet=&#8220;|||&#8220; custom_padding_phone=&#8220;|||&#8220; custom_padding_last_edited=&#8220;off|desktop&#8220; global_colors_info=&#8220;{}&#8220;][et_pb_counter percent=&#8220;54&#8243; _builder_version=&#8220;4.15&#8243; background_enable_video_mp4=&#8220;on&#8220; background_enable_video_webm=&#8220;on&#8220; global_colors_info=&#8220;{}&#8220;]P\u0161enica[\/et_pb_counter][et_pb_counter percent=&#8220;46&#8243; _builder_version=&#8220;4.15&#8243; background_enable_video_mp4=&#8220;on&#8220; background_enable_video_webm=&#8220;on&#8220; global_colors_info=&#8220;{}&#8220;]S\u00f3ja[\/et_pb_counter][\/et_pb_counters][\/et_pb_column][\/et_pb_row][\/et_pb_section][et_pb_section fb_built=&#8220;1&#8243; fullwidth=&#8220;on&#8220; _builder_version=&#8220;4.15&#8243; global_colors_info=&#8220;{}&#8220;][et_pb_fullwidth_header title=&#8220;Rozhoduj\u00faca je popri efektivite aj spr\u00e1vna motiv\u00e1cia&#8220; text_orientation=&#8220;center&#8220; background_overlay_color=&#8220;rgba(0,0,0,0.2)&#8220; _builder_version=&#8220;4.15&#8243; title_font_size=&#8220;48px&#8220; title_line_height=&#8220;1.3em&#8220; background_image=&#8220;https:\/\/www.wertholz.com\/wp-content\/uploads\/2018\/09\/39953585_1822654687771676_2201170670480523264_o-1.jpg&#8220; parallax=&#8220;on&#8220; custom_padding=&#8220;200px||200px|&#8220; animation_style=&#8220;zoom&#8220; title_font_size_tablet=&#8220;30px&#8220; title_font_size_phone=&#8220;&#8220; title_font_size_last_edited=&#8220;on|tablet&#8220; global_colors_info=&#8220;{}&#8220; button_one_text_size__hover_enabled=&#8220;off&#8220; button_two_text_size__hover_enabled=&#8220;off&#8220; button_one_text_color__hover_enabled=&#8220;off&#8220; button_two_text_color__hover_enabled=&#8220;off&#8220; button_one_border_width__hover_enabled=&#8220;off&#8220; button_two_border_width__hover_enabled=&#8220;off&#8220; button_one_border_color__hover_enabled=&#8220;off&#8220; button_two_border_color__hover_enabled=&#8220;off&#8220; button_one_border_radius__hover_enabled=&#8220;off&#8220; button_two_border_radius__hover_enabled=&#8220;off&#8220; button_one_letter_spacing__hover_enabled=&#8220;off&#8220; button_two_letter_spacing__hover_enabled=&#8220;off&#8220; button_one_bg_color__hover_enabled=&#8220;off&#8220; button_two_bg_color__hover_enabled=&#8220;off&#8220;][\/et_pb_fullwidth_header][\/et_pb_section][et_pb_section fb_built=&#8220;1&#8243; _builder_version=&#8220;4.15&#8243; global_colors_info=&#8220;{}&#8220;][et_pb_row column_structure=&#8220;1_2,1_2&#8243; admin_label=&#8220;row&#8220; _builder_version=&#8220;4.15&#8243; background_size=&#8220;initial&#8220; background_position=&#8220;top_left&#8220; background_repeat=&#8220;repeat&#8220; animation_style=&#8220;zoom&#8220; global_colors_info=&#8220;{}&#8220;][et_pb_column type=&#8220;1_2&#8243; _builder_version=&#8220;4.15&#8243; custom_padding=&#8220;|||&#8220; global_colors_info=&#8220;{}&#8220; custom_padding__hover=&#8220;|||&#8220;][et_pb_image src=&#8220;https:\/\/www.wertholz.com\/wp-content\/uploads\/2018\/09\/tractor2_1545x854.jpg&#8220; align_tablet=&#8220;center&#8220; align_phone=&#8220;&#8220; align_last_edited=&#8220;on|desktop&#8220; admin_label=&#8220;Image&#8220; _builder_version=&#8220;4.15&#8243; animation_style=&#8220;zoom&#8220; global_colors_info=&#8220;{}&#8220;][\/et_pb_image][et_pb_text _builder_version=&#8220;4.15&#8243; background_size=&#8220;initial&#8220; background_position=&#8220;top_left&#8220; background_repeat=&#8220;repeat&#8220; text_orientation=&#8220;justified&#8220; module_alignment=&#8220;left&#8220; use_border_color=&#8220;off&#8220; global_colors_info=&#8220;{}&#8220;]Nakoniec e\u0161te nieko\u013eko zauj\u00edmav\u00fdch \u010d\u00edsel: v pr\u00edpade spolo\u010dnosti WH DANUBIUS je priemern\u00fd hekt\u00e1rov\u00fd v\u00fdnos u p\u0161enice ozimnej 7,5 tony, u repky 4,2 tony, s\u00f3jov\u00e9 b\u00f4by 3,5 a ra\u017e na pieskov\u00fdch p\u00f4dach 5,6 tony. Celoro\u010dne pracuje na 1000 hekt\u00e1roch ornej p\u00f4dy 1,5 zamestnanca, \u010do zodpoved\u00e1 produkcii 4000 ton na 1,5 zamestnanca. Na 65 hekt\u00e1roch sa v priemere spotrebuje 65 litrov nafty. Rozhoduj\u00faca je popri efektivite aj spr\u00e1vna motiv\u00e1cia, ktor\u00e1 prin\u00e1\u0161a zodpovedaj\u00face v\u00fdsledky.<br \/>\n[\/et_pb_text][\/et_pb_column][et_pb_column type=&#8220;1_2&#8243; _builder_version=&#8220;4.15&#8243; custom_padding=&#8220;|||&#8220; global_colors_info=&#8220;{}&#8220; custom_padding__hover=&#8220;|||&#8220;][et_pb_image src=&#8220;https:\/\/www.wertholz.com\/wp-content\/uploads\/2014\/03\/landwirtschaft3.jpg&#8220; align_tablet=&#8220;center&#8220; align_phone=&#8220;&#8220; align_last_edited=&#8220;on|desktop&#8220; admin_label=&#8220;Image&#8220; _builder_version=&#8220;4.15&#8243; animation_style=&#8220;zoom&#8220; global_colors_info=&#8220;{}&#8220;][\/et_pb_image][et_pb_text _builder_version=&#8220;4.15&#8243; background_size=&#8220;initial&#8220; background_position=&#8220;top_left&#8220; background_repeat=&#8220;repeat&#8220; text_orientation=&#8220;justified&#8220; module_alignment=&#8220;left&#8220; use_border_color=&#8220;off&#8220; global_colors_info=&#8220;{}&#8220;]Firma WH DANUBIUS, s.r.o. sa o svoju cel\u00fa agr\u00e1rnu \u00fa\u017eitkov\u00fa plochu star\u00e1 s pomocou \u0161tyroch \u013eud\u00ed \u2013 z\u013eava Otto Szab\u00f3, ktor\u00fd zodpoved\u00e1 za pr\u00edpravu p\u00f4dy a sejbu. \u010ealej Norbert Fazekas, ktor\u00fd pracuje s po\u013en\u00fdm postrekova\u010dom a m\u00f4\u017ee obsluhova\u0165 v\u0161etky stroje na ornej p\u00f4de; mana\u017e\u00e9r Ing. Maximilian Wagner a Jozef Kiss, ktor\u00fd sa zaober\u00e1 pr\u00edpravou p\u00f4dy. Otto Szab\u00f3 a Jozef Kiss pracuj\u00fa po\u010das sez\u00f3ny pod\u013ea potreby na ornej p\u00f4de, inak s\u00fa v lese.<br \/>\n[\/et_pb_text][\/et_pb_column][\/et_pb_row][\/et_pb_section]<\/p>\n","protected":false},"excerpt":{"rendered":"<p>WH DANUBIUS &#8211; po\u013enohospod\u00e1rstva na Slovensku Slovensk\u00e1 dc\u00e9rska firma skupiny WERTHOLZ, WH DANUBIUS, s.r.o. so s\u00eddlom v Kl\u00e1\u0161tore pod Znievom sa na Slovensku star\u00e1 o pribli\u017ene 1 300 ha po\u013enohospod\u00e1rskych pl\u00f4ch. Od roku 2006 plochy obr\u00e1baj\u00fa s\u00fakromn\u00ed vlastn\u00edci a v tomto \u010dase sa aj podarilo zabezpe\u010di\u0165 v\u00fdkonn\u00fa techniku na spracovanie p\u00f4dy a sejbu. Firma WH [&hellip;]<\/p>\n","protected":false},"author":1,"featured_media":0,"parent":0,"menu_order":0,"comment_status":"open","ping_status":"open","template":"","meta":{"_et_pb_use_builder":"on","_et_pb_old_content":"","_et_gb_content_width":"","footnotes":""},"class_list":["post-2450","page","type-page","status-publish","hentry"],"_links":{"self":[{"href":"https:\/\/www.wertholz.com\/sk\/wp-json\/wp\/v2\/pages\/2450","targetHints":{"allow":["GET"]}}],"collection":[{"href":"https:\/\/www.wertholz.com\/sk\/wp-json\/wp\/v2\/pages"}],"about":[{"href":"https:\/\/www.wertholz.com\/sk\/wp-json\/wp\/v2\/types\/page"}],"author":[{"embeddable":true,"href":"https:\/\/www.wertholz.com\/sk\/wp-json\/wp\/v2\/users\/1"}],"replies":[{"embeddable":true,"href":"https:\/\/www.wertholz.com\/sk\/wp-json\/wp\/v2\/comments?post=2450"}],"version-history":[{"count":8,"href":"https:\/\/www.wertholz.com\/sk\/wp-json\/wp\/v2\/pages\/2450\/revisions"}],"predecessor-version":[{"id":3193,"href":"https:\/\/www.wertholz.com\/sk\/wp-json\/wp\/v2\/pages\/2450\/revisions\/3193"}],"wp:attachment":[{"href":"https:\/\/www.wertholz.com\/sk\/wp-json\/wp\/v2\/media?parent=2450"}],"curies":[{"name":"wp","href":"https:\/\/api.w.org\/{rel}","templated":true}]}}