{"id":2453,"date":"2018-09-28T19:08:28","date_gmt":"2018-09-28T18:08:28","guid":{"rendered":"https:\/\/www.wertholz.com\/polovacka\/"},"modified":"2021-08-10T15:39:07","modified_gmt":"2021-08-10T14:39:07","slug":"polovacka","status":"publish","type":"page","link":"https:\/\/www.wertholz.com\/sk\/polovacka\/","title":{"rendered":"Po\u013eova\u010dka"},"content":{"rendered":"<p>[et_pb_section fb_built=&#8220;1&#8243; fullwidth=&#8220;on&#8220; _builder_version=&#8220;3.22&#8243;][et_pb_fullwidth_header title=&#8220;Po\u013eova\u010dka&#8220; subhead=&#8220;Zauj\u00edmav\u00e9 po\u013eova\u010dky pre v\u00e1\u0161niv\u00fdch po\u013eovn\u00edkov&#8220; text_orientation=&#8220;center&#8220; background_overlay_color=&#8220;rgba(0,0,0,0.2)&#8220; _builder_version=&#8220;4.9.10&#8243; title_font_size=&#8220;48px&#8220; title_line_height=&#8220;1.3em&#8220; subhead_font_size=&#8220;24px&#8220; subhead_line_height=&#8220;1.3em&#8220; background_image=&#8220;https:\/\/www.wertholz.com\/wp-content\/uploads\/2018\/09\/hunting_1600x933.jpg&#8220; custom_padding=&#8220;150px||150px|&#8220; hover_enabled=&#8220;0&#8243; title_font_size_tablet=&#8220;30px&#8220; title_font_size_phone=&#8220;&#8220; title_font_size_last_edited=&#8220;on|phone&#8220; content_font_size_last_edited=&#8220;off|phone&#8220; subhead_font_size_tablet=&#8220;18px&#8220; subhead_font_size_phone=&#8220;&#8220; subhead_font_size_last_edited=&#8220;on|tablet&#8220; button_one_text_size__hover_enabled=&#8220;off&#8220; button_two_text_size__hover_enabled=&#8220;off&#8220; button_one_text_color__hover_enabled=&#8220;off&#8220; button_two_text_color__hover_enabled=&#8220;off&#8220; button_one_border_width__hover_enabled=&#8220;off&#8220; button_two_border_width__hover_enabled=&#8220;off&#8220; button_one_border_color__hover_enabled=&#8220;off&#8220; button_two_border_color__hover_enabled=&#8220;off&#8220; button_one_border_radius__hover_enabled=&#8220;off&#8220; button_two_border_radius__hover_enabled=&#8220;off&#8220; button_one_letter_spacing__hover_enabled=&#8220;off&#8220; button_two_letter_spacing__hover_enabled=&#8220;off&#8220; button_one_bg_color__hover_enabled=&#8220;off&#8220; button_two_bg_color__hover_enabled=&#8220;off&#8220; animation_style=&#8220;zoom&#8220; sticky_enabled=&#8220;0&#8243;][\/et_pb_fullwidth_header][\/et_pb_section][et_pb_section fb_built=&#8220;1&#8243; admin_label=&#8220;section&#8220; _builder_version=&#8220;3.22&#8243;][et_pb_row admin_label=&#8220;row&#8220; _builder_version=&#8220;4.9.10&#8243; background_size=&#8220;initial&#8220; background_position=&#8220;top_left&#8220; background_repeat=&#8220;repeat&#8220; hover_enabled=&#8220;0&#8243; column_structure=&#8220;1_2,1_2&#8243; animation_style=&#8220;zoom&#8220; sticky_enabled=&#8220;0&#8243;][et_pb_column type=&#8220;1_2&#8243; _builder_version=&#8220;3.25&#8243; custom_padding=&#8220;|||&#8220; custom_padding__hover=&#8220;|||&#8220;][et_pb_text _builder_version=&#8220;3.27.4&#8243; background_size=&#8220;initial&#8220; background_position=&#8220;top_left&#8220; background_repeat=&#8220;repeat&#8220; module_alignment=&#8220;left&#8220; use_border_color=&#8220;off&#8220; border_color=&#8220;#ffffff&#8220; border_style=&#8220;solid&#8220;]<\/p>\n<h2>Pokyny lovu spolo\u010dnosti WERTHOLZ<\/h2>\n<p>[\/et_pb_text][et_pb_text _builder_version=&#8220;3.27.4&#8243; background_size=&#8220;initial&#8220; background_position=&#8220;top_left&#8220; background_repeat=&#8220;repeat&#8220; text_orientation=&#8220;justified&#8220; module_alignment=&#8220;justified&#8220; use_border_color=&#8220;off&#8220; border_color=&#8220;#ffffff&#8220; border_style=&#8220;solid&#8220;]Pre po\u013enohospod\u00e1rsko-lesn\u00edcky podnik WERTHOLZ Gruppe je prvorad\u00e9 trval\u00e9 udr\u017eiavanie a \u0161etrn\u00e9 zaobch\u00e1dzanie s pr\u00edrodou. V s\u00favislosti s t\u00fdm, pova\u017eujeme za na\u0161u zodpovednos\u0165 aj starostlivos\u0165 a ochranu vo\u013ene \u017eij\u00facej popul\u00e1cie. Preto na\u0161a spolo\u010dnos\u0165 organizuje aj po\u013eova\u010dky v s\u00falade s t\u00fdmito pokynmi.<\/p>\n<p>Na v\u00fdchodnom Slovensku, medzi dedinou Leles a mestom Kr\u00e1\u013eovsk\u00fd Chlmec, le\u017e\u00ed po\u013eovn\u00fd rev\u00edr Norbertus. Tento rev\u00edr m\u00e1 rozlohu 2149 ha a je rozdelen\u00fd na tri oblasti a to: Er\u0151s, Po\u013eany a Fejs\u00e9\u0161. V rev\u00edri Norbertus organizujeme individu\u00e1lne po\u013eova\u010dky na srn\u010diu zver a spolo\u010dn\u00e9 po\u013eova\u010dky na ba\u017eantiu a divia\u010diu zver. Spolo\u010dn\u00e9 po\u013eova\u010dky sa organizuj\u00fa ka\u017edoro\u010dne v zimn\u00fdch mesiacoch, t.j. od novembra do janu\u00e1ra. Tradi\u010dne sa konaj\u00fa \u0161tyri po\u013eova\u010dky, ktor\u00e9 maj\u00fa vopred ur\u010den\u00e9 term\u00edny.<br \/>\n[\/et_pb_text][\/et_pb_column][et_pb_column type=&#8220;1_2&#8243; _builder_version=&#8220;3.25&#8243; custom_padding=&#8220;|||&#8220; custom_padding__hover=&#8220;|||&#8220;][et_pb_divider show_divider=&#8220;off&#8220; disabled_on=&#8220;on|on|&#8220; _builder_version=&#8220;3.13.1&#8243; height=&#8220;50px&#8220;][\/et_pb_divider][et_pb_image src=&#8220;https:\/\/www.wertholz.com\/wp-content\/uploads\/2015\/12\/jagd7.jpg&#8220; align_tablet=&#8220;center&#8220; align_last_edited=&#8220;on|desktop&#8220; admin_label=&#8220;Image&#8220; _builder_version=&#8220;4.9.10&#8243; hover_enabled=&#8220;0&#8243; animation_style=&#8220;zoom&#8220; sticky_enabled=&#8220;0&#8243;][\/et_pb_image][\/et_pb_column][\/et_pb_row][et_pb_row _builder_version=&#8220;4.9.10&#8243; background_size=&#8220;initial&#8220; background_position=&#8220;top_left&#8220; background_repeat=&#8220;repeat&#8220; hover_enabled=&#8220;0&#8243; column_structure=&#8220;1_2,1_2&#8243; animation_style=&#8220;zoom&#8220; sticky_enabled=&#8220;0&#8243;][et_pb_column type=&#8220;1_2&#8243; _builder_version=&#8220;3.25&#8243; custom_padding=&#8220;|||&#8220; custom_padding__hover=&#8220;|||&#8220;][et_pb_image src=&#8220;https:\/\/www.wertholz.com\/wp-content\/uploads\/2015\/12\/jagd17.jpg&#8220; align_tablet=&#8220;center&#8220; align_last_edited=&#8220;on|desktop&#8220; _builder_version=&#8220;4.9.10&#8243; hover_enabled=&#8220;0&#8243; animation_style=&#8220;zoom&#8220; sticky_enabled=&#8220;0&#8243;][\/et_pb_image][\/et_pb_column][et_pb_column type=&#8220;1_2&#8243; _builder_version=&#8220;3.25&#8243; custom_padding=&#8220;|||&#8220; custom_padding__hover=&#8220;|||&#8220;][et_pb_divider show_divider=&#8220;off&#8220; disabled_on=&#8220;on|on|&#8220; _builder_version=&#8220;3.13.1&#8243; height=&#8220;50px&#8220;][\/et_pb_divider][et_pb_image src=&#8220;https:\/\/www.wertholz.com\/wp-content\/uploads\/2018\/09\/wh_danubius_logo_1024x484.jpg&#8220; align=&#8220;center&#8220; align_tablet=&#8220;center&#8220; align_last_edited=&#8220;on|desktop&#8220; _builder_version=&#8220;4.9.10&#8243; max_width=&#8220;66%&#8220; module_alignment=&#8220;center&#8220; hover_enabled=&#8220;0&#8243; animation_style=&#8220;zoom&#8220; sticky_enabled=&#8220;0&#8243;][\/et_pb_image][\/et_pb_column][\/et_pb_row][et_pb_row admin_label=&#8220;row&#8220; _builder_version=&#8220;4.9.10&#8243; background_size=&#8220;initial&#8220; background_position=&#8220;top_left&#8220; background_repeat=&#8220;repeat&#8220; hover_enabled=&#8220;0&#8243; animation_style=&#8220;zoom&#8220; sticky_enabled=&#8220;0&#8243;][et_pb_column type=&#8220;4_4&#8243; _builder_version=&#8220;3.25&#8243; custom_padding=&#8220;|||&#8220; custom_padding__hover=&#8220;|||&#8220;][et_pb_testimonial author=&#8220;Ing. Maximilian Wagner&#8220; job_title=&#8220;Z\u00e1stupca obhospodarovate\u013ea rev\u00edru&#8220; portrait_url=&#8220;https:\/\/www.wertholz.com\/wp-content\/uploads\/2014\/02\/maximilianwagner.jpg&#8220; _builder_version=&#8220;4.9.10&#8243; background_size=&#8220;initial&#8220; background_position=&#8220;top_left&#8220; background_repeat=&#8220;repeat&#8220; text_orientation=&#8220;justified&#8220; hover_enabled=&#8220;0&#8243; sticky_enabled=&#8220;0&#8243;]<\/p>\n<h3>Organiz\u00e1cia spolo\u010dnej po\u013eova\u010dky v po\u013eovnom rev\u00edri Norbertus<\/h3>\n<p>Po\u013eova\u010dky sa organizuj\u00fa pomocou n\u00e1\u0161ho t\u00edmu. Na\u0161im hos\u0165om chceme pon\u00faknu\u0165 kr\u00e1sny loveck\u00fd z\u00e1\u017eitok a kr\u00e1sny spolo\u010dne str\u00e1ven\u00fd \u010das, ale tie\u017e ve\u013ek\u00fd v\u00fdznam sa priklad\u00e1 na bezpe\u010dnos\u0165. Priebeh po\u013eova\u010dky je vopred pl\u00e1novan\u00fd, samozrejme na z\u00e1klade slovensk\u00e9ho z\u00e1kona o po\u013eovn\u00edctve. Z\u00e1kon ustanovuje po\u010det po\u013eovne upotrebite\u013en\u00fdch psov v z\u00e1vislosti od po\u010dtu strelcov. Stretnutie \u00fa\u010dastn\u00edkov sa kon\u00e1 v skor\u00fdch rann\u00fdch hodin\u00e1ch v lesnej \u010dasti Er\u0151s. Pred za\u010diatkom po\u013eova\u010dky sa \u00fa\u010dastn\u00edci posilnia pri ra\u0148ajk\u00e1ch a tepl\u00fdch n\u00e1pojoch.<\/p>\n<p>Prv\u00fdm krokom je registr\u00e1cia \u00fa\u010dastn\u00edkov po\u013eova\u010dky, pri ktorom sa kontroluj\u00fa a eviduj\u00fa po\u013eovn\u00e9 l\u00edstky a zbrojn\u00e9 preukazy. Plat\u00ed to aj pre v\u0161etk\u00fdch psov a psovodov. Nesk\u00f4r \u00fa\u010dastn\u00edci po\u013eova\u010dky nast\u00fapia k otv\u00e1raciemu ceremoni\u00e1lu. V jednom rade stoja po\u013eovn\u00edci, oproti honci. Lesni\u010diari po\u013eovn\u00edckym sign\u00e1lom sl\u00e1vnostne otvoria po\u013eova\u010dku. Ved\u00faci po\u013eova\u010dky priv\u00edta \u00fa\u010dastn\u00edkov, po\u013eovn\u00edcky hospod\u00e1r ich obozn\u00e1mi so sp\u00f4sobom a priebehom po\u013eova\u010dky i bezpe\u010dnostn\u00fdmi pokynmi. Ka\u017ed\u00fd psovod a honec mus\u00ed ma\u0165 po\u010das pohonu oble\u010den\u00fa reflexn\u00fa vestu a strelci musia ma\u0165 na sebe reflexn\u00e9 prvky. Tie\u017e ka\u017ed\u00fd pes mus\u00ed ma\u0165 reflexn\u00fd obojok.<\/p>\n<p>Ak sa po\u013eova\u010dky z\u00fa\u010dastn\u00ed ve\u013ea strelcov, stanovi\u0161tia bud\u00fa vylosovan\u00e9. N\u00e1sledne ved\u00faci po\u013eova\u010dky rozdel\u00ed strelcov na stanovi\u0161tia, ktor\u00e9 s\u00fa \u010d\u00edslami ozna\u010den\u00e9. Po zaznen\u00ed sign\u00e1lu sa za\u010d\u00edna hon. Honci spolu s psami za\u010dn\u00fa tla\u010di\u0165 zver k strelcom, d\u00f4le\u017eit\u00e9 je aby psy spolupracovali so svojimi psovodmi.<\/p>\n<p>Po skon\u010den\u00ed po\u013eova\u010dky sa v\u0161etci dostavia na v\u00fdrad a zoradia sa k z\u00e1vere\u010dn\u00e9mu ceremoni\u00e1lu. Zaznie sign\u00e1l \u201eV\u00fdrad\u201c. Ved\u00faci po\u013eova\u010dky hl\u00e1si v\u00fdsledok lovu po\u013eovn\u00e9mu hospod\u00e1rovi, ten sa po\u010fakuje pr\u00edtomn\u00fdm za \u00fa\u010das\u0165 a n\u00e1mahu. Na z\u00e1ver po\u013eova\u010dky vyjadria lesni\u010diari sign\u00e1lom \u201eLovu zdar!\u201c po\u013eovn\u00edcku poctu ulovenej zveri a v\u010faku po\u013eovn\u00edkom a honcom, ktor\u00ed sa z\u00fa\u010dastnili po\u013eova\u010dky.<\/p>\n<p>V poslednom pohone sa po\u013eovn\u00edci stret\u00e1vaj\u00fa v ne\u010falekej re\u0161taur\u00e1cii, ktor\u00e1 je vybudovan\u00e1 v pivnici zr\u00facaniny hradu Csonkav\u00e1r zo 16. storo\u010dia. Taktie\u017e je u n\u00e1s zvykom pripravi\u0165 chutn\u00e9 pohostenie v\u00e4\u010d\u0161inou z diviny.<br \/>\n[\/et_pb_testimonial][\/et_pb_column][\/et_pb_row][\/et_pb_section]<\/p>\n","protected":false},"excerpt":{"rendered":"<p>Pokyny lovu spolo\u010dnosti WERTHOLZ Pre po\u013enohospod\u00e1rsko-lesn\u00edcky podnik WERTHOLZ Gruppe je prvorad\u00e9 trval\u00e9 udr\u017eiavanie a \u0161etrn\u00e9 zaobch\u00e1dzanie s pr\u00edrodou. V s\u00favislosti s t\u00fdm, pova\u017eujeme za na\u0161u zodpovednos\u0165 aj starostlivos\u0165 a ochranu vo\u013ene \u017eij\u00facej popul\u00e1cie. Preto na\u0161a spolo\u010dnos\u0165 organizuje aj po\u013eova\u010dky v s\u00falade s t\u00fdmito pokynmi. Na v\u00fdchodnom Slovensku, medzi dedinou Leles a mestom Kr\u00e1\u013eovsk\u00fd Chlmec, le\u017e\u00ed [&hellip;]<\/p>\n","protected":false},"author":1,"featured_media":0,"parent":0,"menu_order":0,"comment_status":"closed","ping_status":"closed","template":"","meta":{"_et_pb_use_builder":"on","_et_pb_old_content":"","_et_gb_content_width":"","footnotes":""},"class_list":["post-2453","page","type-page","status-publish","hentry"],"_links":{"self":[{"href":"https:\/\/www.wertholz.com\/sk\/wp-json\/wp\/v2\/pages\/2453","targetHints":{"allow":["GET"]}}],"collection":[{"href":"https:\/\/www.wertholz.com\/sk\/wp-json\/wp\/v2\/pages"}],"about":[{"href":"https:\/\/www.wertholz.com\/sk\/wp-json\/wp\/v2\/types\/page"}],"author":[{"embeddable":true,"href":"https:\/\/www.wertholz.com\/sk\/wp-json\/wp\/v2\/users\/1"}],"replies":[{"embeddable":true,"href":"https:\/\/www.wertholz.com\/sk\/wp-json\/wp\/v2\/comments?post=2453"}],"version-history":[{"count":2,"href":"https:\/\/www.wertholz.com\/sk\/wp-json\/wp\/v2\/pages\/2453\/revisions"}],"predecessor-version":[{"id":2959,"href":"https:\/\/www.wertholz.com\/sk\/wp-json\/wp\/v2\/pages\/2453\/revisions\/2959"}],"wp:attachment":[{"href":"https:\/\/www.wertholz.com\/sk\/wp-json\/wp\/v2\/media?parent=2453"}],"curies":[{"name":"wp","href":"https:\/\/api.w.org\/{rel}","templated":true}]}}