{"id":2474,"date":"2018-09-28T19:21:23","date_gmt":"2018-09-28T18:21:23","guid":{"rendered":"https:\/\/www.wertholz.com\/spolocnost\/"},"modified":"2023-12-19T16:56:55","modified_gmt":"2023-12-19T15:56:55","slug":"spolocnost","status":"publish","type":"page","link":"https:\/\/www.wertholz.com\/sk\/spolocnost\/","title":{"rendered":"Spolo\u010dnos\u0165"},"content":{"rendered":"<p>[et_pb_section fb_built=&#8220;1&#8243; fullwidth=&#8220;on&#8220; _builder_version=&#8220;4.16&#8243; global_colors_info=&#8220;{}&#8220;][et_pb_fullwidth_header title=&#8220;Spolo\u010dnos\u0165&#8220; subhead=&#8220;Skupina WERTHOLZ&#8220; text_orientation=&#8220;center&#8220; background_overlay_color=&#8220;rgba(0,0,0,0.2)&#8220; _builder_version=&#8220;4.16&#8243; title_font_size=&#8220;48px&#8220; title_line_height=&#8220;1.3em&#8220; subhead_font_size=&#8220;24px&#8220; subhead_line_height=&#8220;1.3em&#8220; background_image=&#8220;https:\/\/www.wertholz.com\/wp-content\/uploads\/2018\/09\/forest_ground_1600x1067.jpg&#8220; custom_padding=&#8220;150px||150px|&#8220; animation_style=&#8220;zoom&#8220; title_font_size_tablet=&#8220;30px&#8220; title_font_size_phone=&#8220;&#8220; title_font_size_last_edited=&#8220;on|phone&#8220; content_font_size_last_edited=&#8220;off|phone&#8220; subhead_font_size_tablet=&#8220;18px&#8220; subhead_font_size_phone=&#8220;&#8220; subhead_font_size_last_edited=&#8220;on|tablet&#8220; global_colors_info=&#8220;{}&#8220; button_one_text_size__hover_enabled=&#8220;off&#8220; button_two_text_size__hover_enabled=&#8220;off&#8220; button_one_text_color__hover_enabled=&#8220;off&#8220; button_two_text_color__hover_enabled=&#8220;off&#8220; button_one_border_width__hover_enabled=&#8220;off&#8220; button_two_border_width__hover_enabled=&#8220;off&#8220; button_one_border_color__hover_enabled=&#8220;off&#8220; button_two_border_color__hover_enabled=&#8220;off&#8220; button_one_border_radius__hover_enabled=&#8220;off&#8220; button_two_border_radius__hover_enabled=&#8220;off&#8220; button_one_letter_spacing__hover_enabled=&#8220;off&#8220; button_two_letter_spacing__hover_enabled=&#8220;off&#8220; button_one_bg_color__hover_enabled=&#8220;off&#8220; button_two_bg_color__hover_enabled=&#8220;off&#8220;][\/et_pb_fullwidth_header][\/et_pb_section][et_pb_section fb_built=&#8220;1&#8243; admin_label=&#8220;section&#8220; _builder_version=&#8220;4.16&#8243; global_colors_info=&#8220;{}&#8220;][et_pb_row column_structure=&#8220;1_2,1_2&#8243; admin_label=&#8220;row&#8220; _builder_version=&#8220;4.16&#8243; background_size=&#8220;initial&#8220; background_position=&#8220;top_left&#8220; background_repeat=&#8220;repeat&#8220; animation_style=&#8220;zoom&#8220; global_colors_info=&#8220;{}&#8220;][et_pb_column type=&#8220;1_2&#8243; _builder_version=&#8220;4.16&#8243; custom_padding=&#8220;|||&#8220; global_colors_info=&#8220;{}&#8220; custom_padding__hover=&#8220;|||&#8220;][et_pb_text _builder_version=&#8220;4.23.1&#8243; background_size=&#8220;initial&#8220; background_position=&#8220;top_left&#8220; background_repeat=&#8220;repeat&#8220; text_orientation=&#8220;justified&#8220; module_alignment=&#8220;justified&#8220; hover_enabled=&#8220;0&#8243; use_border_color=&#8220;off&#8220; border_color=&#8220;#ffffff&#8220; border_style=&#8220;solid&#8220; global_colors_info=&#8220;{}&#8220; sticky_enabled=&#8220;0&#8243;]<\/p>\n<h2>Skupina WERTHOLZ<\/h2>\n<p>Skupina WERTHOLZ je koncernov\u00e1 spolo\u010dnos\u0165 s medzin\u00e1rodn\u00fdm zast\u00fapen\u00edm. Vlastn\u00ed ju rodina Welz. Ku koncernu patr\u00ed WERTHOLZ Holding GmbH ako vlastn\u00edk so svojimi dc\u00e9rskymi spolo\u010dnos\u0165ami WERTHOLZ \u00d6sterreich Holzhandels GmbH, WH Danubius s.r.o. a WERTHOLZ Deutschland GmbH.<\/p>\n<p>Skupina WERTHOLZ za\u010dala so svojou \u010dinnos\u0165ou v roku 1989, kedy Werner Welz zalo\u017eil dne\u0161n\u00fa WERTHOLZ \u00d6sterreich Holzhandels GmbH. V\u010faka jeho dlhoro\u010dn\u00fdm sk\u00fasenostiam a kontaktom na trhu bola spolo\u010dnos\u0165 od svojich po\u010diatkov \u010dinn\u00e1 po celej Eur\u00f3pe. Dnes spolo\u010dnos\u0165 vedie Werner Welz spolo\u010dne so svoj\u00edm synom, Michaelom Welzom.<\/p>\n<p>Hlavnou \u010dinnos\u0165ou skupiny WERTHOLZ je dnes obchod s gu\u013eatinou, a tie\u017e n\u00e1kup na obhospodarovanie lesn\u00fdch podnikov a po\u013enohospod\u00e1rstiev. Skupina zamestn\u00e1va aktu\u00e1lne okolo 20 pracovn\u00edkov a jej ro\u010dn\u00fd obrat \u010din\u00ed pribli\u017ene 10 mili\u00f3nov Eur.<\/p>\n<p>&nbsp;<br \/>\n[\/et_pb_text][\/et_pb_column][et_pb_column type=&#8220;1_2&#8243; _builder_version=&#8220;4.16&#8243; custom_padding=&#8220;|||&#8220; global_colors_info=&#8220;{}&#8220; custom_padding__hover=&#8220;|||&#8220;][et_pb_divider show_divider=&#8220;off&#8220; disabled_on=&#8220;on|on|&#8220; _builder_version=&#8220;4.16&#8243; height=&#8220;50px&#8220; global_colors_info=&#8220;{}&#8220;][\/et_pb_divider][et_pb_toggle title=&#8220;WERTHOLZ Holding GmbH&#8220; admin_label=&#8220;Toggle&#8220; _builder_version=&#8220;4.16&#8243; background_size=&#8220;initial&#8220; background_position=&#8220;top_left&#8220; background_repeat=&#8220;repeat&#8220; global_colors_info=&#8220;{}&#8220;]Kreuzweg 15<br \/>\n9300 St. Veit an der Glan<br \/>\n\u00d6sterreich<\/p>\n<p><strong>B\u00fcro <\/strong><br \/>\nK\u00e4rntner Stra\u00dfe 13<br \/>\n9586 F\u00fcrnitz<br \/>\n\u00d6sterreich<\/p>\n<p><strong>E-Mail:<\/strong> <a title=\"office@wertholz.com\" href=\"mailto:office@wertholz.com\">office@wertholz.com<\/a><br \/>\n<strong>Telefon:<\/strong> +43 4257 4530<br \/>\n<a title=\"www.wertholz.com\" href=\"http:\/\/www.wertholz.com\">www.wertholz.com<\/a><\/p>\n<p><strong>Gesch\u00e4ftsf\u00fchrer:<\/strong> Werner Welz, Michael Welz<br \/>\n<strong>Firmenbuch Nummer:<\/strong> FN 177924 d<br \/>\n<strong>Firmenbuchgericht:<\/strong> Landesgericht Klagenfurt<br \/>\n<strong>UID:<\/strong> ATU60722436[\/et_pb_toggle][et_pb_toggle title=&#8220;WERTHOLZ \u00d6sterreich Holzhandels GmbH&#8220; admin_label=&#8220;Toggle&#8220; _builder_version=&#8220;4.16&#8243; background_size=&#8220;initial&#8220; background_position=&#8220;top_left&#8220; background_repeat=&#8220;repeat&#8220; global_colors_info=&#8220;{}&#8220;]Kreuzweg 15<br \/>\n9300 St. Veit an der Glan<br \/>\n\u00d6sterreich<\/p>\n<p><strong>B\u00fcro <\/strong><br \/>\nK\u00e4rntner Stra\u00dfe 13<br \/>\n9586 F\u00fcrnitz<br \/>\n\u00d6sterreich<\/p>\n<p><strong>E-Mail:<\/strong> <a title=\"office@wertholz.com\" href=\"mailto:office@wertholz.com\">office@wertholz.com<\/a><br \/>\n<strong>Telefon:<\/strong> +43 4257 4530<br \/>\n<a title=\"www.wertholz.com\" href=\"http:\/\/www.wertholz.com\">www.wertholz.com<\/a><\/p>\n<p><strong>Gesch\u00e4ftsf\u00fchrer:<\/strong> Michael Welz<br \/>\n<strong>Firmenbuch Nummer:<\/strong> FN 102793 t<br \/>\n<strong>Firmenbuchgericht:<\/strong> Landesgericht Klagenfurt<br \/>\n<strong> UID:<\/strong> ATU26144008[\/et_pb_toggle][et_pb_toggle title=&#8220;WH DANUBIUS, s.r.o.&#8220; admin_label=&#8220;Toggle&#8220; _builder_version=&#8220;4.16&#8243; background_size=&#8220;initial&#8220; background_position=&#8220;top_left&#8220; background_repeat=&#8220;repeat&#8220; global_colors_info=&#8220;{}&#8220;]Gymnazi\u00e1lna 163<br \/>\n038 43 Kl\u00e1\u0161tor pod Znievom<br \/>\nSlowakei<\/p>\n<p><strong>E-Mail:<\/strong> <a title=\"office@wertholz.com\" href=\"mailto:office@wertholz.com\">office@wertholz.com<\/a><br \/>\n<strong>Telefon:<\/strong> +421 4349 33383<br \/>\n<strong>Fax:<\/strong> +421 4349 33383<br \/>\n<a title=\"www.wertholz.com\" href=\"http:\/\/www.wertholz.com\">www.wertholz.com<\/a><\/p>\n<p><strong>Gesch\u00e4ftsf\u00fchrer:<\/strong> Werner Welz, Michael Welz<br \/>\n<strong>Firmenbuch Nummer:<\/strong> 31 439 497<br \/>\n<strong>Firmenbuchgericht:<\/strong> Bezirksgericht \u017dilina<br \/>\n<strong>UID:<\/strong> SK2020414088<br \/>\n[\/et_pb_toggle][et_pb_toggle title=&#8220;WERTHOLZ Deutschland GmbH&#8220; admin_label=&#8220;Toggle&#8220; _builder_version=&#8220;4.16&#8243; background_size=&#8220;initial&#8220; background_position=&#8220;top_left&#8220; background_repeat=&#8220;repeat&#8220; global_colors_info=&#8220;{}&#8220;]Regensburger Str. 31<br \/>\n93128 Regenstauf<br \/>\nDeutschland<\/p>\n<p><strong>E-Mail:<\/strong> <a title=\"office@wertholz.com\" href=\"mailto:office@wertholz.com\">office@wertholz.com<br \/>\n<\/a><strong>Telefon:<\/strong> +43 4257 4530<br \/>\n<a title=\"www.wertholz.com\" href=\"http:\/\/www.wertholz.com\">www.wertholz.com<\/a><\/p>\n<p><strong>Gesch\u00e4ftsf\u00fchrer:<\/strong> Michael Welz<br \/>\n<strong>Firmenbuch Nummer:<\/strong> HRB 8260<br \/>\n<strong>Firmenbuchgericht:<\/strong> Amtsgericht Regensburg<br \/>\n<strong>UID:<\/strong> DE813150526[\/et_pb_toggle][\/et_pb_column][\/et_pb_row][et_pb_row column_structure=&#8220;1_2,1_2&#8243; _builder_version=&#8220;4.16&#8243; background_size=&#8220;initial&#8220; background_position=&#8220;top_left&#8220; background_repeat=&#8220;repeat&#8220; animation_style=&#8220;zoom&#8220; global_colors_info=&#8220;{}&#8220;][et_pb_column type=&#8220;1_2&#8243; _builder_version=&#8220;4.16&#8243; custom_padding=&#8220;|||&#8220; global_colors_info=&#8220;{}&#8220; custom_padding__hover=&#8220;|||&#8220;][et_pb_text _builder_version=&#8220;4.16&#8243; global_colors_info=&#8220;{}&#8220;]<\/p>\n<h1>M\u00ed\u013eniky<\/h1>\n<p>[\/et_pb_text][et_pb_text _builder_version=&#8220;4.23.1&#8243; global_colors_info=&#8220;{}&#8220;]1989 | Zalo\u017eenie spolo\u010dnosti WERTHOLZ \u00d6sterreich Holzhandels GmbH<\/p>\n<p>1993 | Zalo\u017eenie spolo\u010dnosti WH Danubius s.r.o.<\/p>\n<p>1998 | Zalo\u017eenie spolo\u010dnosti WERTHOLZ Holding GmbH<\/p>\n<p>2001 | Zalo\u017eenie spolo\u010dnosti WERTHOLZ Deutschland GmbH[\/et_pb_text][\/et_pb_column][et_pb_column type=&#8220;1_2&#8243; _builder_version=&#8220;4.16&#8243; custom_padding=&#8220;|||&#8220; global_colors_info=&#8220;{}&#8220; custom_padding__hover=&#8220;|||&#8220;][et_pb_image src=&#8220;https:\/\/www.wertholz.com\/wp-content\/uploads\/2017\/12\/favicon.jpg&#8220; align=&#8220;center&#8220; align_tablet=&#8220;center&#8220; align_phone=&#8220;&#8220; align_last_edited=&#8220;on|desktop&#8220; _builder_version=&#8220;4.16&#8243; max_width=&#8220;50%&#8220; module_alignment=&#8220;center&#8220; global_colors_info=&#8220;{}&#8220;][\/et_pb_image][\/et_pb_column][\/et_pb_row][et_pb_row column_structure=&#8220;1_2,1_2&#8243; admin_label=&#8220;row&#8220; _builder_version=&#8220;4.16&#8243; background_size=&#8220;initial&#8220; background_position=&#8220;top_left&#8220; background_repeat=&#8220;repeat&#8220; animation_style=&#8220;zoom&#8220; global_colors_info=&#8220;{}&#8220;][et_pb_column type=&#8220;1_2&#8243; _builder_version=&#8220;4.16&#8243; custom_padding=&#8220;|||&#8220; global_colors_info=&#8220;{}&#8220; custom_padding__hover=&#8220;|||&#8220;][et_pb_image src=&#8220;https:\/\/www.wertholz.com\/wp-content\/uploads\/2014\/02\/wernerwelz.jpg&#8220; align_tablet=&#8220;center&#8220; align_phone=&#8220;&#8220; align_last_edited=&#8220;on|desktop&#8220; admin_label=&#8220;Image&#8220; _builder_version=&#8220;4.16&#8243; animation=&#8220;off&#8220; global_colors_info=&#8220;{}&#8220;][\/et_pb_image][et_pb_testimonial author=&#8220;Werner Welz&#8220; _builder_version=&#8220;4.16&#8243; background_size=&#8220;initial&#8220; background_position=&#8220;top_left&#8220; background_repeat=&#8220;repeat&#8220; text_orientation=&#8220;justified&#8220; use_border_color=&#8220;off&#8220; border_color=&#8220;#ffffff&#8220; border_style=&#8220;solid&#8220; global_colors_info=&#8220;{}&#8220;]\u201cDo spolo\u010dnosti sme vlo\u017eili cel\u00e9 srdce. Hospod\u00e1renie sa d\u00e1 natrvalo udr\u017ea\u0165 v\u010faka vlastn\u00edctvu a n\u00e1stupcom v \u010fal\u0161\u00edch gener\u00e1ci\u00e1ch na\u0161ej rodiny. Za t\u00fdm si stoj\u00edme.\u201d<br \/>\n[\/et_pb_testimonial][\/et_pb_column][et_pb_column type=&#8220;1_2&#8243; _builder_version=&#8220;4.16&#8243; custom_padding=&#8220;|||&#8220; global_colors_info=&#8220;{}&#8220; custom_padding__hover=&#8220;|||&#8220;][et_pb_image src=&#8220;https:\/\/www.wertholz.com\/wp-content\/uploads\/2018\/09\/mwelz_1361x1021.jpg&#8220; align_tablet=&#8220;center&#8220; align_phone=&#8220;&#8220; align_last_edited=&#8220;on|desktop&#8220; admin_label=&#8220;Image&#8220; _builder_version=&#8220;4.16&#8243; global_colors_info=&#8220;{}&#8220;][\/et_pb_image][et_pb_testimonial author=&#8220;Michael Welz&#8220; _builder_version=&#8220;4.16&#8243; background_size=&#8220;initial&#8220; background_position=&#8220;top_left&#8220; background_repeat=&#8220;repeat&#8220; text_orientation=&#8220;justified&#8220; use_border_color=&#8220;off&#8220; border_color=&#8220;#ffffff&#8220; border_style=&#8220;solid&#8220; global_colors_info=&#8220;{}&#8220;]\u201cNa\u0161i zamestnanci vyr\u00e1baj\u00fa vysoko kvalitn\u00e9 produkty a pon\u00fakaj\u00fa profesion\u00e1lne slu\u017eby. Nosn\u00fdmi piliermi na\u0161ej firmy s\u00fa oblasti obchod s drevom, lesn\u00e9 podniky, po\u013enohospod\u00e1rstva a s t\u00fdm spojen\u00e9 oblasti po\u013eovn\u00edctvo a nehnute\u013enosti.<\/p>\n<p>Trval\u00e1 udr\u017eate\u013enos\u0165 a dobr\u00e1 odborn\u00e1 prax maj\u00fa rozhoduj\u00facu \u00falohu vo v\u0161etk\u00fdch na\u0161ich procesoch. Pritom sa pok\u00fa\u0161ame vyu\u017e\u00edva\u0165 synergie medzi jednotliv\u00fdmi oblas\u0165ami na\u0161ej firmy. Na\u0161\u00edm cie\u013eom je by\u0165 dlhodob\u00fdm a spo\u013eahliv\u00fdm partnerom pre z\u00e1kazn\u00edkov a obchodn\u00fdch partnerov.\u201d<br \/>\n[\/et_pb_testimonial][\/et_pb_column][\/et_pb_row][\/et_pb_section]<\/p>\n","protected":false},"excerpt":{"rendered":"<p>Skupina WERTHOLZ Skupina WERTHOLZ je koncernov\u00e1 spolo\u010dnos\u0165 s medzin\u00e1rodn\u00fdm zast\u00fapen\u00edm. Vlastn\u00ed ju rodina Welz. Ku koncernu patr\u00ed WERTHOLZ Holding GmbH ako vlastn\u00edk so svojimi dc\u00e9rskymi spolo\u010dnos\u0165ami WERTHOLZ \u00d6sterreich Holzhandels GmbH, WH Danubius s.r.o. a WERTHOLZ Deutschland GmbH. Skupina WERTHOLZ za\u010dala so svojou \u010dinnos\u0165ou v roku 1989, kedy Werner Welz zalo\u017eil dne\u0161n\u00fa WERTHOLZ \u00d6sterreich Holzhandels GmbH. [&hellip;]<\/p>\n","protected":false},"author":1,"featured_media":0,"parent":0,"menu_order":0,"comment_status":"open","ping_status":"open","template":"","meta":{"_et_pb_use_builder":"on","_et_pb_old_content":"","_et_gb_content_width":"","footnotes":""},"class_list":["post-2474","page","type-page","status-publish","hentry"],"_links":{"self":[{"href":"https:\/\/www.wertholz.com\/sk\/wp-json\/wp\/v2\/pages\/2474","targetHints":{"allow":["GET"]}}],"collection":[{"href":"https:\/\/www.wertholz.com\/sk\/wp-json\/wp\/v2\/pages"}],"about":[{"href":"https:\/\/www.wertholz.com\/sk\/wp-json\/wp\/v2\/types\/page"}],"author":[{"embeddable":true,"href":"https:\/\/www.wertholz.com\/sk\/wp-json\/wp\/v2\/users\/1"}],"replies":[{"embeddable":true,"href":"https:\/\/www.wertholz.com\/sk\/wp-json\/wp\/v2\/comments?post=2474"}],"version-history":[{"count":5,"href":"https:\/\/www.wertholz.com\/sk\/wp-json\/wp\/v2\/pages\/2474\/revisions"}],"predecessor-version":[{"id":3209,"href":"https:\/\/www.wertholz.com\/sk\/wp-json\/wp\/v2\/pages\/2474\/revisions\/3209"}],"wp:attachment":[{"href":"https:\/\/www.wertholz.com\/sk\/wp-json\/wp\/v2\/media?parent=2474"}],"curies":[{"name":"wp","href":"https:\/\/api.w.org\/{rel}","templated":true}]}}