{"id":2479,"date":"2018-09-30T06:12:59","date_gmt":"2018-09-30T05:12:59","guid":{"rendered":"https:\/\/www.wertholz.com\/kontakt\/"},"modified":"2023-12-19T16:57:47","modified_gmt":"2023-12-19T15:57:47","slug":"kontakt","status":"publish","type":"page","link":"https:\/\/www.wertholz.com\/sk\/kontakt\/","title":{"rendered":"Kontakt"},"content":{"rendered":"<p>[et_pb_section fb_built=&#8220;1&#8243; fullwidth=&#8220;on&#8220; admin_label=&#8220;section&#8220; module_id=&#8220;dp_fullwidth_header_bg&#8220; _builder_version=&#8220;4.16&#8243; background_color=&#8220;RGBA(0,0,0,0)&#8220; global_colors_info=&#8220;{}&#8220;][et_pb_fullwidth_map address=&#8220;St. Veit an der Glan, \u00d6sterreich&#8220; zoom_level=&#8220;6&#8243; address_lat=&#8220;48.29539552194498&#8243; address_lng=&#8220;15.174498281249953&#8243; mouse_wheel=&#8220;off&#8220; _builder_version=&#8220;4.23.1&#8243; background_color=&#8220;RGBA(0,0,0,0)&#8220; child_filter_saturate=&#8220;0%&#8220; animation_style=&#8220;zoom&#8220; hover_enabled=&#8220;0&#8243; z_index_tablet=&#8220;500&#8243; box_shadow_horizontal_tablet=&#8220;0px&#8220; box_shadow_vertical_tablet=&#8220;0px&#8220; box_shadow_blur_tablet=&#8220;40px&#8220; box_shadow_spread_tablet=&#8220;0px&#8220; global_colors_info=&#8220;{}&#8220; sticky_enabled=&#8220;0&#8243;][et_pb_map_pin title=&#8220;WERTHOLZ Holding GmbH&#8220; pin_address=&#8220;Kreuzweg 15, 9300 St. Veit an der Glan, \u00d6sterreich&#8220; pin_address_lat=&#8220;46.7668155&#8243; pin_address_lng=&#8220;14.352975799999967&#8243; _builder_version=&#8220;3.27.4&#8243; global_colors_info=&#8220;{}&#8220;][\/et_pb_map_pin][et_pb_map_pin title=&#8220;WERTHOLZ \u00d6sterreich Holzhandels GmbH&#8220; pin_address=&#8220;K\u00e4rntner Strasse 48, 9586, \u00d6sterreich&#8220; pin_address_lat=&#8220;46.564523513802705&#8243; pin_address_lng=&#8220;13.804007115621971&#8243; title_tablet=&#8220;WERTHOLZ \u00d6sterreich Holzhandels GmbH&#8220; title_phone=&#8220;WERTHOLZ \u00d6sterreich Holzhandels GmbH&#8220; _builder_version=&#8220;3.27.4&#8243; global_colors_info=&#8220;{}&#8220;][\/et_pb_map_pin][et_pb_map_pin title=&#8220;WH DANUBIUS, s.r.o.&#8220; pin_address=&#8220;Pod kl\u00e1\u0161torom 194\/6, 076 84 Leles, Slowakei&#8220; pin_address_lat=&#8220;48.46553422143891&#8243; pin_address_lng=&#8220;22.023871063476577&#8243; _builder_version=&#8220;3.27.4&#8243; global_colors_info=&#8220;{}&#8220;][\/et_pb_map_pin][et_pb_map_pin title=&#8220;WERTHOLZ Deutschland GmbH&#8220; pin_address=&#8220;Christoph-Vogel-Stra\u00dfe 4, 93128 Regenstauf, Deutschland&#8220; pin_address_lat=&#8220;49.1209278&#8243; pin_address_lng=&#8220;12.12941760000001&#8243; _builder_version=&#8220;3.27.4&#8243; global_colors_info=&#8220;{}&#8220;][\/et_pb_map_pin][\/et_pb_fullwidth_map][\/et_pb_section][et_pb_section fb_built=&#8220;1&#8243; admin_label=&#8220;section&#8220; _builder_version=&#8220;4.16&#8243; global_colors_info=&#8220;{}&#8220;][et_pb_row column_structure=&#8220;1_2,1_2&#8243; admin_label=&#8220;row&#8220; _builder_version=&#8220;4.16&#8243; background_size=&#8220;initial&#8220; background_position=&#8220;top_left&#8220; background_repeat=&#8220;repeat&#8220; global_colors_info=&#8220;{}&#8220;][et_pb_column type=&#8220;1_2&#8243; _builder_version=&#8220;4.16&#8243; custom_padding=&#8220;|||&#8220; animation_style=&#8220;zoom&#8220; global_colors_info=&#8220;{}&#8220; custom_padding__hover=&#8220;|||&#8220;][et_pb_text _builder_version=&#8220;4.16&#8243; background_size=&#8220;initial&#8220; background_position=&#8220;top_left&#8220; background_repeat=&#8220;repeat&#8220; text_orientation=&#8220;justified&#8220; use_border_color=&#8220;off&#8220; border_color=&#8220;#ffffff&#8220; border_style=&#8220;solid&#8220; global_colors_info=&#8220;{}&#8220;]<\/p>\n<h2>Kontaktn\u00fd formul\u00e1r<\/h2>\n<p>Najjednoduch\u0161ie sa s nami spoj\u00edte a n\u00e1jdete spr\u00e1vneho kontaktn\u00e9ho partnera, ak vypln\u00edte nasleduj\u00faci formul\u00e1r. Na\u0161i pracovn\u00edci sa V\u00e1m obratom ozv\u00fa a V\u00e1\u0161 dopyt posun\u00fa pr\u00edslu\u0161n\u00fdm kolegom.<\/p>\n<p>M\u00f4\u017eete vyu\u017ei\u0165 aj kontaktn\u00e9 \u00fadaje k jednotliv\u00fdm podnikom. Na\u0161i pracovn\u00edci v\u00e1m radi pom\u00f4\u017eu vynasna\u017eia sa vyrie\u0161i\u0165 V\u00e1\u0161 dopyt.<br \/>\n[\/et_pb_text][et_pb_contact_form use_spam_service=&#8220;on&#8220; recaptcha_list=&#8220;WERTHOLZ|WERTHOLZ-0&#8243; email=&#8220;office@wertholz.com&#8220; custom_message=&#8220;Nachricht von: %%Email%%||et_pb_line_break_holder||||et_pb_line_break_holder||%%Message%%&#8220; admin_label=&#8220;Contact Form&#8220; _builder_version=&#8220;4.16&#8243; _unique_id=&#8220;679ed30a-1413-4282-96a2-f56fd7c09310&#8243; global_colors_info=&#8220;{}&#8220;][et_pb_contact_field field_id=&#8220;Name&#8220; field_title=&#8220;Meno&#8220; _builder_version=&#8220;4.16&#8243; global_colors_info=&#8220;{}&#8220; button_text_size__hover_enabled=&#8220;off&#8220; button_one_text_size__hover_enabled=&#8220;off&#8220; button_two_text_size__hover_enabled=&#8220;off&#8220; button_text_color__hover_enabled=&#8220;off&#8220; button_one_text_color__hover_enabled=&#8220;off&#8220; button_two_text_color__hover_enabled=&#8220;off&#8220; button_border_width__hover_enabled=&#8220;off&#8220; button_one_border_width__hover_enabled=&#8220;off&#8220; button_two_border_width__hover_enabled=&#8220;off&#8220; button_border_color__hover_enabled=&#8220;off&#8220; button_one_border_color__hover_enabled=&#8220;off&#8220; button_two_border_color__hover_enabled=&#8220;off&#8220; button_border_radius__hover_enabled=&#8220;off&#8220; button_one_border_radius__hover_enabled=&#8220;off&#8220; button_two_border_radius__hover_enabled=&#8220;off&#8220; button_letter_spacing__hover_enabled=&#8220;off&#8220; button_one_letter_spacing__hover_enabled=&#8220;off&#8220; button_two_letter_spacing__hover_enabled=&#8220;off&#8220; button_bg_color__hover_enabled=&#8220;off&#8220; button_one_bg_color__hover_enabled=&#8220;off&#8220; button_two_bg_color__hover_enabled=&#8220;off&#8220;][\/et_pb_contact_field][et_pb_contact_field field_id=&#8220;Email&#8220; field_title=&#8220;E-mailov\u00e1 adresa&#8220; field_type=&#8220;email&#8220; _builder_version=&#8220;4.16&#8243; global_colors_info=&#8220;{}&#8220; button_text_size__hover_enabled=&#8220;off&#8220; button_one_text_size__hover_enabled=&#8220;off&#8220; button_two_text_size__hover_enabled=&#8220;off&#8220; button_text_color__hover_enabled=&#8220;off&#8220; button_one_text_color__hover_enabled=&#8220;off&#8220; button_two_text_color__hover_enabled=&#8220;off&#8220; button_border_width__hover_enabled=&#8220;off&#8220; button_one_border_width__hover_enabled=&#8220;off&#8220; button_two_border_width__hover_enabled=&#8220;off&#8220; button_border_color__hover_enabled=&#8220;off&#8220; button_one_border_color__hover_enabled=&#8220;off&#8220; button_two_border_color__hover_enabled=&#8220;off&#8220; button_border_radius__hover_enabled=&#8220;off&#8220; button_one_border_radius__hover_enabled=&#8220;off&#8220; button_two_border_radius__hover_enabled=&#8220;off&#8220; button_letter_spacing__hover_enabled=&#8220;off&#8220; button_one_letter_spacing__hover_enabled=&#8220;off&#8220; button_two_letter_spacing__hover_enabled=&#8220;off&#8220; button_bg_color__hover_enabled=&#8220;off&#8220; button_one_bg_color__hover_enabled=&#8220;off&#8220; button_two_bg_color__hover_enabled=&#8220;off&#8220;][\/et_pb_contact_field][et_pb_contact_field field_id=&#8220;Message&#8220; field_title=&#8220;E-mailov\u00e1 spr\u00e1va&#8220; field_type=&#8220;text&#8220; fullwidth_field=&#8220;on&#8220; _builder_version=&#8220;4.16&#8243; global_colors_info=&#8220;{}&#8220; button_text_size__hover_enabled=&#8220;off&#8220; button_one_text_size__hover_enabled=&#8220;off&#8220; button_two_text_size__hover_enabled=&#8220;off&#8220; button_text_color__hover_enabled=&#8220;off&#8220; button_one_text_color__hover_enabled=&#8220;off&#8220; button_two_text_color__hover_enabled=&#8220;off&#8220; button_border_width__hover_enabled=&#8220;off&#8220; button_one_border_width__hover_enabled=&#8220;off&#8220; button_two_border_width__hover_enabled=&#8220;off&#8220; button_border_color__hover_enabled=&#8220;off&#8220; button_one_border_color__hover_enabled=&#8220;off&#8220; button_two_border_color__hover_enabled=&#8220;off&#8220; button_border_radius__hover_enabled=&#8220;off&#8220; button_one_border_radius__hover_enabled=&#8220;off&#8220; button_two_border_radius__hover_enabled=&#8220;off&#8220; button_letter_spacing__hover_enabled=&#8220;off&#8220; button_one_letter_spacing__hover_enabled=&#8220;off&#8220; button_two_letter_spacing__hover_enabled=&#8220;off&#8220; button_bg_color__hover_enabled=&#8220;off&#8220; button_one_bg_color__hover_enabled=&#8220;off&#8220; button_two_bg_color__hover_enabled=&#8220;off&#8220;][\/et_pb_contact_field][\/et_pb_contact_form][\/et_pb_column][et_pb_column type=&#8220;1_2&#8243; _builder_version=&#8220;4.16&#8243; custom_padding=&#8220;|||&#8220; animation_style=&#8220;zoom&#8220; global_colors_info=&#8220;{}&#8220; custom_padding__hover=&#8220;|||&#8220;][et_pb_toggle title=&#8220;WERTHOLZ Holding GmbH&#8220; admin_label=&#8220;WERTHOLZ Holding GmbH&#8220; _builder_version=&#8220;4.16&#8243; background_size=&#8220;initial&#8220; background_position=&#8220;top_left&#8220; background_repeat=&#8220;repeat&#8220; z_index_tablet=&#8220;500&#8243; title_text_shadow_horizontal_length_tablet=&#8220;0px&#8220; title_text_shadow_vertical_length_tablet=&#8220;0px&#8220; title_text_shadow_blur_strength_tablet=&#8220;1px&#8220; closed_title_text_shadow_horizontal_length_tablet=&#8220;0px&#8220; closed_title_text_shadow_vertical_length_tablet=&#8220;0px&#8220; closed_title_text_shadow_blur_strength_tablet=&#8220;1px&#8220; body_text_shadow_horizontal_length_tablet=&#8220;0px&#8220; body_text_shadow_vertical_length_tablet=&#8220;0px&#8220; body_text_shadow_blur_strength_tablet=&#8220;1px&#8220; body_link_text_shadow_horizontal_length_tablet=&#8220;0px&#8220; body_link_text_shadow_vertical_length_tablet=&#8220;0px&#8220; body_link_text_shadow_blur_strength_tablet=&#8220;1px&#8220; body_ul_text_shadow_horizontal_length_tablet=&#8220;0px&#8220; body_ul_text_shadow_vertical_length_tablet=&#8220;0px&#8220; body_ul_text_shadow_blur_strength_tablet=&#8220;1px&#8220; body_ol_text_shadow_horizontal_length_tablet=&#8220;0px&#8220; body_ol_text_shadow_vertical_length_tablet=&#8220;0px&#8220; body_ol_text_shadow_blur_strength_tablet=&#8220;1px&#8220; body_quote_text_shadow_horizontal_length_tablet=&#8220;0px&#8220; body_quote_text_shadow_vertical_length_tablet=&#8220;0px&#8220; body_quote_text_shadow_blur_strength_tablet=&#8220;1px&#8220; box_shadow_horizontal_tablet=&#8220;0px&#8220; box_shadow_vertical_tablet=&#8220;0px&#8220; box_shadow_blur_tablet=&#8220;40px&#8220; box_shadow_spread_tablet=&#8220;0px&#8220; text_shadow_horizontal_length_tablet=&#8220;0px&#8220; text_shadow_vertical_length_tablet=&#8220;0px&#8220; text_shadow_blur_strength_tablet=&#8220;1px&#8220; global_colors_info=&#8220;{}&#8220;]Kreuzweg 15<br \/>\n9300 St. Veit an der Glan<br \/>\n\u00d6sterreich<\/p>\n<p><strong>B\u00fcro <\/strong><br \/>\nK\u00e4rntner Stra\u00dfe 13<br \/>\n9586 F\u00fcrnitz<br \/>\n\u00d6sterreich<\/p>\n<p><strong>E-Mail:<\/strong> <a title=\"office@wertholz.com\" href=\"mailto:office@wertholz.com\">office@wertholz.com<\/a><br \/>\n<strong>Telefon:<\/strong> +43 4257 4530<br \/>\n<strong><\/strong> <a title=\"www.wertholz.com\" href=\"http:\/\/www.wertholz.com\">www.wertholz.com<\/a><\/p>\n<p><strong>Gesch\u00e4ftsf\u00fchrer:<\/strong> Werner Welz, Michael Welz<br \/>\n<strong>Firmenbuch Nummer:<\/strong> FN 177924 d<br \/>\n<strong>Firmenbuchgericht:<\/strong> Landesgericht Klagenfurt<br \/>\n<strong> UID:<\/strong> ATU60722436<br \/>\n[\/et_pb_toggle][et_pb_toggle title=&#8220;WERTHOLZ \u00d6sterreich Holzhandels GmbH&#8220; admin_label=&#8220;WERTHOLZ \u00d6sterreich Holzhandels GmbH&#8220; _builder_version=&#8220;4.16&#8243; background_size=&#8220;initial&#8220; background_position=&#8220;top_left&#8220; background_repeat=&#8220;repeat&#8220; z_index_tablet=&#8220;500&#8243; title_text_shadow_horizontal_length_tablet=&#8220;0px&#8220; title_text_shadow_vertical_length_tablet=&#8220;0px&#8220; title_text_shadow_blur_strength_tablet=&#8220;1px&#8220; closed_title_text_shadow_horizontal_length_tablet=&#8220;0px&#8220; closed_title_text_shadow_vertical_length_tablet=&#8220;0px&#8220; closed_title_text_shadow_blur_strength_tablet=&#8220;1px&#8220; body_text_shadow_horizontal_length_tablet=&#8220;0px&#8220; body_text_shadow_vertical_length_tablet=&#8220;0px&#8220; body_text_shadow_blur_strength_tablet=&#8220;1px&#8220; body_link_text_shadow_horizontal_length_tablet=&#8220;0px&#8220; body_link_text_shadow_vertical_length_tablet=&#8220;0px&#8220; body_link_text_shadow_blur_strength_tablet=&#8220;1px&#8220; body_ul_text_shadow_horizontal_length_tablet=&#8220;0px&#8220; body_ul_text_shadow_vertical_length_tablet=&#8220;0px&#8220; body_ul_text_shadow_blur_strength_tablet=&#8220;1px&#8220; body_ol_text_shadow_horizontal_length_tablet=&#8220;0px&#8220; body_ol_text_shadow_vertical_length_tablet=&#8220;0px&#8220; body_ol_text_shadow_blur_strength_tablet=&#8220;1px&#8220; body_quote_text_shadow_horizontal_length_tablet=&#8220;0px&#8220; body_quote_text_shadow_vertical_length_tablet=&#8220;0px&#8220; body_quote_text_shadow_blur_strength_tablet=&#8220;1px&#8220; box_shadow_horizontal_tablet=&#8220;0px&#8220; box_shadow_vertical_tablet=&#8220;0px&#8220; box_shadow_blur_tablet=&#8220;40px&#8220; box_shadow_spread_tablet=&#8220;0px&#8220; text_shadow_horizontal_length_tablet=&#8220;0px&#8220; text_shadow_vertical_length_tablet=&#8220;0px&#8220; text_shadow_blur_strength_tablet=&#8220;1px&#8220; global_colors_info=&#8220;{}&#8220;]Kreuzweg 15<br \/>\n9300 St. Veit an der Glan<br \/>\n\u00d6sterreich<\/p>\n<p><strong>B\u00fcro <\/strong><br \/>\nK\u00e4rntner Stra\u00dfe 13<br \/>\n9586 F\u00fcrnitz<br \/>\n\u00d6sterreich<\/p>\n<p><strong>E-Mail:<\/strong> <a title=\"office@wertholz.com\" href=\"mailto:office@wertholz.com\">office@wertholz.com<\/a><br \/>\n<strong>Telefon:<\/strong> +43 4257 4530<br \/>\n<a title=\"www.wertholz.com\" href=\"http:\/\/www.wertholz.com\">www.wertholz.com<\/a><br \/>\n<strong><\/strong><\/p>\n<p><strong>Gesch\u00e4ftsf\u00fchrer:<\/strong> Michael Welz<br \/>\n<strong>Firmenbuch Nummer:<\/strong> FN 102793 t<br \/>\n<strong>Firmenbuchgericht:<\/strong> Landesgericht Klagenfurt<br \/>\n<strong> UID:<\/strong> ATU26144008<br \/>\n[\/et_pb_toggle][et_pb_toggle title=&#8220;WH DANUBIUS, s.r.o.&#8220; admin_label=&#8220;WH DANUBIUS, s.r.o.&#8220; _builder_version=&#8220;4.16&#8243; background_size=&#8220;initial&#8220; background_position=&#8220;top_left&#8220; background_repeat=&#8220;repeat&#8220; global_colors_info=&#8220;{}&#8220;]Gymnazi\u00e1lna 163<br \/>\n038 43 Kl\u00e1\u0161tor pod Znievom<br \/>\nSlowakei<\/p>\n<p><strong>E-Mail:<\/strong> <a title=\"office@wertholz.com\" href=\"mailto:office@wertholz.com\">office@wertholz.com<\/a><br \/>\n<strong>Telefon:<\/strong> +421 4349 33383<br \/>\n<strong>Fax:<\/strong> +421 4349 33383<br \/>\n<strong><\/strong> <a title=\"www.wertholz.com\" href=\"http:\/\/www.wertholz.com\">www.wertholz.com<\/a><\/p>\n<p><strong>Gesch\u00e4ftsf\u00fchrer:<\/strong> Werner Welz, Michael Welz<br \/>\n<strong>Firmenbuch Nummer:<\/strong> 31 439 497<br \/>\n<strong>Firmenbuchgericht:<\/strong> Bezirksgericht \u017dilina<br \/>\n<strong> UID:<\/strong> SK2020414088<br \/>\n[\/et_pb_toggle][et_pb_toggle title=&#8220;WERTHOLZ Deutschland GmbH&#8220; admin_label=&#8220;WERTHOLZ Deutschland GmbH&#8220; _builder_version=&#8220;4.16&#8243; background_size=&#8220;initial&#8220; background_position=&#8220;top_left&#8220; background_repeat=&#8220;repeat&#8220; global_colors_info=&#8220;{}&#8220;]Regensburger Str. 31<br \/>\n93128 Regenstauf<br \/>\nDeutschland<\/p>\n<p><strong>E-Mail:<\/strong> <a title=\"office@wertholz.com\" href=\"mailto:office@wertholz.com\">office@wertholz.com<br \/>\n<\/a><strong>Telefon:<\/strong> +43 4257 4530<br \/>\n<strong><\/strong> <a title=\"www.wertholz.com\" href=\"http:\/\/www.wertholz.com\">www.wertholz.com<\/a><\/p>\n<p><strong>Gesch\u00e4ftsf\u00fchrer:<\/strong> Michael Welz<br \/>\n<strong>Firmenbuch Nummer:<\/strong> HRB 8260<br \/>\n<strong>Firmenbuchgericht:<\/strong> Amtsgericht Regensburg<br \/>\n<strong> UID:<\/strong> DE813150526[\/et_pb_toggle][et_pb_divider show_divider=&#8220;off&#8220; _builder_version=&#8220;4.16&#8243; global_colors_info=&#8220;{}&#8220;][\/et_pb_divider][et_pb_image src=&#8220;https:\/\/www.wertholz.com\/wp-content\/uploads\/2018\/09\/trees_464x395.jpg&#8220; align=&#8220;center&#8220; align_tablet=&#8220;center&#8220; align_phone=&#8220;&#8220; align_last_edited=&#8220;on|desktop&#8220; _builder_version=&#8220;4.16&#8243; max_width=&#8220;33%&#8220; module_alignment=&#8220;center&#8220; global_colors_info=&#8220;{}&#8220;][\/et_pb_image][\/et_pb_column][\/et_pb_row][\/et_pb_section]<\/p>\n","protected":false},"excerpt":{"rendered":"<p>Kontaktn\u00fd formul\u00e1r Najjednoduch\u0161ie sa s nami spoj\u00edte a n\u00e1jdete spr\u00e1vneho kontaktn\u00e9ho partnera, ak vypln\u00edte nasleduj\u00faci formul\u00e1r. Na\u0161i pracovn\u00edci sa V\u00e1m obratom ozv\u00fa a V\u00e1\u0161 dopyt posun\u00fa pr\u00edslu\u0161n\u00fdm kolegom. M\u00f4\u017eete vyu\u017ei\u0165 aj kontaktn\u00e9 \u00fadaje k jednotliv\u00fdm podnikom. Na\u0161i pracovn\u00edci v\u00e1m radi pom\u00f4\u017eu vynasna\u017eia sa vyrie\u0161i\u0165 V\u00e1\u0161 dopyt. Kreuzweg 15 9300 St. Veit an der Glan \u00d6sterreich [&hellip;]<\/p>\n","protected":false},"author":1,"featured_media":0,"parent":0,"menu_order":0,"comment_status":"open","ping_status":"open","template":"","meta":{"_et_pb_use_builder":"on","_et_pb_old_content":"","_et_gb_content_width":"","footnotes":""},"class_list":["post-2479","page","type-page","status-publish","hentry"],"_links":{"self":[{"href":"https:\/\/www.wertholz.com\/sk\/wp-json\/wp\/v2\/pages\/2479","targetHints":{"allow":["GET"]}}],"collection":[{"href":"https:\/\/www.wertholz.com\/sk\/wp-json\/wp\/v2\/pages"}],"about":[{"href":"https:\/\/www.wertholz.com\/sk\/wp-json\/wp\/v2\/types\/page"}],"author":[{"embeddable":true,"href":"https:\/\/www.wertholz.com\/sk\/wp-json\/wp\/v2\/users\/1"}],"replies":[{"embeddable":true,"href":"https:\/\/www.wertholz.com\/sk\/wp-json\/wp\/v2\/comments?post=2479"}],"version-history":[{"count":10,"href":"https:\/\/www.wertholz.com\/sk\/wp-json\/wp\/v2\/pages\/2479\/revisions"}],"predecessor-version":[{"id":3211,"href":"https:\/\/www.wertholz.com\/sk\/wp-json\/wp\/v2\/pages\/2479\/revisions\/3211"}],"wp:attachment":[{"href":"https:\/\/www.wertholz.com\/sk\/wp-json\/wp\/v2\/media?parent=2479"}],"curies":[{"name":"wp","href":"https:\/\/api.w.org\/{rel}","templated":true}]}}