{"id":2490,"date":"2018-09-30T10:51:53","date_gmt":"2018-09-30T09:51:53","guid":{"rendered":"https:\/\/www.wertholz.com\/pravne-upozornenia\/"},"modified":"2021-08-11T06:41:10","modified_gmt":"2021-08-11T05:41:10","slug":"pravne-upozornenia","status":"publish","type":"page","link":"https:\/\/www.wertholz.com\/sk\/pravne-upozornenia\/","title":{"rendered":"Pr\u00e1vne upozornenia"},"content":{"rendered":"<p>[et_pb_section fb_built=&#8220;1&#8243; fullwidth=&#8220;on&#8220; _builder_version=&#8220;4.9.10&#8243; _module_preset=&#8220;default&#8220;][et_pb_fullwidth_header title=&#8220;Pr\u00e1vne upozornenia&#8220; subhead=&#8220;\u00a9 WERTHOLZ Holding GmbH&#8220; admin_label=&#8220;Fullwidth Header&#8220; _builder_version=&#8220;4.9.10&#8243; subhead_font_size=&#8220;20px&#8220; background_color=&#8220;#ffffff&#8220; background_layout=&#8220;light&#8220; max_width_tablet=&#8220;50px&#8220; custom_margin=&#8220;||0px|&#8220; custom_padding=&#8220;||0px|&#8220; animation_style=&#8220;zoom&#8220; button_one_text_size__hover_enabled=&#8220;off&#8220; button_two_text_size__hover_enabled=&#8220;off&#8220; button_one_text_color__hover_enabled=&#8220;off&#8220; button_two_text_color__hover_enabled=&#8220;off&#8220; button_one_border_width__hover_enabled=&#8220;off&#8220; button_two_border_width__hover_enabled=&#8220;off&#8220; button_one_border_color__hover_enabled=&#8220;off&#8220; button_two_border_color__hover_enabled=&#8220;off&#8220; button_one_border_radius__hover_enabled=&#8220;off&#8220; button_two_border_radius__hover_enabled=&#8220;off&#8220; button_one_letter_spacing__hover_enabled=&#8220;off&#8220; button_two_letter_spacing__hover_enabled=&#8220;off&#8220; button_one_bg_color__hover_enabled=&#8220;off&#8220; button_two_bg_color__hover_enabled=&#8220;off&#8220;][\/et_pb_fullwidth_header][\/et_pb_section][et_pb_section fb_built=&#8220;1&#8243; admin_label=&#8220;section&#8220; _builder_version=&#8220;3.22&#8243;][et_pb_row column_structure=&#8220;3_4,1_4&#8243; admin_label=&#8220;row&#8220; _builder_version=&#8220;4.9.10&#8243; background_size=&#8220;initial&#8220; background_position=&#8220;top_left&#8220; background_repeat=&#8220;repeat&#8220; animation_style=&#8220;zoom&#8220;][et_pb_column type=&#8220;3_4&#8243; _builder_version=&#8220;3.25&#8243; custom_padding=&#8220;|||&#8220; custom_padding__hover=&#8220;|||&#8220;][et_pb_text _builder_version=&#8220;3.27.4&#8243; background_size=&#8220;initial&#8220; background_position=&#8220;top_left&#8220; background_repeat=&#8220;repeat&#8220; text_orientation=&#8220;justified&#8220; use_border_color=&#8220;off&#8220; border_color=&#8220;#ffffff&#8220; border_style=&#8220;solid&#8220;]V\u0161etky pr\u00e1va s\u00fa vyhraden\u00e9. Rozmno\u017eovanie textov, obr\u00e1zkov a \u00fadajov na tejto internetovej str\u00e1nke vr\u00e1tane ukladania a pou\u017e\u00edvania na optick\u00fdch a\/ alebo elektronick\u00fdch d\u00e1tov\u00fdch nosi\u010doch je dovolen\u00e9 len na z\u00e1klade p\u00edsomn\u00e9ho s\u00fahlasu spolo\u010dnosti WERTHOLZ Holding GmbH, Austria.<\/p>\n<p>FIRMA WERTHOLZ A\/ALEBO JEJ DOD\u00c1VATELIA Sa NEVYJADRUJE K VHODNOSTI INFORM\u00c1CI\u00cd NA TEJTO INTERNETOVEJ STR\u00c1NKE PRE NEJAK\u00dd \u00da\u010cEL. V\u0160ETKY INFORM\u00c1CIE SA POSKYTUJ\u00da BEZ AKEJKO\u013dVEK Z\u00c1RUKY. WERTHOLZ SI VYHRADZUJE PR\u00c1VO ZMENI\u0164 UVEDEN\u00c9 TEXTY, OBR\u00c1ZKY A \u00daDAJE KEDYKO\u013dVEK BEZ PREDCH\u00c1DZAJ\u00daCEHO OZN\u00c1MENIA. V \u017dIADNOM PR\u00cdPADE NEZODPOVED\u00c1 WERTHOLZ A\/ ALEBO JEJ DOD\u00c1VATELIA ZA MIMORIADNE ALEBO NEPRIAME \u0160KODY, N\u00c1SLEDKY \u0160KODY ALEBO IN\u00c9 \u0160KODY, KTOR\u00c9 VYPL\u00ddVAJ\u00da Z V\u00ddPADKOV V POU\u017d\u00cdVAN\u00cd, STRATY \u00daDAJOV ALEBO U\u0160L\u00c9HO ZISKU \u2013 NECH BY \u0160LO O U\u0179\u00cdVANIE V ZMYSLE ZMLUVY ALEBO NEDBANLIVOS\u0164 ALEBO IN\u00c9 NEDOVOLEN\u00c9 KONANIE \u2013 A \u0160KODY, KTOR\u00c9 VZNIKLI PROSTREDN\u00cdCTVOM ALEBO V S\u00daVISLOSTI S POU\u0179\u00cdVAN\u00cdM INFORM\u00c1CI\u00cd DOSTUPN\u00ddCH NA TEJTO INTERNETOVEJ STR\u00c1NKE.<br \/>\n[\/et_pb_text][\/et_pb_column][et_pb_column type=&#8220;1_4&#8243; _builder_version=&#8220;3.25&#8243; custom_padding=&#8220;|||&#8220; custom_padding__hover=&#8220;|||&#8220;][et_pb_sidebar orientation=&#8220;right&#8220; area=&#8220;et_pb_widget_area_1&#8243; admin_label=&#8220;Sidebar&#8220; _builder_version=&#8220;3.0.74&#8243;][\/et_pb_sidebar][\/et_pb_column][\/et_pb_row][\/et_pb_section]<\/p>\n","protected":false},"excerpt":{"rendered":"<p>V\u0161etky pr\u00e1va s\u00fa vyhraden\u00e9. Rozmno\u017eovanie textov, obr\u00e1zkov a \u00fadajov na tejto internetovej str\u00e1nke vr\u00e1tane ukladania a pou\u017e\u00edvania na optick\u00fdch a\/ alebo elektronick\u00fdch d\u00e1tov\u00fdch nosi\u010doch je dovolen\u00e9 len na z\u00e1klade p\u00edsomn\u00e9ho s\u00fahlasu spolo\u010dnosti WERTHOLZ Holding GmbH, Austria. FIRMA WERTHOLZ A\/ALEBO JEJ DOD\u00c1VATELIA Sa NEVYJADRUJE K VHODNOSTI INFORM\u00c1CI\u00cd NA TEJTO INTERNETOVEJ STR\u00c1NKE PRE NEJAK\u00dd \u00da\u010cEL. V\u0160ETKY INFORM\u00c1CIE [&hellip;]<\/p>\n","protected":false},"author":1,"featured_media":0,"parent":0,"menu_order":0,"comment_status":"open","ping_status":"open","template":"","meta":{"_et_pb_use_builder":"on","_et_pb_old_content":"","_et_gb_content_width":"","footnotes":""},"class_list":["post-2490","page","type-page","status-publish","hentry"],"_links":{"self":[{"href":"https:\/\/www.wertholz.com\/sk\/wp-json\/wp\/v2\/pages\/2490","targetHints":{"allow":["GET"]}}],"collection":[{"href":"https:\/\/www.wertholz.com\/sk\/wp-json\/wp\/v2\/pages"}],"about":[{"href":"https:\/\/www.wertholz.com\/sk\/wp-json\/wp\/v2\/types\/page"}],"author":[{"embeddable":true,"href":"https:\/\/www.wertholz.com\/sk\/wp-json\/wp\/v2\/users\/1"}],"replies":[{"embeddable":true,"href":"https:\/\/www.wertholz.com\/sk\/wp-json\/wp\/v2\/comments?post=2490"}],"version-history":[{"count":6,"href":"https:\/\/www.wertholz.com\/sk\/wp-json\/wp\/v2\/pages\/2490\/revisions"}],"predecessor-version":[{"id":2995,"href":"https:\/\/www.wertholz.com\/sk\/wp-json\/wp\/v2\/pages\/2490\/revisions\/2995"}],"wp:attachment":[{"href":"https:\/\/www.wertholz.com\/sk\/wp-json\/wp\/v2\/media?parent=2490"}],"curies":[{"name":"wp","href":"https:\/\/api.w.org\/{rel}","templated":true}]}}